{"id":411936,"date":"2026-03-18T14:26:21","date_gmt":"2026-03-18T18:26:21","guid":{"rendered":"https:\/\/www.avenuedesigncanada.com\/product\/chaise-dappoint-kylo\/"},"modified":"2026-03-18T14:34:06","modified_gmt":"2026-03-18T18:34:06","slug":"chaise-dappoint-kylo","status":"publish","type":"product","link":"https:\/\/www.avenuedesigncanada.com\/fr\/product\/chaise-dappoint-kylo\/","title":{"rendered":"Chaise d&rsquo;appoint Kylo"},"content":{"rendered":"<p><em>  La chaise d&rsquo;appoint Kylo pr\u00e9sente les caract\u00e9ristiques suivantes : <em><br \/>\n Enti\u00e8rement rembourr\u00e9e<br \/>\nTissu : Canberra Ivory<br \/>\nRoulettes<br \/>\nVous avez des questions sur ce produit ? Nos designers sont l\u00e0 pour vous aider. Appelez-nous au (514) 340-9351  <\/p>\n","protected":false},"excerpt":{"rendered":"<p>La chaise Kylo Side Chair offre une r\u00e9interpr\u00e9tation audacieuse du luxe contemporain, avec une assise au capitonnage prononc\u00e9 qui cr\u00e9e une riche tapisserie de cr\u00eates profondes et un confort somptueux. Rev\u00eatu du tissu sophistiqu\u00e9 Canberra Ivory, le design de la chaise est accentu\u00e9 par trois sections verticales \u00e9l\u00e9gamment rembourr\u00e9es, chacune contribuant \u00e0 son allure visuelle. Mont\u00e9e sur des roulettes \u00e9l\u00e9gantes, elle allie une mobilit\u00e9 sans effort \u00e0 une esth\u00e9tique moderne et raffin\u00e9e.  <\/p>\n","protected":false},"featured_media":411685,"template":"","meta":{"_kad_blocks_custom_css":"","_kad_blocks_head_custom_js":"","_kad_blocks_body_custom_js":"","_kad_blocks_footer_custom_js":"","_kad_post_transparent":"","_kad_post_title":"","_kad_post_layout":"","_kad_post_sidebar_id":"","_kad_post_content_style":"","_kad_post_vertical_padding":"","_kad_post_feature":"","_kad_post_feature_position":"","_kad_post_header":false,"_kad_post_footer":false,"_kad_post_classname":""},"product_brand":[],"product_cat":[1302],"product_tag":[1513],"class_list":{"0":"post-411936","1":"product","2":"type-product","3":"status-publish","4":"has-post-thumbnail","6":"product_cat-chaises","7":"product_tag-paramount-fr","9":"first","10":"instock","11":"taxable","12":"shipping-taxable","13":"product-type-simple","14":"entry","15":"content-bg","16":"loop-entry"},"taxonomy_info":{"product_cat":[{"value":1302,"label":"Chaises"}],"product_tag":[{"value":1513,"label":"Paramount"}]},"featured_image_src_large":["https:\/\/www.avenuedesigncanada.com\/wp-content\/uploads\/2026\/03\/U352632_VM2_vm_001-1024x1024.jpg",1024,1024,true],"author_info":[],"comment_info":"","_links":{"self":[{"href":"https:\/\/www.avenuedesigncanada.com\/fr\/wp-json\/wp\/v2\/product\/411936","targetHints":{"allow":["GET"]}}],"collection":[{"href":"https:\/\/www.avenuedesigncanada.com\/fr\/wp-json\/wp\/v2\/product"}],"about":[{"href":"https:\/\/www.avenuedesigncanada.com\/fr\/wp-json\/wp\/v2\/types\/product"}],"wp:featuredmedia":[{"embeddable":true,"href":"https:\/\/www.avenuedesigncanada.com\/fr\/wp-json\/wp\/v2\/media\/411685"}],"wp:attachment":[{"href":"https:\/\/www.avenuedesigncanada.com\/fr\/wp-json\/wp\/v2\/media?parent=411936"}],"wp:term":[{"taxonomy":"product_brand","embeddable":true,"href":"https:\/\/www.avenuedesigncanada.com\/fr\/wp-json\/wp\/v2\/product_brand?post=411936"},{"taxonomy":"product_cat","embeddable":true,"href":"https:\/\/www.avenuedesigncanada.com\/fr\/wp-json\/wp\/v2\/product_cat?post=411936"},{"taxonomy":"product_tag","embeddable":true,"href":"https:\/\/www.avenuedesigncanada.com\/fr\/wp-json\/wp\/v2\/product_tag?post=411936"}],"curies":[{"name":"wp","href":"https:\/\/api.w.org\/{rel}","templated":true}]}}