{"id":411937,"date":"2026-03-18T14:26:28","date_gmt":"2026-03-18T18:26:28","guid":{"rendered":"https:\/\/www.avenuedesigncanada.com\/product\/credence-noir\/"},"modified":"2026-03-18T14:34:06","modified_gmt":"2026-03-18T18:34:06","slug":"credence-noir","status":"publish","type":"product","link":"https:\/\/www.avenuedesigncanada.com\/fr\/product\/credence-noir\/","title":{"rendered":"Cr\u00e9dence Noir"},"content":{"rendered":"<p><em>  La cr\u00e9dence Noir pr\u00e9sente les caract\u00e9ristiques suivantes : <em><br \/>\n Bo\u00eetier m\u00e9tallique avec 4 portes en bois sculpt\u00e9<br \/>\n4 tablettes r\u00e9glables<br \/>\nFinition du bo\u00eetier m\u00e9tallique : Fer frott\u00e9<br \/>\nGestion des fils<br \/>\nNiveleurs r\u00e9glables<br \/>\nVous avez des questions sur ce produit ? Nos designers sont l\u00e0 pour vous aider. Appelez-nous au (514) 340-9351  <\/p>\n","protected":false},"excerpt":{"rendered":"<p>La cr\u00e9dence Noir est une pi\u00e8ce d&rsquo;apparat, avec quatre portes en bois sculpt\u00e9es de mani\u00e8re complexe, nich\u00e9es dans un cadre m\u00e9tallique saisissant. Elle combine avec art des touches fantaisistes avec des influences du milieu du si\u00e8cle, pr\u00e9sentant une interpr\u00e9tation unique du design moderne qui ajoute du caract\u00e8re et de la sophistication \u00e0 n&rsquo;importe quel environnement. <\/p>\n","protected":false},"featured_media":411707,"template":"","meta":{"_kad_blocks_custom_css":"","_kad_blocks_head_custom_js":"","_kad_blocks_body_custom_js":"","_kad_blocks_footer_custom_js":"","_kad_post_transparent":"","_kad_post_title":"","_kad_post_layout":"","_kad_post_sidebar_id":"","_kad_post_content_style":"","_kad_post_vertical_padding":"","_kad_post_feature":"","_kad_post_feature_position":"","_kad_post_header":false,"_kad_post_footer":false,"_kad_post_classname":""},"product_brand":[],"product_cat":[1303],"product_tag":[1513],"class_list":{"0":"post-411937","1":"product","2":"type-product","3":"status-publish","4":"has-post-thumbnail","6":"product_cat-buffets","7":"product_tag-paramount-fr","9":"first","10":"instock","11":"taxable","12":"shipping-taxable","13":"product-type-simple","14":"entry","15":"content-bg","16":"loop-entry"},"taxonomy_info":{"product_cat":[{"value":1303,"label":"Buffets"}],"product_tag":[{"value":1513,"label":"Paramount"}]},"featured_image_src_large":["https:\/\/www.avenuedesigncanada.com\/wp-content\/uploads\/2026\/03\/U365779_VM-1024x1024.jpg",1024,1024,true],"author_info":[],"comment_info":"","_links":{"self":[{"href":"https:\/\/www.avenuedesigncanada.com\/fr\/wp-json\/wp\/v2\/product\/411937","targetHints":{"allow":["GET"]}}],"collection":[{"href":"https:\/\/www.avenuedesigncanada.com\/fr\/wp-json\/wp\/v2\/product"}],"about":[{"href":"https:\/\/www.avenuedesigncanada.com\/fr\/wp-json\/wp\/v2\/types\/product"}],"wp:featuredmedia":[{"embeddable":true,"href":"https:\/\/www.avenuedesigncanada.com\/fr\/wp-json\/wp\/v2\/media\/411707"}],"wp:attachment":[{"href":"https:\/\/www.avenuedesigncanada.com\/fr\/wp-json\/wp\/v2\/media?parent=411937"}],"wp:term":[{"taxonomy":"product_brand","embeddable":true,"href":"https:\/\/www.avenuedesigncanada.com\/fr\/wp-json\/wp\/v2\/product_brand?post=411937"},{"taxonomy":"product_cat","embeddable":true,"href":"https:\/\/www.avenuedesigncanada.com\/fr\/wp-json\/wp\/v2\/product_cat?post=411937"},{"taxonomy":"product_tag","embeddable":true,"href":"https:\/\/www.avenuedesigncanada.com\/fr\/wp-json\/wp\/v2\/product_tag?post=411937"}],"curies":[{"name":"wp","href":"https:\/\/api.w.org\/{rel}","templated":true}]}}