{"id":411938,"date":"2026-03-18T14:26:22","date_gmt":"2026-03-18T18:26:22","guid":{"rendered":"https:\/\/www.avenuedesigncanada.com\/product\/credence-cosmo\/"},"modified":"2026-03-18T14:34:08","modified_gmt":"2026-03-18T18:34:08","slug":"credence-cosmo","status":"publish","type":"product","link":"https:\/\/www.avenuedesigncanada.com\/fr\/product\/credence-cosmo\/","title":{"rendered":"Cr\u00e9dence Cosmo"},"content":{"rendered":"<p><em>  La cr\u00e9dence Cosmo pr\u00e9sente les caract\u00e9ristiques suivantes : <em><br \/>\n 4 portes<br \/>\n4 \u00e9tag\u00e8res r\u00e9glables<br \/>\nPyrite<br \/>\nNoir mat<br \/>\nGestion des fils<br \/>\nNiveleurs r\u00e9glables<br \/>\nVous avez des questions sur ce produit ? Nos designers sont l\u00e0 pour vous aider. Appelez-nous au (514) 340-9351  <\/p>\n","protected":false},"excerpt":{"rendered":"<p>La cr\u00e9dence Cosmo, fabriqu\u00e9e en pyrite et finie en noir mat, pr\u00e9sente une fa\u00e7ade frappante avec ses quatre portes, rappelant une mosa\u00efque sophistiqu\u00e9e. Cette pi\u00e8ce d\u00e9gage de l&rsquo;assurance gr\u00e2ce \u00e0 ses teintes audacieuses et \u00e0 sa silhouette d\u00e9finie, ce qui en fait une d\u00e9claration d&rsquo;art et d&rsquo;\u00e9l\u00e9gance dans tous les espaces qu&rsquo;elle orne. <\/p>\n","protected":false},"featured_media":411745,"template":"","meta":{"_kad_blocks_custom_css":"","_kad_blocks_head_custom_js":"","_kad_blocks_body_custom_js":"","_kad_blocks_footer_custom_js":"","_kad_post_transparent":"","_kad_post_title":"","_kad_post_layout":"","_kad_post_sidebar_id":"","_kad_post_content_style":"","_kad_post_vertical_padding":"","_kad_post_feature":"","_kad_post_feature_position":"","_kad_post_header":false,"_kad_post_footer":false,"_kad_post_classname":""},"product_brand":[],"product_cat":[1303],"product_tag":[1513],"class_list":{"0":"post-411938","1":"product","2":"type-product","3":"status-publish","4":"has-post-thumbnail","6":"product_cat-buffets","7":"product_tag-paramount-fr","9":"first","10":"instock","11":"taxable","12":"shipping-taxable","13":"product-type-simple","14":"entry","15":"content-bg","16":"loop-entry"},"taxonomy_info":{"product_cat":[{"value":1303,"label":"Buffets"}],"product_tag":[{"value":1513,"label":"Paramount"}]},"featured_image_src_large":["https:\/\/www.avenuedesigncanada.com\/wp-content\/uploads\/2026\/03\/U365966_VM-1024x1024.jpg",1024,1024,true],"author_info":[],"comment_info":"","_links":{"self":[{"href":"https:\/\/www.avenuedesigncanada.com\/fr\/wp-json\/wp\/v2\/product\/411938","targetHints":{"allow":["GET"]}}],"collection":[{"href":"https:\/\/www.avenuedesigncanada.com\/fr\/wp-json\/wp\/v2\/product"}],"about":[{"href":"https:\/\/www.avenuedesigncanada.com\/fr\/wp-json\/wp\/v2\/types\/product"}],"wp:featuredmedia":[{"embeddable":true,"href":"https:\/\/www.avenuedesigncanada.com\/fr\/wp-json\/wp\/v2\/media\/411745"}],"wp:attachment":[{"href":"https:\/\/www.avenuedesigncanada.com\/fr\/wp-json\/wp\/v2\/media?parent=411938"}],"wp:term":[{"taxonomy":"product_brand","embeddable":true,"href":"https:\/\/www.avenuedesigncanada.com\/fr\/wp-json\/wp\/v2\/product_brand?post=411938"},{"taxonomy":"product_cat","embeddable":true,"href":"https:\/\/www.avenuedesigncanada.com\/fr\/wp-json\/wp\/v2\/product_cat?post=411938"},{"taxonomy":"product_tag","embeddable":true,"href":"https:\/\/www.avenuedesigncanada.com\/fr\/wp-json\/wp\/v2\/product_tag?post=411938"}],"curies":[{"name":"wp","href":"https:\/\/api.w.org\/{rel}","templated":true}]}}