{"id":411939,"date":"2026-03-18T14:26:30","date_gmt":"2026-03-18T18:26:30","guid":{"rendered":"https:\/\/www.avenuedesigncanada.com\/product\/meuble-bar-linnea\/"},"modified":"2026-03-18T14:34:08","modified_gmt":"2026-03-18T18:34:08","slug":"meuble-bar-linnea","status":"publish","type":"product","link":"https:\/\/www.avenuedesigncanada.com\/fr\/product\/meuble-bar-linnea\/","title":{"rendered":"Meuble bar Linnea"},"content":{"rendered":"<p><em>  Le meuble bar Linnea pr\u00e9sente les caract\u00e9ristiques suivantes : <em><br \/>\n 2 portes avec charni\u00e8res en ciseaux<br \/>\nTablette en verre r\u00e9glable<br \/>\n1 tablette en bois<br \/>\n1 tablette coulissante avec dessus en pierre<br \/>\nPlateau coulissant derri\u00e8re les portes<br \/>\nBande lumineuse LED<br \/>\nPorte-verres \u00e0 vin en bois<br \/>\nFinition en ch\u00eane naturel<br \/>\nM\u00e9tal : Etain satin\u00e9 vieilli<br \/>\nKit d&#8217;embouts<br \/>\nNiveleurs r\u00e9glables<br \/>\nVous avez des questions sur ce produit ? Nos designers sont l\u00e0 pour vous aider. Appelez-nous au (514) 340-9351  <\/p>\n","protected":false},"excerpt":{"rendered":"<p>Le meuble de bar Linnea offre une nouvelle interpr\u00e9tation du design classique, avec deux portes d\u00e9voilant un large espace pour les spiritueux et la verrerie. Habill\u00e9e de ch\u00eane naturel et compl\u00e9t\u00e9e par des accents m\u00e9talliques en \u00e9tain satin\u00e9 vieilli, cette pi\u00e8ce incarne l&rsquo;\u00e9l\u00e9gance moderne. Le striage subtil du bois enrichit son caract\u00e8re, alliant la fonctionnalit\u00e9 \u00e0 un attrait esth\u00e9tique distinct.  <\/p>\n","protected":false},"featured_media":411633,"template":"","meta":{"_kad_blocks_custom_css":"","_kad_blocks_head_custom_js":"","_kad_blocks_body_custom_js":"","_kad_blocks_footer_custom_js":"","_kad_post_transparent":"","_kad_post_title":"","_kad_post_layout":"","_kad_post_sidebar_id":"","_kad_post_content_style":"","_kad_post_vertical_padding":"","_kad_post_feature":"","_kad_post_feature_position":"","_kad_post_header":false,"_kad_post_footer":false,"_kad_post_classname":""},"product_brand":[],"product_cat":[1301],"product_tag":[1513],"class_list":{"0":"post-411939","1":"product","2":"type-product","3":"status-publish","4":"has-post-thumbnail","6":"product_cat-rangement-et-dessertes-fr","7":"product_tag-paramount-fr","9":"first","10":"instock","11":"taxable","12":"shipping-taxable","13":"product-type-simple","14":"entry","15":"content-bg","16":"loop-entry"},"taxonomy_info":{"product_cat":[{"value":1301,"label":"Dessertes"}],"product_tag":[{"value":1513,"label":"Paramount"}]},"featured_image_src_large":["https:\/\/www.avenuedesigncanada.com\/wp-content\/uploads\/2026\/03\/U352E690_VM-1024x1024.jpg",1024,1024,true],"author_info":[],"comment_info":"","_links":{"self":[{"href":"https:\/\/www.avenuedesigncanada.com\/fr\/wp-json\/wp\/v2\/product\/411939","targetHints":{"allow":["GET"]}}],"collection":[{"href":"https:\/\/www.avenuedesigncanada.com\/fr\/wp-json\/wp\/v2\/product"}],"about":[{"href":"https:\/\/www.avenuedesigncanada.com\/fr\/wp-json\/wp\/v2\/types\/product"}],"wp:featuredmedia":[{"embeddable":true,"href":"https:\/\/www.avenuedesigncanada.com\/fr\/wp-json\/wp\/v2\/media\/411633"}],"wp:attachment":[{"href":"https:\/\/www.avenuedesigncanada.com\/fr\/wp-json\/wp\/v2\/media?parent=411939"}],"wp:term":[{"taxonomy":"product_brand","embeddable":true,"href":"https:\/\/www.avenuedesigncanada.com\/fr\/wp-json\/wp\/v2\/product_brand?post=411939"},{"taxonomy":"product_cat","embeddable":true,"href":"https:\/\/www.avenuedesigncanada.com\/fr\/wp-json\/wp\/v2\/product_cat?post=411939"},{"taxonomy":"product_tag","embeddable":true,"href":"https:\/\/www.avenuedesigncanada.com\/fr\/wp-json\/wp\/v2\/product_tag?post=411939"}],"curies":[{"name":"wp","href":"https:\/\/api.w.org\/{rel}","templated":true}]}}