{"id":411942,"date":"2026-03-18T14:26:33","date_gmt":"2026-03-18T18:26:33","guid":{"rendered":"https:\/\/www.avenuedesigncanada.com\/product\/table-console-moda\/"},"modified":"2026-03-18T14:34:12","modified_gmt":"2026-03-18T18:34:12","slug":"table-console-moda","status":"publish","type":"product","link":"https:\/\/www.avenuedesigncanada.com\/fr\/product\/table-console-moda\/","title":{"rendered":"Table console Moda"},"content":{"rendered":"<p><em>  La table console Moda pr\u00e9sente les caract\u00e9ristiques suivantes : <em><br \/>\n Dessus en banswara blanc<br \/>\nBase en \u00e9tain satin\u00e9 vieilli<br \/>\nFinition adoucie<br \/>\nNiveleurs r\u00e9glables<br \/>\nVous avez des questions sur ce produit ? Nos designers sont l\u00e0 pour vous aider. Appelez-nous au (514) 340-9351  <\/p>\n","protected":false},"excerpt":{"rendered":"<p>La table console Moda est \u00e0 l&rsquo;avant-garde du design moderne, associant un \u00e9l\u00e9gant plateau en Banswara blanc \u00e0 un corps en \u00e9tain satin\u00e9 vieilli. Son design se caract\u00e9rise par des courbes exag\u00e9r\u00e9es, des pieds fins et un jeu astucieux d&rsquo;espaces n\u00e9gatifs et positifs, cr\u00e9ant ainsi une pi\u00e8ce aussi attrayante visuellement qu&rsquo;\u00e9l\u00e9gamment fonctionnelle. Cette table incarne la sophistication contemporaine, parfaite pour rehausser un int\u00e9rieur avant-gardiste.  <\/p>\n","protected":false},"featured_media":411723,"template":"","meta":{"_kad_blocks_custom_css":"","_kad_blocks_head_custom_js":"","_kad_blocks_body_custom_js":"","_kad_blocks_footer_custom_js":"","_kad_post_transparent":"","_kad_post_title":"","_kad_post_layout":"","_kad_post_sidebar_id":"","_kad_post_content_style":"","_kad_post_vertical_padding":"","_kad_post_feature":"","_kad_post_feature_position":"","_kad_post_header":false,"_kad_post_footer":false,"_kad_post_classname":""},"product_brand":[],"product_cat":[1328],"product_tag":[1513],"class_list":{"0":"post-411942","1":"product","2":"type-product","3":"status-publish","4":"has-post-thumbnail","6":"product_cat-consoles","7":"product_tag-paramount-fr","9":"first","10":"instock","11":"taxable","12":"shipping-taxable","13":"product-type-simple","14":"entry","15":"content-bg","16":"loop-entry"},"taxonomy_info":{"product_cat":[{"value":1328,"label":"Consoles"}],"product_tag":[{"value":1513,"label":"Paramount"}]},"featured_image_src_large":["https:\/\/www.avenuedesigncanada.com\/wp-content\/uploads\/2026\/03\/U365823_VM-1024x1024.jpg",1024,1024,true],"author_info":[],"comment_info":"","_links":{"self":[{"href":"https:\/\/www.avenuedesigncanada.com\/fr\/wp-json\/wp\/v2\/product\/411942","targetHints":{"allow":["GET"]}}],"collection":[{"href":"https:\/\/www.avenuedesigncanada.com\/fr\/wp-json\/wp\/v2\/product"}],"about":[{"href":"https:\/\/www.avenuedesigncanada.com\/fr\/wp-json\/wp\/v2\/types\/product"}],"wp:featuredmedia":[{"embeddable":true,"href":"https:\/\/www.avenuedesigncanada.com\/fr\/wp-json\/wp\/v2\/media\/411723"}],"wp:attachment":[{"href":"https:\/\/www.avenuedesigncanada.com\/fr\/wp-json\/wp\/v2\/media?parent=411942"}],"wp:term":[{"taxonomy":"product_brand","embeddable":true,"href":"https:\/\/www.avenuedesigncanada.com\/fr\/wp-json\/wp\/v2\/product_brand?post=411942"},{"taxonomy":"product_cat","embeddable":true,"href":"https:\/\/www.avenuedesigncanada.com\/fr\/wp-json\/wp\/v2\/product_cat?post=411942"},{"taxonomy":"product_tag","embeddable":true,"href":"https:\/\/www.avenuedesigncanada.com\/fr\/wp-json\/wp\/v2\/product_tag?post=411942"}],"curies":[{"name":"wp","href":"https:\/\/api.w.org\/{rel}","templated":true}]}}