{"id":411945,"date":"2026-03-18T14:26:41","date_gmt":"2026-03-18T18:26:41","guid":{"rendered":"https:\/\/www.avenuedesigncanada.com\/product\/obi-storage-ottoman\/"},"modified":"2026-03-18T14:34:14","modified_gmt":"2026-03-18T18:34:14","slug":"obi-storage-ottoman","status":"publish","type":"product","link":"https:\/\/www.avenuedesigncanada.com\/fr\/product\/obi-storage-ottoman\/","title":{"rendered":"Obi Storage Ottoman"},"content":{"rendered":"<p><em>  Le pouf de rangement Obi pr\u00e9sente les caract\u00e9ristiques suivantes : <em><br \/>\n Tissu : Berber Snow<br \/>\nCouvercle sup\u00e9rieur avec rangement int\u00e9rieur<br \/>\n5 roulettes<br \/>\nVous avez des questions sur ce produit ? Nos designers sont l\u00e0 pour vous aider. Appelez-nous au (514) 340-9351  <\/p>\n","protected":false},"excerpt":{"rendered":"<p>Le pouf de rangement Obi est un chef-d&rsquo;\u0153uvre fonctionnel enti\u00e8rement arrondi, rev\u00eatu du doux tissu Berber Snow. Son couvercle sup\u00e9rieur r\u00e9v\u00e8le un espace de rangement int\u00e9rieur pratique, tandis que cinq roulettes assurent sa mobilit\u00e9. Le d\u00e9tail du touffetage horizontal surdimensionn\u00e9 ajoute une dimension riche et textur\u00e9e \u00e0 son corps enti\u00e8rement rembourr\u00e9, ce qui en fait une pi\u00e8ce moelleuse et visuellement attrayante, parfaite pour ajouter du confort et du style \u00e0 n&rsquo;importe quelle pi\u00e8ce.  <\/p>\n","protected":false},"featured_media":411671,"template":"","meta":{"_kad_blocks_custom_css":"","_kad_blocks_head_custom_js":"","_kad_blocks_body_custom_js":"","_kad_blocks_footer_custom_js":"","_kad_post_transparent":"","_kad_post_title":"","_kad_post_layout":"","_kad_post_sidebar_id":"","_kad_post_content_style":"","_kad_post_vertical_padding":"","_kad_post_feature":"","_kad_post_feature_position":"","_kad_post_header":false,"_kad_post_footer":false,"_kad_post_classname":""},"product_brand":[],"product_cat":[1325],"product_tag":[1513],"class_list":{"0":"post-411945","1":"product","2":"type-product","3":"status-publish","4":"has-post-thumbnail","6":"product_cat-poufs","7":"product_tag-paramount-fr","9":"first","10":"instock","11":"taxable","12":"shipping-taxable","13":"product-type-simple","14":"entry","15":"content-bg","16":"loop-entry"},"taxonomy_info":{"product_cat":[{"value":1325,"label":"Ottomans"}],"product_tag":[{"value":1513,"label":"Paramount"}]},"featured_image_src_large":["https:\/\/www.avenuedesigncanada.com\/wp-content\/uploads\/2026\/03\/U352503_1162_1_VM-1024x1024.jpg",1024,1024,true],"author_info":[],"comment_info":"","_links":{"self":[{"href":"https:\/\/www.avenuedesigncanada.com\/fr\/wp-json\/wp\/v2\/product\/411945","targetHints":{"allow":["GET"]}}],"collection":[{"href":"https:\/\/www.avenuedesigncanada.com\/fr\/wp-json\/wp\/v2\/product"}],"about":[{"href":"https:\/\/www.avenuedesigncanada.com\/fr\/wp-json\/wp\/v2\/types\/product"}],"wp:featuredmedia":[{"embeddable":true,"href":"https:\/\/www.avenuedesigncanada.com\/fr\/wp-json\/wp\/v2\/media\/411671"}],"wp:attachment":[{"href":"https:\/\/www.avenuedesigncanada.com\/fr\/wp-json\/wp\/v2\/media?parent=411945"}],"wp:term":[{"taxonomy":"product_brand","embeddable":true,"href":"https:\/\/www.avenuedesigncanada.com\/fr\/wp-json\/wp\/v2\/product_brand?post=411945"},{"taxonomy":"product_cat","embeddable":true,"href":"https:\/\/www.avenuedesigncanada.com\/fr\/wp-json\/wp\/v2\/product_cat?post=411945"},{"taxonomy":"product_tag","embeddable":true,"href":"https:\/\/www.avenuedesigncanada.com\/fr\/wp-json\/wp\/v2\/product_tag?post=411945"}],"curies":[{"name":"wp","href":"https:\/\/api.w.org\/{rel}","templated":true}]}}