{"id":411946,"date":"2026-03-18T14:26:43","date_gmt":"2026-03-18T18:26:43","guid":{"rendered":"https:\/\/www.avenuedesigncanada.com\/product\/vitrine-zella-chene-blanc\/"},"modified":"2026-03-18T14:34:15","modified_gmt":"2026-03-18T18:34:15","slug":"vitrine-zella-chene-blanc","status":"publish","type":"product","link":"https:\/\/www.avenuedesigncanada.com\/fr\/product\/vitrine-zella-chene-blanc\/","title":{"rendered":"Vitrine Zella &#8211; Ch\u00eane blanc"},"content":{"rendered":"<p><em>  L&rsquo;armoire d&rsquo;exposition Zella pr\u00e9sente les caract\u00e9ristiques suivantes <em><br \/>\n 2 portes avec charni\u00e8res euro<br \/>\n2 \u00e9tag\u00e8res r\u00e9glables<br \/>\n1 \u00e9tag\u00e8re fixe<br \/>\nBande lumineuse LED autour des portes<br \/>\nFinition ch\u00eane blanc<br \/>\nKit d&#8217;embouts<br \/>\nNiveleurs r\u00e9glables<br \/>\nVous avez des questions sur ce produit ? Nos designers sont l\u00e0 pour vous aider. Appelez-nous au (514) 340-9351  <\/p>\n","protected":false},"excerpt":{"rendered":"<p>La vitrine Zella, avec sa haute stature et sa finition en ch\u00eane blanc, apporte une touche de fra\u00eecheur et d&rsquo;espi\u00e8glerie au design moderne. Derri\u00e8re ses deux portes vitr\u00e9es se cachent de nombreuses \u00e9tag\u00e8res, offrant une solution \u00e9l\u00e9gante pour exposer des objets pr\u00e9cieux ou ranger des articles essentiels. Ce meuble allie sans effort fonctionnalit\u00e9 et charme contemporain, et rehausse n&rsquo;importe quel espace gr\u00e2ce \u00e0 son esth\u00e9tique raffin\u00e9e.  <\/p>\n","protected":false},"featured_media":411591,"template":"","meta":{"_kad_blocks_custom_css":"","_kad_blocks_head_custom_js":"","_kad_blocks_body_custom_js":"","_kad_blocks_footer_custom_js":"","_kad_post_transparent":"","_kad_post_title":"","_kad_post_layout":"","_kad_post_sidebar_id":"","_kad_post_content_style":"","_kad_post_vertical_padding":"","_kad_post_feature":"","_kad_post_feature_position":"","_kad_post_header":false,"_kad_post_footer":false,"_kad_post_classname":""},"product_brand":[],"product_cat":[1309],"product_tag":[1513],"class_list":{"0":"post-411946","1":"product","2":"type-product","3":"status-publish","4":"has-post-thumbnail","6":"product_cat-rangement-fr","7":"product_tag-paramount-fr","9":"first","10":"instock","11":"taxable","12":"shipping-taxable","13":"product-type-simple","14":"entry","15":"content-bg","16":"loop-entry"},"taxonomy_info":{"product_cat":[{"value":1309,"label":"Rangement"}],"product_tag":[{"value":1513,"label":"Paramount"}]},"featured_image_src_large":["https:\/\/www.avenuedesigncanada.com\/wp-content\/uploads\/2026\/03\/U352C675_VM-1024x1024.jpg",1024,1024,true],"author_info":[],"comment_info":"","_links":{"self":[{"href":"https:\/\/www.avenuedesigncanada.com\/fr\/wp-json\/wp\/v2\/product\/411946","targetHints":{"allow":["GET"]}}],"collection":[{"href":"https:\/\/www.avenuedesigncanada.com\/fr\/wp-json\/wp\/v2\/product"}],"about":[{"href":"https:\/\/www.avenuedesigncanada.com\/fr\/wp-json\/wp\/v2\/types\/product"}],"wp:featuredmedia":[{"embeddable":true,"href":"https:\/\/www.avenuedesigncanada.com\/fr\/wp-json\/wp\/v2\/media\/411591"}],"wp:attachment":[{"href":"https:\/\/www.avenuedesigncanada.com\/fr\/wp-json\/wp\/v2\/media?parent=411946"}],"wp:term":[{"taxonomy":"product_brand","embeddable":true,"href":"https:\/\/www.avenuedesigncanada.com\/fr\/wp-json\/wp\/v2\/product_brand?post=411946"},{"taxonomy":"product_cat","embeddable":true,"href":"https:\/\/www.avenuedesigncanada.com\/fr\/wp-json\/wp\/v2\/product_cat?post=411946"},{"taxonomy":"product_tag","embeddable":true,"href":"https:\/\/www.avenuedesigncanada.com\/fr\/wp-json\/wp\/v2\/product_tag?post=411946"}],"curies":[{"name":"wp","href":"https:\/\/api.w.org\/{rel}","templated":true}]}}