{"id":411949,"date":"2026-03-18T14:26:36","date_gmt":"2026-03-18T18:26:36","guid":{"rendered":"https:\/\/www.avenuedesigncanada.com\/product\/chaise-dappoint-arlo\/"},"modified":"2026-03-18T14:34:16","modified_gmt":"2026-03-18T18:34:16","slug":"chaise-dappoint-arlo","status":"publish","type":"product","link":"https:\/\/www.avenuedesigncanada.com\/fr\/product\/chaise-dappoint-arlo\/","title":{"rendered":"Chaise d&rsquo;appoint Arlo"},"content":{"rendered":"<p><em>  La chaise d&rsquo;appoint Arlo pr\u00e9sente les caract\u00e9ristiques suivantes : <em><br \/>\n Tissu : Melic Dune<br \/>\nVous avez des questions sur ce produit ? Nos concepteurs sont l\u00e0 pour vous aider. Appelez-nous au (514) 340-9351 <\/p>\n","protected":false},"excerpt":{"rendered":"<p>La chaise d&rsquo;appoint Arlo, recouverte du tissu serein Melic Dune, s\u00e9duit par sa silhouette abstraite. Reposant sur un trio de pieds non conventionnels, cette chaise est un m\u00e9lange magistral de courbes et d&rsquo;angles, cr\u00e9ant une d\u00e9claration visuelle dynamique. Cette fusion de formes donne naissance \u00e0 une pi\u00e8ce qui est autant une \u0153uvre d&rsquo;art qu&rsquo;un si\u00e8ge fonctionnel, parfait pour ajouter une touche d&rsquo;intrigue \u00e0 n&rsquo;importe quel espace moderne.  <\/p>\n","protected":false},"featured_media":411679,"template":"","meta":{"_kad_blocks_custom_css":"","_kad_blocks_head_custom_js":"","_kad_blocks_body_custom_js":"","_kad_blocks_footer_custom_js":"","_kad_post_transparent":"","_kad_post_title":"","_kad_post_layout":"","_kad_post_sidebar_id":"","_kad_post_content_style":"","_kad_post_vertical_padding":"","_kad_post_feature":"","_kad_post_feature_position":"","_kad_post_header":false,"_kad_post_footer":false,"_kad_post_classname":""},"product_brand":[],"product_cat":[1320],"product_tag":[1513],"class_list":{"0":"post-411949","1":"product","2":"type-product","3":"status-publish","4":"has-post-thumbnail","6":"product_cat-fauteuils","7":"product_tag-paramount-fr","9":"first","10":"instock","11":"taxable","12":"shipping-taxable","13":"product-type-simple","14":"entry","15":"content-bg","16":"loop-entry"},"taxonomy_info":{"product_cat":[{"value":1320,"label":"Fauteuils"}],"product_tag":[{"value":1513,"label":"Paramount"}]},"featured_image_src_large":["https:\/\/www.avenuedesigncanada.com\/wp-content\/uploads\/2026\/03\/U352507_VM2-1024x1024.jpg",1024,1024,true],"author_info":[],"comment_info":"","_links":{"self":[{"href":"https:\/\/www.avenuedesigncanada.com\/fr\/wp-json\/wp\/v2\/product\/411949","targetHints":{"allow":["GET"]}}],"collection":[{"href":"https:\/\/www.avenuedesigncanada.com\/fr\/wp-json\/wp\/v2\/product"}],"about":[{"href":"https:\/\/www.avenuedesigncanada.com\/fr\/wp-json\/wp\/v2\/types\/product"}],"wp:featuredmedia":[{"embeddable":true,"href":"https:\/\/www.avenuedesigncanada.com\/fr\/wp-json\/wp\/v2\/media\/411679"}],"wp:attachment":[{"href":"https:\/\/www.avenuedesigncanada.com\/fr\/wp-json\/wp\/v2\/media?parent=411949"}],"wp:term":[{"taxonomy":"product_brand","embeddable":true,"href":"https:\/\/www.avenuedesigncanada.com\/fr\/wp-json\/wp\/v2\/product_brand?post=411949"},{"taxonomy":"product_cat","embeddable":true,"href":"https:\/\/www.avenuedesigncanada.com\/fr\/wp-json\/wp\/v2\/product_cat?post=411949"},{"taxonomy":"product_tag","embeddable":true,"href":"https:\/\/www.avenuedesigncanada.com\/fr\/wp-json\/wp\/v2\/product_tag?post=411949"}],"curies":[{"name":"wp","href":"https:\/\/api.w.org\/{rel}","templated":true}]}}