{"id":411951,"date":"2026-03-18T14:26:09","date_gmt":"2026-03-18T18:26:09","guid":{"rendered":"https:\/\/www.avenuedesigncanada.com\/product\/chaise-de-salle-a-manger-a-dossier-en-tonneau\/"},"modified":"2026-03-18T14:34:28","modified_gmt":"2026-03-18T18:34:28","slug":"chaise-de-salle-a-manger-a-dossier-en-tonneau","status":"publish","type":"product","link":"https:\/\/www.avenuedesigncanada.com\/fr\/product\/chaise-de-salle-a-manger-a-dossier-en-tonneau\/","title":{"rendered":"Chaise de salle \u00e0 manger \u00e0 dossier en tonneau"},"content":{"rendered":"<p><em>  La chaise de salle \u00e0 manger avec dossier en forme de tonneau pr\u00e9sente les caract\u00e9ristiques suivantes : <em><br \/>\n Finition en ch\u00eane brun moyen<br \/>\nTissu : Oris Snow<br \/>\nVous avez des questions sur ce produit ? Nos concepteurs sont l\u00e0 pour vous aider. Appelez-nous au (514) 340-9351 <\/p>\n","protected":false},"excerpt":{"rendered":"<p>Fabriqu\u00e9e dans une luxueuse finition en ch\u00eane brun moyen, la chaise de salle \u00e0 manger \u00e0 dossier baril pr\u00e9sente des lignes \u00e9pur\u00e9es et un dossier ouvert, recouvert d&rsquo;un tissu Oris Snow sophistiqu\u00e9. Sa silhouette contemporaine et son esth\u00e9tique cool et accueillante en font un m\u00e9lange parfait de confort et de style pour toute salle \u00e0 manger moderne. <\/p>\n","protected":false},"featured_media":411559,"template":"","meta":{"_kad_blocks_custom_css":"","_kad_blocks_head_custom_js":"","_kad_blocks_body_custom_js":"","_kad_blocks_footer_custom_js":"","_kad_post_transparent":"","_kad_post_title":"","_kad_post_layout":"","_kad_post_sidebar_id":"","_kad_post_content_style":"","_kad_post_vertical_padding":"","_kad_post_feature":"","_kad_post_feature_position":"","_kad_post_header":false,"_kad_post_footer":false,"_kad_post_classname":""},"product_brand":[],"product_cat":[1302],"product_tag":[1513],"class_list":{"0":"post-411951","1":"product","2":"type-product","3":"status-publish","4":"has-post-thumbnail","6":"product_cat-chaises","7":"product_tag-paramount-fr","9":"first","10":"instock","11":"taxable","12":"shipping-taxable","13":"product-type-simple","14":"entry","15":"content-bg","16":"loop-entry"},"taxonomy_info":{"product_cat":[{"value":1302,"label":"Chaises"}],"product_tag":[{"value":1513,"label":"Paramount"}]},"featured_image_src_large":["https:\/\/www.avenuedesigncanada.com\/wp-content\/uploads\/2026\/03\/U352A634_VM-1024x1024.jpg",1024,1024,true],"author_info":[],"comment_info":"","_links":{"self":[{"href":"https:\/\/www.avenuedesigncanada.com\/fr\/wp-json\/wp\/v2\/product\/411951","targetHints":{"allow":["GET"]}}],"collection":[{"href":"https:\/\/www.avenuedesigncanada.com\/fr\/wp-json\/wp\/v2\/product"}],"about":[{"href":"https:\/\/www.avenuedesigncanada.com\/fr\/wp-json\/wp\/v2\/types\/product"}],"wp:featuredmedia":[{"embeddable":true,"href":"https:\/\/www.avenuedesigncanada.com\/fr\/wp-json\/wp\/v2\/media\/411559"}],"wp:attachment":[{"href":"https:\/\/www.avenuedesigncanada.com\/fr\/wp-json\/wp\/v2\/media?parent=411951"}],"wp:term":[{"taxonomy":"product_brand","embeddable":true,"href":"https:\/\/www.avenuedesigncanada.com\/fr\/wp-json\/wp\/v2\/product_brand?post=411951"},{"taxonomy":"product_cat","embeddable":true,"href":"https:\/\/www.avenuedesigncanada.com\/fr\/wp-json\/wp\/v2\/product_cat?post=411951"},{"taxonomy":"product_tag","embeddable":true,"href":"https:\/\/www.avenuedesigncanada.com\/fr\/wp-json\/wp\/v2\/product_tag?post=411951"}],"curies":[{"name":"wp","href":"https:\/\/api.w.org\/{rel}","templated":true}]}}