{"id":411952,"date":"2026-03-18T14:26:11","date_gmt":"2026-03-18T18:26:11","guid":{"rendered":"https:\/\/www.avenuedesigncanada.com\/product\/chaise-a-accoudoir-echo-dining-chene-blanc\/"},"modified":"2026-03-18T14:34:30","modified_gmt":"2026-03-18T18:34:30","slug":"chaise-a-accoudoir-echo-dining-chene-blanc","status":"publish","type":"product","link":"https:\/\/www.avenuedesigncanada.com\/fr\/product\/chaise-a-accoudoir-echo-dining-chene-blanc\/","title":{"rendered":"Chaise \u00e0 accoudoir Echo Dining &#8211; Ch\u00eane blanc"},"content":{"rendered":"<p><em>  La chaise \u00e0 accoudoir Echo Dining pr\u00e9sente les caract\u00e9ristiques suivantes : <em><br \/>\n Finition en ch\u00eane blanc<br \/>\nTissu : Medina Pebble<br \/>\nVous avez des questions sur ce produit ? Nos designers sont l\u00e0 pour vous aider. Appelez-nous au (514) 340-9351  <\/p>\n","protected":false},"excerpt":{"rendered":"<p>La chaise \u00e0 accoudoir Echo, disponible en plusieurs finitions et rev\u00eatue du tissu raffin\u00e9 Medina Pebble, incarne l&rsquo;\u00e9l\u00e9gance avec son dossier arrondi et a\u00e9r\u00e9. Ses pieds droits et \u00e9lanc\u00e9s et son dossier l\u00e9g\u00e8rement incurv\u00e9 exsudent une forme \u00e9pur\u00e9e, conf\u00e9rant une aura d&rsquo;air sophistiqu\u00e9 \u00e0 l&rsquo;ensemble de la salle \u00e0 manger moderne. <\/p>\n","protected":false},"featured_media":411575,"template":"","meta":{"_kad_blocks_custom_css":"","_kad_blocks_head_custom_js":"","_kad_blocks_body_custom_js":"","_kad_blocks_footer_custom_js":"","_kad_post_transparent":"","_kad_post_title":"","_kad_post_layout":"","_kad_post_sidebar_id":"","_kad_post_content_style":"","_kad_post_vertical_padding":"","_kad_post_feature":"","_kad_post_feature_position":"","_kad_post_header":false,"_kad_post_footer":false,"_kad_post_classname":""},"product_brand":[],"product_cat":[1302],"product_tag":[1513],"class_list":{"0":"post-411952","1":"product","2":"type-product","3":"status-publish","4":"has-post-thumbnail","6":"product_cat-chaises","7":"product_tag-paramount-fr","9":"first","10":"instock","11":"taxable","12":"shipping-taxable","13":"product-type-simple","14":"entry","15":"content-bg","16":"loop-entry"},"taxonomy_info":{"product_cat":[{"value":1302,"label":"Chaises"}],"product_tag":[{"value":1513,"label":"Paramount"}]},"featured_image_src_large":["https:\/\/www.avenuedesigncanada.com\/wp-content\/uploads\/2026\/03\/U352C635_VM-1024x1024.jpg",1024,1024,true],"author_info":[],"comment_info":"","_links":{"self":[{"href":"https:\/\/www.avenuedesigncanada.com\/fr\/wp-json\/wp\/v2\/product\/411952","targetHints":{"allow":["GET"]}}],"collection":[{"href":"https:\/\/www.avenuedesigncanada.com\/fr\/wp-json\/wp\/v2\/product"}],"about":[{"href":"https:\/\/www.avenuedesigncanada.com\/fr\/wp-json\/wp\/v2\/types\/product"}],"wp:featuredmedia":[{"embeddable":true,"href":"https:\/\/www.avenuedesigncanada.com\/fr\/wp-json\/wp\/v2\/media\/411575"}],"wp:attachment":[{"href":"https:\/\/www.avenuedesigncanada.com\/fr\/wp-json\/wp\/v2\/media?parent=411952"}],"wp:term":[{"taxonomy":"product_brand","embeddable":true,"href":"https:\/\/www.avenuedesigncanada.com\/fr\/wp-json\/wp\/v2\/product_brand?post=411952"},{"taxonomy":"product_cat","embeddable":true,"href":"https:\/\/www.avenuedesigncanada.com\/fr\/wp-json\/wp\/v2\/product_cat?post=411952"},{"taxonomy":"product_tag","embeddable":true,"href":"https:\/\/www.avenuedesigncanada.com\/fr\/wp-json\/wp\/v2\/product_tag?post=411952"}],"curies":[{"name":"wp","href":"https:\/\/api.w.org\/{rel}","templated":true}]}}