{"id":411955,"date":"2026-03-18T14:25:49","date_gmt":"2026-03-18T18:25:49","guid":{"rendered":"https:\/\/www.avenuedesigncanada.com\/product\/table-dappoint-daxton\/"},"modified":"2026-03-18T14:34:44","modified_gmt":"2026-03-18T18:34:44","slug":"table-dappoint-daxton","status":"publish","type":"product","link":"https:\/\/www.avenuedesigncanada.com\/fr\/product\/table-dappoint-daxton\/","title":{"rendered":"Table d&rsquo;appoint Daxton"},"content":{"rendered":"<p><em>  La table d&rsquo;appoint Daxton pr\u00e9sente les caract\u00e9ristiques suivantes : <em><br \/>\n Travertin blanc<br \/>\nFinition adoucie<br \/>\nPatins en feutre<br \/>\nVous avez des questions sur ce produit ? Nos designers sont l\u00e0 pour vous aider. Appelez-nous au (514) 340-9351  <\/p>\n","protected":false},"excerpt":{"rendered":"<p>La table d&rsquo;appoint Daxton, dot\u00e9e d&rsquo;un corps carr\u00e9 en travertin blanc, est une \u00e9tude de l&rsquo;\u00e9l\u00e9gance et de la subtilit\u00e9. Son design est rehauss\u00e9 par de petits d\u00e9tails complexes qui font passer la pi\u00e8ce de simple \u00e0 sophistiqu\u00e9e, offrant un m\u00e9lange de simplicit\u00e9 et de charme raffin\u00e9 qui rehausse n&rsquo;importe quel espace par son luxe tranquille. <\/p>\n","protected":false},"featured_media":411389,"template":"","meta":{"_kad_blocks_custom_css":"","_kad_blocks_head_custom_js":"","_kad_blocks_body_custom_js":"","_kad_blocks_footer_custom_js":"","_kad_post_transparent":"","_kad_post_title":"","_kad_post_layout":"","_kad_post_sidebar_id":"","_kad_post_content_style":"","_kad_post_vertical_padding":"","_kad_post_feature":"","_kad_post_feature_position":"","_kad_post_header":false,"_kad_post_footer":false,"_kad_post_classname":""},"product_brand":[],"product_cat":[1323],"product_tag":[1513],"class_list":{"0":"post-411955","1":"product","2":"type-product","3":"status-publish","4":"has-post-thumbnail","6":"product_cat-salon-tables-dappoint","7":"product_tag-paramount-fr","9":"first","10":"instock","11":"taxable","12":"shipping-taxable","13":"product-type-simple","14":"entry","15":"content-bg","16":"loop-entry"},"taxonomy_info":{"product_cat":[{"value":1323,"label":"Tables d'appoint"}],"product_tag":[{"value":1513,"label":"Paramount"}]},"featured_image_src_large":["https:\/\/www.avenuedesigncanada.com\/wp-content\/uploads\/2026\/03\/U365C825_VM-1024x1024.jpg",1024,1024,true],"author_info":[],"comment_info":"","_links":{"self":[{"href":"https:\/\/www.avenuedesigncanada.com\/fr\/wp-json\/wp\/v2\/product\/411955","targetHints":{"allow":["GET"]}}],"collection":[{"href":"https:\/\/www.avenuedesigncanada.com\/fr\/wp-json\/wp\/v2\/product"}],"about":[{"href":"https:\/\/www.avenuedesigncanada.com\/fr\/wp-json\/wp\/v2\/types\/product"}],"wp:featuredmedia":[{"embeddable":true,"href":"https:\/\/www.avenuedesigncanada.com\/fr\/wp-json\/wp\/v2\/media\/411389"}],"wp:attachment":[{"href":"https:\/\/www.avenuedesigncanada.com\/fr\/wp-json\/wp\/v2\/media?parent=411955"}],"wp:term":[{"taxonomy":"product_brand","embeddable":true,"href":"https:\/\/www.avenuedesigncanada.com\/fr\/wp-json\/wp\/v2\/product_brand?post=411955"},{"taxonomy":"product_cat","embeddable":true,"href":"https:\/\/www.avenuedesigncanada.com\/fr\/wp-json\/wp\/v2\/product_cat?post=411955"},{"taxonomy":"product_tag","embeddable":true,"href":"https:\/\/www.avenuedesigncanada.com\/fr\/wp-json\/wp\/v2\/product_tag?post=411955"}],"curies":[{"name":"wp","href":"https:\/\/api.w.org\/{rel}","templated":true}]}}