{"id":411959,"date":"2026-03-18T14:25:46","date_gmt":"2026-03-18T18:25:46","guid":{"rendered":"https:\/\/www.avenuedesigncanada.com\/product\/petite-table-gigogne-revolve\/"},"modified":"2026-03-18T14:34:46","modified_gmt":"2026-03-18T18:34:46","slug":"petite-table-gigogne-revolve","status":"publish","type":"product","link":"https:\/\/www.avenuedesigncanada.com\/fr\/product\/petite-table-gigogne-revolve\/","title":{"rendered":"Petite table gigogne Revolve"},"content":{"rendered":"<p><em>  La petite table gigogne Revolve pr\u00e9sente les caract\u00e9ristiques suivantes : <em><br \/>\n Plateau en granit noir<br \/>\nBase en nickel poli<br \/>\nCapuchons en caoutchouc transparent pour prot\u00e9ger le sol<br \/>\nVous avez des questions sur ce produit ? Nos concepteurs sont l\u00e0 pour vous aider. Appelez-nous au (514) 340-9351 <\/p>\n","protected":false},"excerpt":{"rendered":"<p>La petite table gigogne Revolve pr\u00e9sente un plateau en granit noir lisse et froid de forme arrondie, reposant \u00e9l\u00e9gamment sur une base en nickel poli. Cette pi\u00e8ce s\u00e9duit par son jeu intrigant sur la sculpture, la g\u00e9om\u00e9trie et l&rsquo;\u00e9quilibre, cr\u00e9ant un ajout harmonieux et visuellement attrayant aux int\u00e9rieurs modernes. <\/p>\n","protected":false},"featured_media":411467,"template":"","meta":{"_kad_blocks_custom_css":"","_kad_blocks_head_custom_js":"","_kad_blocks_body_custom_js":"","_kad_blocks_footer_custom_js":"","_kad_post_transparent":"","_kad_post_title":"","_kad_post_layout":"","_kad_post_sidebar_id":"","_kad_post_content_style":"","_kad_post_vertical_padding":"","_kad_post_feature":"","_kad_post_feature_position":"","_kad_post_header":false,"_kad_post_footer":false,"_kad_post_classname":""},"product_brand":[],"product_cat":[1323],"product_tag":[1513],"class_list":{"0":"post-411959","1":"product","2":"type-product","3":"status-publish","4":"has-post-thumbnail","6":"product_cat-salon-tables-dappoint","7":"product_tag-paramount-fr","9":"first","10":"instock","11":"taxable","12":"shipping-taxable","13":"product-type-simple","14":"entry","15":"content-bg","16":"loop-entry"},"taxonomy_info":{"product_cat":[{"value":1323,"label":"Tables d'appoint"}],"product_tag":[{"value":1513,"label":"Paramount"}]},"featured_image_src_large":["https:\/\/www.avenuedesigncanada.com\/wp-content\/uploads\/2026\/03\/U365809S_VM3-1024x1024.jpg",1024,1024,true],"author_info":[],"comment_info":"","_links":{"self":[{"href":"https:\/\/www.avenuedesigncanada.com\/fr\/wp-json\/wp\/v2\/product\/411959","targetHints":{"allow":["GET"]}}],"collection":[{"href":"https:\/\/www.avenuedesigncanada.com\/fr\/wp-json\/wp\/v2\/product"}],"about":[{"href":"https:\/\/www.avenuedesigncanada.com\/fr\/wp-json\/wp\/v2\/types\/product"}],"wp:featuredmedia":[{"embeddable":true,"href":"https:\/\/www.avenuedesigncanada.com\/fr\/wp-json\/wp\/v2\/media\/411467"}],"wp:attachment":[{"href":"https:\/\/www.avenuedesigncanada.com\/fr\/wp-json\/wp\/v2\/media?parent=411959"}],"wp:term":[{"taxonomy":"product_brand","embeddable":true,"href":"https:\/\/www.avenuedesigncanada.com\/fr\/wp-json\/wp\/v2\/product_brand?post=411959"},{"taxonomy":"product_cat","embeddable":true,"href":"https:\/\/www.avenuedesigncanada.com\/fr\/wp-json\/wp\/v2\/product_cat?post=411959"},{"taxonomy":"product_tag","embeddable":true,"href":"https:\/\/www.avenuedesigncanada.com\/fr\/wp-json\/wp\/v2\/product_tag?post=411959"}],"curies":[{"name":"wp","href":"https:\/\/api.w.org\/{rel}","templated":true}]}}