{"id":411964,"date":"2026-03-18T14:25:48","date_gmt":"2026-03-18T18:25:48","guid":{"rendered":"https:\/\/www.avenuedesigncanada.com\/product\/table-a-cocktail-daxton\/"},"modified":"2026-03-18T14:34:49","modified_gmt":"2026-03-18T18:34:49","slug":"table-a-cocktail-daxton","status":"publish","type":"product","link":"https:\/\/www.avenuedesigncanada.com\/fr\/product\/table-a-cocktail-daxton\/","title":{"rendered":"Table \u00e0 cocktail Daxton"},"content":{"rendered":"<p><em>  La table \u00e0 cocktail Daxton pr\u00e9sente les caract\u00e9ristiques suivantes : <em><br \/>\n Travertin blanc<br \/>\nFinition adoucie<br \/>\nRoulettes<br \/>\nVous avez des questions sur ce produit ? Nos concepteurs sont l\u00e0 pour vous aider. Appelez-nous au (514) 340-9351 <\/p>\n","protected":false},"excerpt":{"rendered":"<p>La table cocktail Daxton, fabriqu\u00e9e en travertin blanc, allie mobilit\u00e9 et design moderne gr\u00e2ce \u00e0 l&rsquo;incorporation de roulettes. Son plateau de table \u00e0 deux niveaux apporte une touche innovante gr\u00e2ce \u00e0 l&rsquo;angle diagonal, ajoutant un \u00e9l\u00e9ment dynamique \u00e0 la structure de la pi\u00e8ce et offrant \u00e0 la fois un attrait esth\u00e9tique et une polyvalence fonctionnelle. <\/p>\n","protected":false},"featured_media":411235,"template":"","meta":{"_kad_blocks_custom_css":"","_kad_blocks_head_custom_js":"","_kad_blocks_body_custom_js":"","_kad_blocks_footer_custom_js":"","_kad_post_transparent":"","_kad_post_title":"","_kad_post_layout":"","_kad_post_sidebar_id":"","_kad_post_content_style":"","_kad_post_vertical_padding":"","_kad_post_feature":"","_kad_post_feature_position":"","_kad_post_header":false,"_kad_post_footer":false,"_kad_post_classname":""},"product_brand":[],"product_cat":[1327],"product_tag":[1513],"class_list":{"0":"post-411964","1":"product","2":"type-product","3":"status-publish","4":"has-post-thumbnail","6":"product_cat-salon-tables-a-cafe","7":"product_tag-paramount-fr","9":"first","10":"instock","11":"taxable","12":"shipping-taxable","13":"product-type-simple","14":"entry","15":"content-bg","16":"loop-entry"},"taxonomy_info":{"product_cat":[{"value":1327,"label":"Tables \u00e0 caf\u00e9"}],"product_tag":[{"value":1513,"label":"Paramount"}]},"featured_image_src_large":["https:\/\/www.avenuedesigncanada.com\/wp-content\/uploads\/2026\/03\/U365C828_VM-1024x1024.jpg",1024,1024,true],"author_info":[],"comment_info":"","_links":{"self":[{"href":"https:\/\/www.avenuedesigncanada.com\/fr\/wp-json\/wp\/v2\/product\/411964","targetHints":{"allow":["GET"]}}],"collection":[{"href":"https:\/\/www.avenuedesigncanada.com\/fr\/wp-json\/wp\/v2\/product"}],"about":[{"href":"https:\/\/www.avenuedesigncanada.com\/fr\/wp-json\/wp\/v2\/types\/product"}],"wp:featuredmedia":[{"embeddable":true,"href":"https:\/\/www.avenuedesigncanada.com\/fr\/wp-json\/wp\/v2\/media\/411235"}],"wp:attachment":[{"href":"https:\/\/www.avenuedesigncanada.com\/fr\/wp-json\/wp\/v2\/media?parent=411964"}],"wp:term":[{"taxonomy":"product_brand","embeddable":true,"href":"https:\/\/www.avenuedesigncanada.com\/fr\/wp-json\/wp\/v2\/product_brand?post=411964"},{"taxonomy":"product_cat","embeddable":true,"href":"https:\/\/www.avenuedesigncanada.com\/fr\/wp-json\/wp\/v2\/product_cat?post=411964"},{"taxonomy":"product_tag","embeddable":true,"href":"https:\/\/www.avenuedesigncanada.com\/fr\/wp-json\/wp\/v2\/product_tag?post=411964"}],"curies":[{"name":"wp","href":"https:\/\/api.w.org\/{rel}","templated":true}]}}