{"id":411967,"date":"2026-03-18T14:26:04","date_gmt":"2026-03-18T18:26:04","guid":{"rendered":"https:\/\/www.avenuedesigncanada.com\/product\/table-a-manger-meadow\/"},"modified":"2026-03-18T14:34:54","modified_gmt":"2026-03-18T18:34:54","slug":"table-a-manger-meadow","status":"publish","type":"product","link":"https:\/\/www.avenuedesigncanada.com\/fr\/product\/table-a-manger-meadow\/","title":{"rendered":"Table \u00e0 manger Meadow"},"content":{"rendered":"<p><em>  La table \u00e0 manger Meadow pr\u00e9sente les caract\u00e9ristiques suivantes : <em><br \/>\n Plateau en pierre travertin blanche<br \/>\nNiveaux r\u00e9glables<br \/>\nVous avez des questions sur ce produit ? Nos designers sont l\u00e0 pour vous aider. Appelez-nous au (514) 340-9351  <\/p>\n","protected":false},"excerpt":{"rendered":"<p>La table de salle \u00e0 manger Meadow pr\u00e9sente une forme circulaire magnifique, couronn\u00e9e d&rsquo;une surface exquise en travertin blanc. La base est textur\u00e9e de mani\u00e8re complexe, ce qui conf\u00e8re \u00e0 la table une pr\u00e9sence distingu\u00e9e qui conf\u00e8re \u00e0 toute salle \u00e0 manger une aura de richesse gracieuse. <\/p>\n","protected":false},"featured_media":411381,"template":"","meta":{"_kad_blocks_custom_css":"","_kad_blocks_head_custom_js":"","_kad_blocks_body_custom_js":"","_kad_blocks_footer_custom_js":"","_kad_post_transparent":"","_kad_post_title":"","_kad_post_layout":"","_kad_post_sidebar_id":"","_kad_post_content_style":"","_kad_post_vertical_padding":"","_kad_post_feature":"","_kad_post_feature_position":"","_kad_post_header":false,"_kad_post_footer":false,"_kad_post_classname":""},"product_brand":[],"product_cat":[1306],"product_tag":[1513],"class_list":{"0":"post-411967","1":"product","2":"type-product","3":"status-publish","4":"has-post-thumbnail","6":"product_cat-tables-de-salle-a-manger","7":"product_tag-paramount-fr","9":"first","10":"instock","11":"taxable","12":"shipping-taxable","13":"product-type-simple","14":"entry","15":"content-bg","16":"loop-entry"},"taxonomy_info":{"product_cat":[{"value":1306,"label":"Tables"}],"product_tag":[{"value":1513,"label":"Paramount"}]},"featured_image_src_large":["https:\/\/www.avenuedesigncanada.com\/wp-content\/uploads\/2026\/03\/U365C657_VM-1024x1024.jpg",1024,1024,true],"author_info":[],"comment_info":"","_links":{"self":[{"href":"https:\/\/www.avenuedesigncanada.com\/fr\/wp-json\/wp\/v2\/product\/411967","targetHints":{"allow":["GET"]}}],"collection":[{"href":"https:\/\/www.avenuedesigncanada.com\/fr\/wp-json\/wp\/v2\/product"}],"about":[{"href":"https:\/\/www.avenuedesigncanada.com\/fr\/wp-json\/wp\/v2\/types\/product"}],"wp:featuredmedia":[{"embeddable":true,"href":"https:\/\/www.avenuedesigncanada.com\/fr\/wp-json\/wp\/v2\/media\/411381"}],"wp:attachment":[{"href":"https:\/\/www.avenuedesigncanada.com\/fr\/wp-json\/wp\/v2\/media?parent=411967"}],"wp:term":[{"taxonomy":"product_brand","embeddable":true,"href":"https:\/\/www.avenuedesigncanada.com\/fr\/wp-json\/wp\/v2\/product_brand?post=411967"},{"taxonomy":"product_cat","embeddable":true,"href":"https:\/\/www.avenuedesigncanada.com\/fr\/wp-json\/wp\/v2\/product_cat?post=411967"},{"taxonomy":"product_tag","embeddable":true,"href":"https:\/\/www.avenuedesigncanada.com\/fr\/wp-json\/wp\/v2\/product_tag?post=411967"}],"curies":[{"name":"wp","href":"https:\/\/api.w.org\/{rel}","templated":true}]}}