{"id":411972,"date":"2026-03-18T14:25:59","date_gmt":"2026-03-18T18:25:59","guid":{"rendered":"https:\/\/www.avenuedesigncanada.com\/product\/table-a-martini-lorna\/"},"modified":"2026-03-18T14:34:56","modified_gmt":"2026-03-18T18:34:56","slug":"table-a-martini-lorna","status":"publish","type":"product","link":"https:\/\/www.avenuedesigncanada.com\/fr\/product\/table-a-martini-lorna\/","title":{"rendered":"Table \u00e0 Martini Lorna"},"content":{"rendered":"<p><em>  La table \u00e0 martini Lorna pr\u00e9sente les caract\u00e9ristiques suivantes : <em><br \/>\n Finition Ombre<br \/>\nDessus et poteau en aluminium moul\u00e9<br \/>\nBase en b\u00e9ton moul\u00e9<br \/>\nNiveleurs r\u00e9glables<br \/>\nVous avez des questions sur ce produit ? Nos designers sont l\u00e0 pour vous aider. Appelez-nous au (514) 340-9351  <\/p>\n","protected":false},"excerpt":{"rendered":"<p>La table Martini Lorna s\u00e9duit par son plateau rond compact et sa base arrondie distinctive, orn\u00e9e d&rsquo;une finition Ombre saisissante. Le m\u00e9lange intrigant d&rsquo;aluminium moul\u00e9 brut et de b\u00e9ton massif pr\u00e9sente un contraste captivant de textures et de tons, faisant de cette pi\u00e8ce un ajout unique et attrayant \u00e0 tout espace. <\/p>\n","protected":false},"featured_media":411435,"template":"","meta":{"_kad_blocks_custom_css":"","_kad_blocks_head_custom_js":"","_kad_blocks_body_custom_js":"","_kad_blocks_footer_custom_js":"","_kad_post_transparent":"","_kad_post_title":"","_kad_post_layout":"","_kad_post_sidebar_id":"","_kad_post_content_style":"","_kad_post_vertical_padding":"","_kad_post_feature":"","_kad_post_feature_position":"","_kad_post_header":false,"_kad_post_footer":false,"_kad_post_classname":""},"product_brand":[],"product_cat":[1323],"product_tag":[1513],"class_list":{"0":"post-411972","1":"product","2":"type-product","3":"status-publish","4":"has-post-thumbnail","6":"product_cat-salon-tables-dappoint","7":"product_tag-paramount-fr","9":"first","10":"instock","11":"taxable","12":"shipping-taxable","13":"product-type-simple","14":"entry","15":"content-bg","16":"loop-entry"},"taxonomy_info":{"product_cat":[{"value":1323,"label":"Tables d'appoint"}],"product_tag":[{"value":1513,"label":"Paramount"}]},"featured_image_src_large":["https:\/\/www.avenuedesigncanada.com\/wp-content\/uploads\/2026\/03\/U352807_VM-1024x1024.jpg",1024,1024,true],"author_info":[],"comment_info":"","_links":{"self":[{"href":"https:\/\/www.avenuedesigncanada.com\/fr\/wp-json\/wp\/v2\/product\/411972","targetHints":{"allow":["GET"]}}],"collection":[{"href":"https:\/\/www.avenuedesigncanada.com\/fr\/wp-json\/wp\/v2\/product"}],"about":[{"href":"https:\/\/www.avenuedesigncanada.com\/fr\/wp-json\/wp\/v2\/types\/product"}],"wp:featuredmedia":[{"embeddable":true,"href":"https:\/\/www.avenuedesigncanada.com\/fr\/wp-json\/wp\/v2\/media\/411435"}],"wp:attachment":[{"href":"https:\/\/www.avenuedesigncanada.com\/fr\/wp-json\/wp\/v2\/media?parent=411972"}],"wp:term":[{"taxonomy":"product_brand","embeddable":true,"href":"https:\/\/www.avenuedesigncanada.com\/fr\/wp-json\/wp\/v2\/product_brand?post=411972"},{"taxonomy":"product_cat","embeddable":true,"href":"https:\/\/www.avenuedesigncanada.com\/fr\/wp-json\/wp\/v2\/product_cat?post=411972"},{"taxonomy":"product_tag","embeddable":true,"href":"https:\/\/www.avenuedesigncanada.com\/fr\/wp-json\/wp\/v2\/product_tag?post=411972"}],"curies":[{"name":"wp","href":"https:\/\/api.w.org\/{rel}","templated":true}]}}