{"id":411973,"date":"2026-03-18T14:26:07","date_gmt":"2026-03-18T18:26:07","guid":{"rendered":"https:\/\/www.avenuedesigncanada.com\/product\/table-de-salle-a-manger-solara-chene-naturel\/"},"modified":"2026-03-18T14:34:58","modified_gmt":"2026-03-18T18:34:58","slug":"table-de-salle-a-manger-solara-chene-naturel","status":"publish","type":"product","link":"https:\/\/www.avenuedesigncanada.com\/fr\/product\/table-de-salle-a-manger-solara-chene-naturel\/","title":{"rendered":"Table de salle \u00e0 manger Solara &#8211; Ch\u00eane naturel"},"content":{"rendered":"<p><em>  La table \u00e0 manger Solara pr\u00e9sente les caract\u00e9ristiques suivantes : <em><br \/>\n Base en m\u00e9tal \u00e9tain satin\u00e9 vieilli<br \/>\nFinition en ch\u00eane naturel<br \/>\nUne feuille de 20&Prime; s&rsquo;\u00e9tend jusqu&rsquo;\u00e0 72&Prime;<br \/>\nNiveleurs r\u00e9glables<br \/>\nVous avez des questions sur ce produit ? Nos concepteurs sont l\u00e0 pour vous aider. Appelez-nous au (514) 340-9351 <\/p>\n","protected":false},"excerpt":{"rendered":"<p>La table de salle \u00e0 manger Solara pr\u00e9sente une esth\u00e9tique bicolore intrigante, m\u00ealant la chaleur d&rsquo;une finition en ch\u00eane naturel au caract\u00e8re froid et vieilli d&rsquo;une base m\u00e9tallique en \u00e9tain satin\u00e9. Cette table arrondie combine harmonieusement les textures et les teintes, insufflant aux espaces une ambiance cool et dynamique et un clin d&rsquo;\u0153il aux sensibilit\u00e9s du design du milieu du si\u00e8cle. <\/p>\n","protected":false},"featured_media":411611,"template":"","meta":{"_kad_blocks_custom_css":"","_kad_blocks_head_custom_js":"","_kad_blocks_body_custom_js":"","_kad_blocks_footer_custom_js":"","_kad_post_transparent":"","_kad_post_title":"","_kad_post_layout":"","_kad_post_sidebar_id":"","_kad_post_content_style":"","_kad_post_vertical_padding":"","_kad_post_feature":"","_kad_post_feature_position":"","_kad_post_header":false,"_kad_post_footer":false,"_kad_post_classname":""},"product_brand":[],"product_cat":[1306],"product_tag":[1513],"class_list":{"0":"post-411973","1":"product","2":"type-product","3":"status-publish","4":"has-post-thumbnail","6":"product_cat-tables-de-salle-a-manger","7":"product_tag-paramount-fr","9":"first","10":"instock","11":"taxable","12":"shipping-taxable","13":"product-type-simple","14":"entry","15":"content-bg","16":"loop-entry"},"taxonomy_info":{"product_cat":[{"value":1306,"label":"Tables"}],"product_tag":[{"value":1513,"label":"Paramount"}]},"featured_image_src_large":["https:\/\/www.avenuedesigncanada.com\/wp-content\/uploads\/2026\/03\/U352E656_VM-1024x1024.jpg",1024,1024,true],"author_info":[],"comment_info":"","_links":{"self":[{"href":"https:\/\/www.avenuedesigncanada.com\/fr\/wp-json\/wp\/v2\/product\/411973","targetHints":{"allow":["GET"]}}],"collection":[{"href":"https:\/\/www.avenuedesigncanada.com\/fr\/wp-json\/wp\/v2\/product"}],"about":[{"href":"https:\/\/www.avenuedesigncanada.com\/fr\/wp-json\/wp\/v2\/types\/product"}],"wp:featuredmedia":[{"embeddable":true,"href":"https:\/\/www.avenuedesigncanada.com\/fr\/wp-json\/wp\/v2\/media\/411611"}],"wp:attachment":[{"href":"https:\/\/www.avenuedesigncanada.com\/fr\/wp-json\/wp\/v2\/media?parent=411973"}],"wp:term":[{"taxonomy":"product_brand","embeddable":true,"href":"https:\/\/www.avenuedesigncanada.com\/fr\/wp-json\/wp\/v2\/product_brand?post=411973"},{"taxonomy":"product_cat","embeddable":true,"href":"https:\/\/www.avenuedesigncanada.com\/fr\/wp-json\/wp\/v2\/product_cat?post=411973"},{"taxonomy":"product_tag","embeddable":true,"href":"https:\/\/www.avenuedesigncanada.com\/fr\/wp-json\/wp\/v2\/product_tag?post=411973"}],"curies":[{"name":"wp","href":"https:\/\/api.w.org\/{rel}","templated":true}]}}