{"id":411977,"date":"2026-03-18T14:25:41","date_gmt":"2026-03-18T18:25:41","guid":{"rendered":"https:\/\/www.avenuedesigncanada.com\/product\/table-dappoint-scarlett\/"},"modified":"2026-03-18T14:35:12","modified_gmt":"2026-03-18T18:35:12","slug":"table-dappoint-scarlett","status":"publish","type":"product","link":"https:\/\/www.avenuedesigncanada.com\/fr\/product\/table-dappoint-scarlett\/","title":{"rendered":"Table d&rsquo;appoint Scarlett"},"content":{"rendered":"<p><em>  La table d&rsquo;appoint Scarlett pr\u00e9sente les caract\u00e9ristiques suivantes : <em><br \/>\n Granit noir<br \/>\nAluminium champagne antique<br \/>\nNiveleurs r\u00e9glables<br \/>\nVous avez des questions sur ce produit ? Nos concepteurs sont l\u00e0 pour vous aider. Appelez-nous au (514) 340-9351 <\/p>\n","protected":false},"excerpt":{"rendered":"<p>La table d&rsquo;appoint Scarlett est dot\u00e9e d&rsquo;un plateau arrondi en granit noir, associ\u00e9 \u00e0 une base en aluminium de couleur champagne. Ses pieds \u00e9lanc\u00e9s exsudent la gr\u00e2ce, rehaussant n&rsquo;importe quelle pi\u00e8ce d&rsquo;une \u00e9l\u00e9gance distingu\u00e9e et d&rsquo;un jeu harmonieux de mat\u00e9riaux. Cette pi\u00e8ce est un accent raffin\u00e9 dans un environnement moderne, offrant \u00e0 la fois beaut\u00e9 et fonctionnalit\u00e9.  <\/p>\n","protected":false},"featured_media":411519,"template":"","meta":{"_kad_blocks_custom_css":"","_kad_blocks_head_custom_js":"","_kad_blocks_body_custom_js":"","_kad_blocks_footer_custom_js":"","_kad_post_transparent":"","_kad_post_title":"","_kad_post_layout":"","_kad_post_sidebar_id":"","_kad_post_content_style":"","_kad_post_vertical_padding":"","_kad_post_feature":"","_kad_post_feature_position":"","_kad_post_header":false,"_kad_post_footer":false,"_kad_post_classname":""},"product_brand":[],"product_cat":[1323],"product_tag":[1513],"class_list":{"0":"post-411977","1":"product","2":"type-product","3":"status-publish","4":"has-post-thumbnail","6":"product_cat-salon-tables-dappoint","7":"product_tag-paramount-fr","9":"first","10":"instock","11":"taxable","12":"shipping-taxable","13":"product-type-simple","14":"entry","15":"content-bg","16":"loop-entry"},"taxonomy_info":{"product_cat":[{"value":1323,"label":"Tables d'appoint"}],"product_tag":[{"value":1513,"label":"Paramount"}]},"featured_image_src_large":["https:\/\/www.avenuedesigncanada.com\/wp-content\/uploads\/2026\/03\/U365840_VM-1024x1024.jpg",1024,1024,true],"author_info":[],"comment_info":"","_links":{"self":[{"href":"https:\/\/www.avenuedesigncanada.com\/fr\/wp-json\/wp\/v2\/product\/411977","targetHints":{"allow":["GET"]}}],"collection":[{"href":"https:\/\/www.avenuedesigncanada.com\/fr\/wp-json\/wp\/v2\/product"}],"about":[{"href":"https:\/\/www.avenuedesigncanada.com\/fr\/wp-json\/wp\/v2\/types\/product"}],"wp:featuredmedia":[{"embeddable":true,"href":"https:\/\/www.avenuedesigncanada.com\/fr\/wp-json\/wp\/v2\/media\/411519"}],"wp:attachment":[{"href":"https:\/\/www.avenuedesigncanada.com\/fr\/wp-json\/wp\/v2\/media?parent=411977"}],"wp:term":[{"taxonomy":"product_brand","embeddable":true,"href":"https:\/\/www.avenuedesigncanada.com\/fr\/wp-json\/wp\/v2\/product_brand?post=411977"},{"taxonomy":"product_cat","embeddable":true,"href":"https:\/\/www.avenuedesigncanada.com\/fr\/wp-json\/wp\/v2\/product_cat?post=411977"},{"taxonomy":"product_tag","embeddable":true,"href":"https:\/\/www.avenuedesigncanada.com\/fr\/wp-json\/wp\/v2\/product_tag?post=411977"}],"curies":[{"name":"wp","href":"https:\/\/api.w.org\/{rel}","templated":true}]}}