{"id":411979,"date":"2026-03-18T14:25:43","date_gmt":"2026-03-18T18:25:43","guid":{"rendered":"https:\/\/www.avenuedesigncanada.com\/product\/muse-table-bunching-petite\/"},"modified":"2026-03-18T14:35:14","modified_gmt":"2026-03-18T18:35:14","slug":"muse-table-bunching-petite","status":"publish","type":"product","link":"https:\/\/www.avenuedesigncanada.com\/fr\/product\/muse-table-bunching-petite\/","title":{"rendered":"Muse Table Bunching &#8211; Petite"},"content":{"rendered":"<p><em>  La table de regroupement Muse pr\u00e9sente les caract\u00e9ristiques suivantes : <em><br \/>\n Finition anthracite lav\u00e9<br \/>\nNiveaux r\u00e9glables<br \/>\nVous avez des questions sur ce produit ? Nos designers sont l\u00e0 pour vous aider. Appelez-nous au (514) 340-9351  <\/p>\n","protected":false},"excerpt":{"rendered":"<p>La table Muse Bunching pr\u00e9sente une composition artistique avec sa surface circulaire lisse orn\u00e9e d&rsquo;une nuance Washed Charcoal, ancr\u00e9e par une base \u00e0 trois pieds de fabrication unique. Cette table incarne une sophistication sereine, m\u00ealant des lignes architecturales \u00e0 une touche de chic et de modernit\u00e9, cr\u00e9ant ainsi une pi\u00e8ce accrocheuse qui rehausse la dynamique de tout espace raffin\u00e9. <\/p>\n","protected":false},"featured_media":411355,"template":"","meta":{"_kad_blocks_custom_css":"","_kad_blocks_head_custom_js":"","_kad_blocks_body_custom_js":"","_kad_blocks_footer_custom_js":"","_kad_post_transparent":"","_kad_post_title":"","_kad_post_layout":"","_kad_post_sidebar_id":"","_kad_post_content_style":"","_kad_post_vertical_padding":"","_kad_post_feature":"","_kad_post_feature_position":"","_kad_post_header":false,"_kad_post_footer":false,"_kad_post_classname":""},"product_brand":[],"product_cat":[1323],"product_tag":[1513],"class_list":{"0":"post-411979","1":"product","2":"type-product","3":"status-publish","4":"has-post-thumbnail","6":"product_cat-salon-tables-dappoint","7":"product_tag-paramount-fr","9":"first","10":"instock","11":"taxable","12":"shipping-taxable","13":"product-type-simple","14":"entry","15":"content-bg","16":"loop-entry"},"taxonomy_info":{"product_cat":[{"value":1323,"label":"Tables d'appoint"}],"product_tag":[{"value":1513,"label":"Paramount"}]},"featured_image_src_large":["https:\/\/www.avenuedesigncanada.com\/wp-content\/uploads\/2026\/03\/U352F808S_angle_VM-1024x1024.jpg",1024,1024,true],"author_info":[],"comment_info":"","_links":{"self":[{"href":"https:\/\/www.avenuedesigncanada.com\/fr\/wp-json\/wp\/v2\/product\/411979","targetHints":{"allow":["GET"]}}],"collection":[{"href":"https:\/\/www.avenuedesigncanada.com\/fr\/wp-json\/wp\/v2\/product"}],"about":[{"href":"https:\/\/www.avenuedesigncanada.com\/fr\/wp-json\/wp\/v2\/types\/product"}],"wp:featuredmedia":[{"embeddable":true,"href":"https:\/\/www.avenuedesigncanada.com\/fr\/wp-json\/wp\/v2\/media\/411355"}],"wp:attachment":[{"href":"https:\/\/www.avenuedesigncanada.com\/fr\/wp-json\/wp\/v2\/media?parent=411979"}],"wp:term":[{"taxonomy":"product_brand","embeddable":true,"href":"https:\/\/www.avenuedesigncanada.com\/fr\/wp-json\/wp\/v2\/product_brand?post=411979"},{"taxonomy":"product_cat","embeddable":true,"href":"https:\/\/www.avenuedesigncanada.com\/fr\/wp-json\/wp\/v2\/product_cat?post=411979"},{"taxonomy":"product_tag","embeddable":true,"href":"https:\/\/www.avenuedesigncanada.com\/fr\/wp-json\/wp\/v2\/product_tag?post=411979"}],"curies":[{"name":"wp","href":"https:\/\/api.w.org\/{rel}","templated":true}]}}