{"id":411980,"date":"2026-03-18T14:25:06","date_gmt":"2026-03-18T18:25:06","guid":{"rendered":"https:\/\/www.avenuedesigncanada.com\/product\/lit-mural-lux\/"},"modified":"2026-03-18T14:35:51","modified_gmt":"2026-03-18T18:35:51","slug":"lit-mural-lux","status":"publish","type":"product","link":"https:\/\/www.avenuedesigncanada.com\/fr\/product\/lit-mural-lux\/","title":{"rendered":"Lit mural Lux"},"content":{"rendered":"<p><em>  Les caract\u00e9ristiques du lit Lux Upholstered sont les suivantes : <em><br \/>\n Tissu : Medina Pebble<br \/>\nMatelas seulement<br \/>\nVous avez des questions sur ce produit ? Nos designers sont l\u00e0 pour vous aider. Appelez-nous au (514) 340-9351  <\/p>\n","protected":false},"excerpt":{"rendered":"<p>Le lit mural Lux \u00e9l\u00e8ve le concept de d\u00e9coration de la chambre \u00e0 coucher, refl\u00e9tant l&rsquo;opulence du lit capitonn\u00e9 Lux tout en \u00e9tendant son luxe au mur. Le vaste panneau arri\u00e8re, qui sert \u00e0 la fois de pi\u00e8ce fonctionnelle et d&rsquo;\u0153uvre d&rsquo;art saisissante, rehausse consid\u00e9rablement l&rsquo;espace mural gr\u00e2ce \u00e0 sa riche texture et \u00e0 sa profondeur dimensionnelle. Ce lit transforme l&rsquo;espace de couchage en une galerie sophistiqu\u00e9e, o\u00f9 la forme rencontre la fonction dans une symphonie d&rsquo;\u00e9l\u00e9gance.  <\/p>\n","protected":false},"featured_media":411245,"template":"","meta":{"_kad_blocks_custom_css":"","_kad_blocks_head_custom_js":"","_kad_blocks_body_custom_js":"","_kad_blocks_footer_custom_js":"","_kad_post_transparent":"","_kad_post_title":"","_kad_post_layout":"","_kad_post_sidebar_id":"","_kad_post_content_style":"","_kad_post_vertical_padding":"","_kad_post_feature":"","_kad_post_feature_position":"","_kad_post_header":false,"_kad_post_footer":false,"_kad_post_classname":""},"product_brand":[],"product_cat":[1296],"product_tag":[1513],"class_list":{"0":"post-411980","1":"product","2":"type-product","3":"status-publish","4":"has-post-thumbnail","6":"product_cat-lits","7":"product_tag-paramount-fr","9":"first","10":"instock","11":"taxable","12":"shipping-taxable","13":"product-type-simple","14":"entry","15":"content-bg","16":"loop-entry"},"taxonomy_info":{"product_cat":[{"value":1296,"label":"Lits"}],"product_tag":[{"value":1513,"label":"Paramount"}]},"featured_image_src_large":["https:\/\/www.avenuedesigncanada.com\/wp-content\/uploads\/2026\/03\/U352240B_VM-1024x1024.jpg",1024,1024,true],"author_info":[],"comment_info":"","_links":{"self":[{"href":"https:\/\/www.avenuedesigncanada.com\/fr\/wp-json\/wp\/v2\/product\/411980","targetHints":{"allow":["GET"]}}],"collection":[{"href":"https:\/\/www.avenuedesigncanada.com\/fr\/wp-json\/wp\/v2\/product"}],"about":[{"href":"https:\/\/www.avenuedesigncanada.com\/fr\/wp-json\/wp\/v2\/types\/product"}],"wp:featuredmedia":[{"embeddable":true,"href":"https:\/\/www.avenuedesigncanada.com\/fr\/wp-json\/wp\/v2\/media\/411245"}],"wp:attachment":[{"href":"https:\/\/www.avenuedesigncanada.com\/fr\/wp-json\/wp\/v2\/media?parent=411980"}],"wp:term":[{"taxonomy":"product_brand","embeddable":true,"href":"https:\/\/www.avenuedesigncanada.com\/fr\/wp-json\/wp\/v2\/product_brand?post=411980"},{"taxonomy":"product_cat","embeddable":true,"href":"https:\/\/www.avenuedesigncanada.com\/fr\/wp-json\/wp\/v2\/product_cat?post=411980"},{"taxonomy":"product_tag","embeddable":true,"href":"https:\/\/www.avenuedesigncanada.com\/fr\/wp-json\/wp\/v2\/product_tag?post=411980"}],"curies":[{"name":"wp","href":"https:\/\/api.w.org\/{rel}","templated":true}]}}