{"id":411981,"date":"2026-03-18T14:25:12","date_gmt":"2026-03-18T18:25:12","guid":{"rendered":"https:\/\/www.avenuedesigncanada.com\/product\/coffre-a-tiroirs-cove\/"},"modified":"2026-03-18T14:35:51","modified_gmt":"2026-03-18T18:35:51","slug":"coffre-a-tiroirs-cove","status":"publish","type":"product","link":"https:\/\/www.avenuedesigncanada.com\/fr\/product\/coffre-a-tiroirs-cove\/","title":{"rendered":"Coffre \u00e0 tiroirs Cove"},"content":{"rendered":"<p><em>  Le coffre \u00e0 tiroirs Cove pr\u00e9sente les caract\u00e9ristiques suivantes : <em><br \/>\n 5 tiroirs : Bijoux amovibles doubl\u00e9s de feutre gris<br \/>\nFinition en ch\u00eane gris<br \/>\nKit d&#8217;embouts<br \/>\nNiveleurs r\u00e9glables<br \/>\nVous avez des questions sur ce produit ? Nos designers sont l\u00e0 pour vous aider. Appelez-nous au (514) 340-9351  <\/p>\n","protected":false},"excerpt":{"rendered":"<p>Le coffre \u00e0 tiroirs Cove allie le meilleur de la forme et de la fonction avec ses cinq tiroirs spacieux dispos\u00e9s dans une finition en ch\u00eane gris serein. Les lignes \u00e9pur\u00e9es de la quincaillerie de bar rehaussent le design \u00e9l\u00e9gant de la pi\u00e8ce, offrant un ajout polyvalent et organique \u00e0 tout espace qui valorise la simplicit\u00e9 raffin\u00e9e et l&rsquo;\u00e9l\u00e9gance pratique. <\/p>\n","protected":false},"featured_media":411331,"template":"","meta":{"_kad_blocks_custom_css":"","_kad_blocks_head_custom_js":"","_kad_blocks_body_custom_js":"","_kad_blocks_footer_custom_js":"","_kad_post_transparent":"","_kad_post_title":"","_kad_post_layout":"","_kad_post_sidebar_id":"","_kad_post_content_style":"","_kad_post_vertical_padding":"","_kad_post_feature":"","_kad_post_feature_position":"","_kad_post_header":false,"_kad_post_footer":false,"_kad_post_classname":""},"product_brand":[],"product_cat":[1298],"product_tag":[1513],"class_list":{"0":"post-411981","1":"product","2":"type-product","3":"status-publish","4":"has-post-thumbnail","6":"product_cat-commodes","7":"product_tag-paramount-fr","9":"first","10":"instock","11":"taxable","12":"shipping-taxable","13":"product-type-simple","14":"entry","15":"content-bg","16":"loop-entry"},"taxonomy_info":{"product_cat":[{"value":1298,"label":"Commodes"}],"product_tag":[{"value":1513,"label":"Paramount"}]},"featured_image_src_large":["https:\/\/www.avenuedesigncanada.com\/wp-content\/uploads\/2026\/03\/U352B140_VM-1024x1024.jpg",1024,1024,true],"author_info":[],"comment_info":"","_links":{"self":[{"href":"https:\/\/www.avenuedesigncanada.com\/fr\/wp-json\/wp\/v2\/product\/411981","targetHints":{"allow":["GET"]}}],"collection":[{"href":"https:\/\/www.avenuedesigncanada.com\/fr\/wp-json\/wp\/v2\/product"}],"about":[{"href":"https:\/\/www.avenuedesigncanada.com\/fr\/wp-json\/wp\/v2\/types\/product"}],"wp:featuredmedia":[{"embeddable":true,"href":"https:\/\/www.avenuedesigncanada.com\/fr\/wp-json\/wp\/v2\/media\/411331"}],"wp:attachment":[{"href":"https:\/\/www.avenuedesigncanada.com\/fr\/wp-json\/wp\/v2\/media?parent=411981"}],"wp:term":[{"taxonomy":"product_brand","embeddable":true,"href":"https:\/\/www.avenuedesigncanada.com\/fr\/wp-json\/wp\/v2\/product_brand?post=411981"},{"taxonomy":"product_cat","embeddable":true,"href":"https:\/\/www.avenuedesigncanada.com\/fr\/wp-json\/wp\/v2\/product_cat?post=411981"},{"taxonomy":"product_tag","embeddable":true,"href":"https:\/\/www.avenuedesigncanada.com\/fr\/wp-json\/wp\/v2\/product_tag?post=411981"}],"curies":[{"name":"wp","href":"https:\/\/api.w.org\/{rel}","templated":true}]}}