{"id":411982,"date":"2026-03-18T14:25:08","date_gmt":"2026-03-18T18:25:08","guid":{"rendered":"https:\/\/www.avenuedesigncanada.com\/product\/lit-a-panneaux-walker\/"},"modified":"2026-03-18T14:35:52","modified_gmt":"2026-03-18T18:35:52","slug":"lit-a-panneaux-walker","status":"publish","type":"product","link":"https:\/\/www.avenuedesigncanada.com\/fr\/product\/lit-a-panneaux-walker\/","title":{"rendered":"Lit \u00e0 panneaux Walker"},"content":{"rendered":"<p><em>  Le lit \u00e0 panneaux Walker pr\u00e9sente les caract\u00e9ristiques suivantes : <em><br \/>\n Finition en ch\u00eane naturel<br \/>\nOptions de taille : Queen 66&Prime; x 90&Prime; x 62&Prime;<br \/>\nVous avez des questions sur ce produit ? Nos designers sont l\u00e0 pour vous aider. Appelez-nous au (514) 340-9351  <\/p>\n","protected":false},"excerpt":{"rendered":"<p>Le lit \u00e0 panneaux Walker est une c\u00e9l\u00e9bration de la beaut\u00e9 naturelle, fabriqu\u00e9 dans une finition organique en ch\u00eane naturel qui met en valeur les n\u0153uds inh\u00e9rents au bois et les marques uniques. Sa silhouette enti\u00e8rement en bois et sa t\u00eate de lit extra haute exsudent une allure \u00e0 la fois \u00e9l\u00e9gante et organique, invitant \u00e0 l&rsquo;admiration pour l&rsquo;\u00e9l\u00e9gance brute et les motifs complexes offerts par la nature. Ce lit allie un design minimaliste \u00e0 la chaleur des \u00e9l\u00e9ments naturels, cr\u00e9ant ainsi une atmosph\u00e8re de chambre \u00e0 coucher sereine et ancr\u00e9e.  <\/p>\n","protected":false},"featured_media":411255,"template":"","meta":{"_kad_blocks_custom_css":"","_kad_blocks_head_custom_js":"","_kad_blocks_body_custom_js":"","_kad_blocks_footer_custom_js":"","_kad_post_transparent":"","_kad_post_title":"","_kad_post_layout":"","_kad_post_sidebar_id":"","_kad_post_content_style":"","_kad_post_vertical_padding":"","_kad_post_feature":"","_kad_post_feature_position":"","_kad_post_header":false,"_kad_post_footer":false,"_kad_post_classname":""},"product_brand":[],"product_cat":[1296],"product_tag":[1513],"class_list":{"0":"post-411982","1":"product","2":"type-product","3":"status-publish","4":"has-post-thumbnail","6":"product_cat-lits","7":"product_tag-paramount-fr","9":"first","10":"instock","11":"taxable","12":"shipping-taxable","13":"product-type-simple","14":"entry","15":"content-bg","16":"loop-entry"},"taxonomy_info":{"product_cat":[{"value":1296,"label":"Lits"}],"product_tag":[{"value":1513,"label":"Paramount"}]},"featured_image_src_large":["https:\/\/www.avenuedesigncanada.com\/wp-content\/uploads\/2026\/03\/U352340B_VM-1024x1024.jpg",1024,1024,true],"author_info":[],"comment_info":"","_links":{"self":[{"href":"https:\/\/www.avenuedesigncanada.com\/fr\/wp-json\/wp\/v2\/product\/411982","targetHints":{"allow":["GET"]}}],"collection":[{"href":"https:\/\/www.avenuedesigncanada.com\/fr\/wp-json\/wp\/v2\/product"}],"about":[{"href":"https:\/\/www.avenuedesigncanada.com\/fr\/wp-json\/wp\/v2\/types\/product"}],"wp:featuredmedia":[{"embeddable":true,"href":"https:\/\/www.avenuedesigncanada.com\/fr\/wp-json\/wp\/v2\/media\/411255"}],"wp:attachment":[{"href":"https:\/\/www.avenuedesigncanada.com\/fr\/wp-json\/wp\/v2\/media?parent=411982"}],"wp:term":[{"taxonomy":"product_brand","embeddable":true,"href":"https:\/\/www.avenuedesigncanada.com\/fr\/wp-json\/wp\/v2\/product_brand?post=411982"},{"taxonomy":"product_cat","embeddable":true,"href":"https:\/\/www.avenuedesigncanada.com\/fr\/wp-json\/wp\/v2\/product_cat?post=411982"},{"taxonomy":"product_tag","embeddable":true,"href":"https:\/\/www.avenuedesigncanada.com\/fr\/wp-json\/wp\/v2\/product_tag?post=411982"}],"curies":[{"name":"wp","href":"https:\/\/api.w.org\/{rel}","templated":true}]}}