{"id":411984,"date":"2026-03-18T14:25:15","date_gmt":"2026-03-18T18:25:15","guid":{"rendered":"https:\/\/www.avenuedesigncanada.com\/product\/table-de-nuit-ingrid\/"},"modified":"2026-03-18T14:35:53","modified_gmt":"2026-03-18T18:35:53","slug":"table-de-nuit-ingrid","status":"publish","type":"product","link":"https:\/\/www.avenuedesigncanada.com\/fr\/product\/table-de-nuit-ingrid\/","title":{"rendered":"Table de nuit Ingrid"},"content":{"rendered":"<p><em>  La table de nuit Ingrid pr\u00e9sente les caract\u00e9ristiques suivantes : <em><br \/>\n 1 tiroir<br \/>\nEspace ouvert avec \u00e9tag\u00e8re<br \/>\nFinition en m\u00e9tal : Nickel poli<br \/>\nNiveaux ajust\u00e9s<br \/>\nVous avez des questions sur ce produit ? Nos designers sont l\u00e0 pour vous aider. Appelez-nous au (514) 340-9351  <\/p>\n","protected":false},"excerpt":{"rendered":"<p>La table de nuit Ingrid pr\u00e9sente un design \u00e9lev\u00e9 avec deux tiroirs, mettant en valeur de superbes fa\u00e7ades en s\u00e9l\u00e9nite sur une base \u00e9l\u00e9gante en nickel poli. Cette pi\u00e8ce incarne une esth\u00e9tique \u00e9pur\u00e9e et raffin\u00e9e, offrant une touche ultra-moderne qui s&rsquo;int\u00e8gre parfaitement dans les int\u00e9rieurs de chambres \u00e0 coucher sophistiqu\u00e9s. <\/p>\n","protected":false},"featured_media":411285,"template":"","meta":{"_kad_blocks_custom_css":"","_kad_blocks_head_custom_js":"","_kad_blocks_body_custom_js":"","_kad_blocks_footer_custom_js":"","_kad_post_transparent":"","_kad_post_title":"","_kad_post_layout":"","_kad_post_sidebar_id":"","_kad_post_content_style":"","_kad_post_vertical_padding":"","_kad_post_feature":"","_kad_post_feature_position":"","_kad_post_header":false,"_kad_post_footer":false,"_kad_post_classname":""},"product_brand":[],"product_cat":[1299],"product_tag":[1513],"class_list":{"0":"post-411984","1":"product","2":"type-product","3":"status-publish","4":"has-post-thumbnail","6":"product_cat-tables-de-nuit","7":"product_tag-paramount-fr","9":"first","10":"instock","11":"taxable","12":"shipping-taxable","13":"product-type-simple","14":"entry","15":"content-bg","16":"loop-entry"},"taxonomy_info":{"product_cat":[{"value":1299,"label":"Tables de chevet"}],"product_tag":[{"value":1513,"label":"Paramount"}]},"featured_image_src_large":["https:\/\/www.avenuedesigncanada.com\/wp-content\/uploads\/2026\/03\/U365360_VM-1024x1024.jpg",1024,1024,true],"author_info":[],"comment_info":"","_links":{"self":[{"href":"https:\/\/www.avenuedesigncanada.com\/fr\/wp-json\/wp\/v2\/product\/411984","targetHints":{"allow":["GET"]}}],"collection":[{"href":"https:\/\/www.avenuedesigncanada.com\/fr\/wp-json\/wp\/v2\/product"}],"about":[{"href":"https:\/\/www.avenuedesigncanada.com\/fr\/wp-json\/wp\/v2\/types\/product"}],"wp:featuredmedia":[{"embeddable":true,"href":"https:\/\/www.avenuedesigncanada.com\/fr\/wp-json\/wp\/v2\/media\/411285"}],"wp:attachment":[{"href":"https:\/\/www.avenuedesigncanada.com\/fr\/wp-json\/wp\/v2\/media?parent=411984"}],"wp:term":[{"taxonomy":"product_brand","embeddable":true,"href":"https:\/\/www.avenuedesigncanada.com\/fr\/wp-json\/wp\/v2\/product_brand?post=411984"},{"taxonomy":"product_cat","embeddable":true,"href":"https:\/\/www.avenuedesigncanada.com\/fr\/wp-json\/wp\/v2\/product_cat?post=411984"},{"taxonomy":"product_tag","embeddable":true,"href":"https:\/\/www.avenuedesigncanada.com\/fr\/wp-json\/wp\/v2\/product_tag?post=411984"}],"curies":[{"name":"wp","href":"https:\/\/api.w.org\/{rel}","templated":true}]}}