{"id":411986,"date":"2026-03-18T14:25:16","date_gmt":"2026-03-18T18:25:16","guid":{"rendered":"https:\/\/www.avenuedesigncanada.com\/product\/table-de-nuit-jonah\/"},"modified":"2026-03-18T14:35:55","modified_gmt":"2026-03-18T18:35:55","slug":"table-de-nuit-jonah","status":"publish","type":"product","link":"https:\/\/www.avenuedesigncanada.com\/fr\/product\/table-de-nuit-jonah\/","title":{"rendered":"Table de nuit Jonah"},"content":{"rendered":"<p><em>  La table de nuit Jonah pr\u00e9sente les caract\u00e9ristiques suivantes : <em><br \/>\n 2 tiroirs<br \/>\n1 \u00e9tag\u00e8re en m\u00e9tal<br \/>\nDessus et panneaux lat\u00e9raux en ch\u00eane blanc<br \/>\nFace des tiroirs en raphia<br \/>\nFinition en m\u00e9tal : Or<br \/>\nNiveaux r\u00e9glables<br \/>\nVous avez des questions sur ce produit ? Nos designers sont l\u00e0 pour vous aider. Appelez-nous au (514) 340-9351  <\/p>\n","protected":false},"excerpt":{"rendered":"<p>La table de nuit Jonah capture l&rsquo;essence du charme moderne du milieu du si\u00e8cle avec son esth\u00e9tique \u00e0 deux tons, m\u00e9langeant les teintes marron clair et fonc\u00e9. Cette pi\u00e8ce pr\u00e9sente des faces de tiroirs en raphia, compl\u00e9t\u00e9es par une \u00e9l\u00e9gante quincaillerie dor\u00e9e et encadr\u00e9es par un plateau et des c\u00f4t\u00e9s en ch\u00eane, cr\u00e9ant ainsi un \u00e9quilibre harmonieux de textures et de couleurs. <\/p>\n","protected":false},"featured_media":411273,"template":"","meta":{"_kad_blocks_custom_css":"","_kad_blocks_head_custom_js":"","_kad_blocks_body_custom_js":"","_kad_blocks_footer_custom_js":"","_kad_post_transparent":"","_kad_post_title":"","_kad_post_layout":"","_kad_post_sidebar_id":"","_kad_post_content_style":"","_kad_post_vertical_padding":"","_kad_post_feature":"","_kad_post_feature_position":"","_kad_post_header":false,"_kad_post_footer":false,"_kad_post_classname":""},"product_brand":[],"product_cat":[1299],"product_tag":[1513],"class_list":{"0":"post-411986","1":"product","2":"type-product","3":"status-publish","4":"has-post-thumbnail","6":"product_cat-tables-de-nuit","7":"product_tag-paramount-fr","9":"first","10":"instock","11":"taxable","12":"shipping-taxable","13":"product-type-simple","14":"entry","15":"content-bg","16":"loop-entry"},"taxonomy_info":{"product_cat":[{"value":1299,"label":"Tables de chevet"}],"product_tag":[{"value":1513,"label":"Paramount"}]},"featured_image_src_large":["https:\/\/www.avenuedesigncanada.com\/wp-content\/uploads\/2026\/03\/U365357_VM-1024x1024.jpg",1024,1024,true],"author_info":[],"comment_info":"","_links":{"self":[{"href":"https:\/\/www.avenuedesigncanada.com\/fr\/wp-json\/wp\/v2\/product\/411986","targetHints":{"allow":["GET"]}}],"collection":[{"href":"https:\/\/www.avenuedesigncanada.com\/fr\/wp-json\/wp\/v2\/product"}],"about":[{"href":"https:\/\/www.avenuedesigncanada.com\/fr\/wp-json\/wp\/v2\/types\/product"}],"wp:featuredmedia":[{"embeddable":true,"href":"https:\/\/www.avenuedesigncanada.com\/fr\/wp-json\/wp\/v2\/media\/411273"}],"wp:attachment":[{"href":"https:\/\/www.avenuedesigncanada.com\/fr\/wp-json\/wp\/v2\/media?parent=411986"}],"wp:term":[{"taxonomy":"product_brand","embeddable":true,"href":"https:\/\/www.avenuedesigncanada.com\/fr\/wp-json\/wp\/v2\/product_brand?post=411986"},{"taxonomy":"product_cat","embeddable":true,"href":"https:\/\/www.avenuedesigncanada.com\/fr\/wp-json\/wp\/v2\/product_cat?post=411986"},{"taxonomy":"product_tag","embeddable":true,"href":"https:\/\/www.avenuedesigncanada.com\/fr\/wp-json\/wp\/v2\/product_tag?post=411986"}],"curies":[{"name":"wp","href":"https:\/\/api.w.org\/{rel}","templated":true}]}}