{"id":411988,"date":"2026-03-18T14:25:17","date_gmt":"2026-03-18T18:25:17","guid":{"rendered":"https:\/\/www.avenuedesigncanada.com\/product\/table-de-nuit-leah\/"},"modified":"2026-03-18T14:35:56","modified_gmt":"2026-03-18T18:35:56","slug":"table-de-nuit-leah","status":"publish","type":"product","link":"https:\/\/www.avenuedesigncanada.com\/fr\/product\/table-de-nuit-leah\/","title":{"rendered":"Table de nuit Leah"},"content":{"rendered":"<p><em>  La table de nuit Leah pr\u00e9sente les caract\u00e9ristiques suivantes : <em><br \/>\n 1 tiroir<br \/>\nEspace ouvert avec \u00e9tag\u00e8re<br \/>\nDessus et panneaux lat\u00e9raux en ch\u00eane blanc<br \/>\nEnvelopp\u00e9 de raphia<br \/>\nFinition de la quincaillerie : Or<br \/>\nNiveaux r\u00e9glables<br \/>\nVous avez des questions sur ce produit ? Nos designers sont l\u00e0 pour vous aider. Appelez-nous au (514) 340-9351  <\/p>\n","protected":false},"excerpt":{"rendered":"<p>La table de nuit Leah, avec son tiroir unique et son corps enti\u00e8rement envelopp\u00e9 de raphia, fait une d\u00e9claration textur\u00e9e dans n&rsquo;importe quelle chambre \u00e0 coucher. La quincaillerie \u00e0 barre audacieuse et les accents des pieds ajoutent une touche de sophistication, rehaussant la riche texture et la profondeur visuelle de la pi\u00e8ce. <\/p>\n","protected":false},"featured_media":411221,"template":"","meta":{"_kad_blocks_custom_css":"","_kad_blocks_head_custom_js":"","_kad_blocks_body_custom_js":"","_kad_blocks_footer_custom_js":"","_kad_post_transparent":"","_kad_post_title":"","_kad_post_layout":"","_kad_post_sidebar_id":"","_kad_post_content_style":"","_kad_post_vertical_padding":"","_kad_post_feature":"","_kad_post_feature_position":"","_kad_post_header":false,"_kad_post_footer":false,"_kad_post_classname":""},"product_brand":[],"product_cat":[1299],"product_tag":[1513],"class_list":{"0":"post-411988","1":"product","2":"type-product","3":"status-publish","4":"has-post-thumbnail","6":"product_cat-tables-de-nuit","7":"product_tag-paramount-fr","9":"first","10":"instock","11":"taxable","12":"shipping-taxable","13":"product-type-simple","14":"entry","15":"content-bg","16":"loop-entry"},"taxonomy_info":{"product_cat":[{"value":1299,"label":"Tables de chevet"}],"product_tag":[{"value":1513,"label":"Paramount"}]},"featured_image_src_large":["https:\/\/www.avenuedesigncanada.com\/wp-content\/uploads\/2026\/03\/U365B355_VM_vm_001-1024x1024.jpg",1024,1024,true],"author_info":[],"comment_info":"","_links":{"self":[{"href":"https:\/\/www.avenuedesigncanada.com\/fr\/wp-json\/wp\/v2\/product\/411988","targetHints":{"allow":["GET"]}}],"collection":[{"href":"https:\/\/www.avenuedesigncanada.com\/fr\/wp-json\/wp\/v2\/product"}],"about":[{"href":"https:\/\/www.avenuedesigncanada.com\/fr\/wp-json\/wp\/v2\/types\/product"}],"wp:featuredmedia":[{"embeddable":true,"href":"https:\/\/www.avenuedesigncanada.com\/fr\/wp-json\/wp\/v2\/media\/411221"}],"wp:attachment":[{"href":"https:\/\/www.avenuedesigncanada.com\/fr\/wp-json\/wp\/v2\/media?parent=411988"}],"wp:term":[{"taxonomy":"product_brand","embeddable":true,"href":"https:\/\/www.avenuedesigncanada.com\/fr\/wp-json\/wp\/v2\/product_brand?post=411988"},{"taxonomy":"product_cat","embeddable":true,"href":"https:\/\/www.avenuedesigncanada.com\/fr\/wp-json\/wp\/v2\/product_cat?post=411988"},{"taxonomy":"product_tag","embeddable":true,"href":"https:\/\/www.avenuedesigncanada.com\/fr\/wp-json\/wp\/v2\/product_tag?post=411988"}],"curies":[{"name":"wp","href":"https:\/\/api.w.org\/{rel}","templated":true}]}}