{"id":411990,"date":"2026-03-18T14:25:27","date_gmt":"2026-03-18T18:25:27","guid":{"rendered":"https:\/\/www.avenuedesigncanada.com\/product\/commode-walker\/"},"modified":"2026-03-18T14:35:59","modified_gmt":"2026-03-18T18:35:59","slug":"commode-walker","status":"publish","type":"product","link":"https:\/\/www.avenuedesigncanada.com\/fr\/product\/commode-walker\/","title":{"rendered":"Commode Walker"},"content":{"rendered":"<p><em>  Le coffre \u00e0 tiroirs Walker pr\u00e9sente les caract\u00e9ristiques suivantes : <em><br \/>\n 10 tiroirs<br \/>\nFinition en ch\u00eane naturel organique<br \/>\nQuincaillerie en m\u00e9tal<br \/>\nKit d&#8217;embouts<br \/>\nNiveleurs r\u00e9glables<br \/>\nVous avez des questions sur ce produit ? Nos designers sont l\u00e0 pour vous aider. Appelez-nous au (514) 340-9351  <\/p>\n","protected":false},"excerpt":{"rendered":"<p>La commode Walker, avec ses dix tiroirs, pr\u00e9sente une interpr\u00e9tation moderne de la sym\u00e9trie et de l&rsquo;\u00e9quilibre. Rev\u00eatue d&rsquo;une finition organique en ch\u00eane naturel et agr\u00e9ment\u00e9e de poign\u00e9es \u00e9l\u00e9gantes aux tons fonc\u00e9s, cette pi\u00e8ce incarne une esth\u00e9tique \u00e0 la fois raffin\u00e9e et contemporaine. Ses lignes \u00e9pur\u00e9es et son design minimaliste conf\u00e8rent une ambiance majestueuse et moderne \u00e0 tout int\u00e9rieur et s&rsquo;int\u00e8grent parfaitement \u00e0 une d\u00e9coration d&rsquo;avant-garde.  <\/p>\n","protected":false},"featured_media":411405,"template":"","meta":{"_kad_blocks_custom_css":"","_kad_blocks_head_custom_js":"","_kad_blocks_body_custom_js":"","_kad_blocks_footer_custom_js":"","_kad_post_transparent":"","_kad_post_title":"","_kad_post_layout":"","_kad_post_sidebar_id":"","_kad_post_content_style":"","_kad_post_vertical_padding":"","_kad_post_feature":"","_kad_post_feature_position":"","_kad_post_header":false,"_kad_post_footer":false,"_kad_post_classname":""},"product_brand":[],"product_cat":[1298],"product_tag":[1513],"class_list":{"0":"post-411990","1":"product","2":"type-product","3":"status-publish","4":"has-post-thumbnail","6":"product_cat-commodes","7":"product_tag-paramount-fr","9":"first","10":"instock","11":"taxable","12":"shipping-taxable","13":"product-type-simple","14":"entry","15":"content-bg","16":"loop-entry"},"taxonomy_info":{"product_cat":[{"value":1298,"label":"Commodes"}],"product_tag":[{"value":1513,"label":"Paramount"}]},"featured_image_src_large":["https:\/\/www.avenuedesigncanada.com\/wp-content\/uploads\/2026\/03\/U352150_VM-1024x1024.jpg",1024,1024,true],"author_info":[],"comment_info":"","_links":{"self":[{"href":"https:\/\/www.avenuedesigncanada.com\/fr\/wp-json\/wp\/v2\/product\/411990","targetHints":{"allow":["GET"]}}],"collection":[{"href":"https:\/\/www.avenuedesigncanada.com\/fr\/wp-json\/wp\/v2\/product"}],"about":[{"href":"https:\/\/www.avenuedesigncanada.com\/fr\/wp-json\/wp\/v2\/types\/product"}],"wp:featuredmedia":[{"embeddable":true,"href":"https:\/\/www.avenuedesigncanada.com\/fr\/wp-json\/wp\/v2\/media\/411405"}],"wp:attachment":[{"href":"https:\/\/www.avenuedesigncanada.com\/fr\/wp-json\/wp\/v2\/media?parent=411990"}],"wp:term":[{"taxonomy":"product_brand","embeddable":true,"href":"https:\/\/www.avenuedesigncanada.com\/fr\/wp-json\/wp\/v2\/product_brand?post=411990"},{"taxonomy":"product_cat","embeddable":true,"href":"https:\/\/www.avenuedesigncanada.com\/fr\/wp-json\/wp\/v2\/product_cat?post=411990"},{"taxonomy":"product_tag","embeddable":true,"href":"https:\/\/www.avenuedesigncanada.com\/fr\/wp-json\/wp\/v2\/product_tag?post=411990"}],"curies":[{"name":"wp","href":"https:\/\/api.w.org\/{rel}","templated":true}]}}