{"id":411992,"date":"2026-03-18T14:25:22","date_gmt":"2026-03-18T18:25:22","guid":{"rendered":"https:\/\/www.avenuedesigncanada.com\/product\/table-de-nuit-lyra\/"},"modified":"2026-03-18T14:36:01","modified_gmt":"2026-03-18T18:36:01","slug":"table-de-nuit-lyra","status":"publish","type":"product","link":"https:\/\/www.avenuedesigncanada.com\/fr\/product\/table-de-nuit-lyra\/","title":{"rendered":"Table de nuit Lyra"},"content":{"rendered":"<p><em>  La table de nuit Lyra pr\u00e9sente les caract\u00e9ristiques suivantes : <em><br \/>\n 1 tiroir<br \/>\nGuides de tiroir \u00e0 fermeture douce<br \/>\nTablette ouverte<br \/>\n\u00c9lectricit\u00e9 avec 2 USB et 2 prises<br \/>\nTiroir, fa\u00e7ade et tablette envelopp\u00e9s de cheveux gris sur peau<br \/>\nBase en m\u00e9tal nickel poli<br \/>\nNiveleurs r\u00e9glables<br \/>\nAvez-vous des questions au sujet de ce produit ? Nos designers sont l\u00e0 pour vous aider. Appelez-nous au (514) 340-9351  <\/p>\n","protected":false},"excerpt":{"rendered":"<p>La table de nuit Lyra pr\u00e9sente un m\u00e9lange unique de textures avec son tiroir et son \u00e9tag\u00e8re ouverte inf\u00e9rieure, envelopp\u00e9s dans une finition gris poil sur peau. Cette fusion intrigante est soulign\u00e9e par des accents distinctifs d&rsquo;acrylique et de nickel poli, cr\u00e9ant une pi\u00e8ce qui se distingue par son interaction sophistiqu\u00e9e de mat\u00e9riaux et son flair moderne. <\/p>\n","protected":false},"featured_media":411365,"template":"","meta":{"_kad_blocks_custom_css":"","_kad_blocks_head_custom_js":"","_kad_blocks_body_custom_js":"","_kad_blocks_footer_custom_js":"","_kad_post_transparent":"","_kad_post_title":"","_kad_post_layout":"","_kad_post_sidebar_id":"","_kad_post_content_style":"","_kad_post_vertical_padding":"","_kad_post_feature":"","_kad_post_feature_position":"","_kad_post_header":false,"_kad_post_footer":false,"_kad_post_classname":""},"product_brand":[],"product_cat":[1299],"product_tag":[1513],"class_list":{"0":"post-411992","1":"product","2":"type-product","3":"status-publish","4":"has-post-thumbnail","6":"product_cat-tables-de-nuit","7":"product_tag-paramount-fr","9":"first","10":"instock","11":"taxable","12":"shipping-taxable","13":"product-type-simple","14":"entry","15":"content-bg","16":"loop-entry"},"taxonomy_info":{"product_cat":[{"value":1299,"label":"Tables de chevet"}],"product_tag":[{"value":1513,"label":"Paramount"}]},"featured_image_src_large":["https:\/\/www.avenuedesigncanada.com\/wp-content\/uploads\/2026\/03\/U365A350_VM-1024x1024.jpg",1024,1024,true],"author_info":[],"comment_info":"","_links":{"self":[{"href":"https:\/\/www.avenuedesigncanada.com\/fr\/wp-json\/wp\/v2\/product\/411992","targetHints":{"allow":["GET"]}}],"collection":[{"href":"https:\/\/www.avenuedesigncanada.com\/fr\/wp-json\/wp\/v2\/product"}],"about":[{"href":"https:\/\/www.avenuedesigncanada.com\/fr\/wp-json\/wp\/v2\/types\/product"}],"wp:featuredmedia":[{"embeddable":true,"href":"https:\/\/www.avenuedesigncanada.com\/fr\/wp-json\/wp\/v2\/media\/411365"}],"wp:attachment":[{"href":"https:\/\/www.avenuedesigncanada.com\/fr\/wp-json\/wp\/v2\/media?parent=411992"}],"wp:term":[{"taxonomy":"product_brand","embeddable":true,"href":"https:\/\/www.avenuedesigncanada.com\/fr\/wp-json\/wp\/v2\/product_brand?post=411992"},{"taxonomy":"product_cat","embeddable":true,"href":"https:\/\/www.avenuedesigncanada.com\/fr\/wp-json\/wp\/v2\/product_cat?post=411992"},{"taxonomy":"product_tag","embeddable":true,"href":"https:\/\/www.avenuedesigncanada.com\/fr\/wp-json\/wp\/v2\/product_tag?post=411992"}],"curies":[{"name":"wp","href":"https:\/\/api.w.org\/{rel}","templated":true}]}}