{"id":411993,"date":"2026-03-18T14:25:28","date_gmt":"2026-03-18T18:25:28","guid":{"rendered":"https:\/\/www.avenuedesigncanada.com\/product\/table-dextremite-ellis\/"},"modified":"2026-03-18T14:36:01","modified_gmt":"2026-03-18T18:36:01","slug":"table-dextremite-ellis","status":"publish","type":"product","link":"https:\/\/www.avenuedesigncanada.com\/fr\/product\/table-dextremite-ellis\/","title":{"rendered":"Table d&rsquo;extr\u00e9mit\u00e9 Ellis"},"content":{"rendered":"<p><em>  La table d&rsquo;extr\u00e9mit\u00e9 Ellis pr\u00e9sente les caract\u00e9ristiques suivantes : <em><br \/>\n Base en ch\u00eane naturel<br \/>\nDessus en quartz blanc adouci<br \/>\nVous avez des questions sur ce produit ? Nos designers sont l\u00e0 pour vous aider. Appelez-nous au (514) 340-9351  <\/p>\n","protected":false},"excerpt":{"rendered":"<p>La table d&rsquo;appoint Ellis allie le charme organique d&rsquo;une base en ch\u00eane naturel \u00e0 l&rsquo;\u00e9l\u00e9gance raffin\u00e9e d&rsquo;un plateau en quartz blanc adouci. Cette pi\u00e8ce est \u00e9l\u00e9gamment con\u00e7ue avec une \u00e9tag\u00e8re \u00e0 l&rsquo;air libre en dessous, offrant \u00e0 la fois une fonctionnalit\u00e9 et une esth\u00e9tique sophistiqu\u00e9e, parfaite pour compl\u00e9ter n&rsquo;importe quel espace de vie avec une touche de beaut\u00e9 naturelle et d&rsquo;\u00e9l\u00e9gance pratique. <\/p>\n","protected":false},"featured_media":411437,"template":"","meta":{"_kad_blocks_custom_css":"","_kad_blocks_head_custom_js":"","_kad_blocks_body_custom_js":"","_kad_blocks_footer_custom_js":"","_kad_post_transparent":"","_kad_post_title":"","_kad_post_layout":"","_kad_post_sidebar_id":"","_kad_post_content_style":"","_kad_post_vertical_padding":"","_kad_post_feature":"","_kad_post_feature_position":"","_kad_post_header":false,"_kad_post_footer":false,"_kad_post_classname":""},"product_brand":[],"product_cat":[1323],"product_tag":[1513],"class_list":{"0":"post-411993","1":"product","2":"type-product","3":"status-publish","4":"has-post-thumbnail","6":"product_cat-salon-tables-dappoint","7":"product_tag-paramount-fr","9":"first","10":"instock","11":"taxable","12":"shipping-taxable","13":"product-type-simple","14":"entry","15":"content-bg","16":"loop-entry"},"taxonomy_info":{"product_cat":[{"value":1323,"label":"Tables d'appoint"}],"product_tag":[{"value":1513,"label":"Paramount"}]},"featured_image_src_large":["https:\/\/www.avenuedesigncanada.com\/wp-content\/uploads\/2026\/03\/U352812_VM-1024x1024.jpg",1024,1024,true],"author_info":[],"comment_info":"","_links":{"self":[{"href":"https:\/\/www.avenuedesigncanada.com\/fr\/wp-json\/wp\/v2\/product\/411993","targetHints":{"allow":["GET"]}}],"collection":[{"href":"https:\/\/www.avenuedesigncanada.com\/fr\/wp-json\/wp\/v2\/product"}],"about":[{"href":"https:\/\/www.avenuedesigncanada.com\/fr\/wp-json\/wp\/v2\/types\/product"}],"wp:featuredmedia":[{"embeddable":true,"href":"https:\/\/www.avenuedesigncanada.com\/fr\/wp-json\/wp\/v2\/media\/411437"}],"wp:attachment":[{"href":"https:\/\/www.avenuedesigncanada.com\/fr\/wp-json\/wp\/v2\/media?parent=411993"}],"wp:term":[{"taxonomy":"product_brand","embeddable":true,"href":"https:\/\/www.avenuedesigncanada.com\/fr\/wp-json\/wp\/v2\/product_brand?post=411993"},{"taxonomy":"product_cat","embeddable":true,"href":"https:\/\/www.avenuedesigncanada.com\/fr\/wp-json\/wp\/v2\/product_cat?post=411993"},{"taxonomy":"product_tag","embeddable":true,"href":"https:\/\/www.avenuedesigncanada.com\/fr\/wp-json\/wp\/v2\/product_tag?post=411993"}],"curies":[{"name":"wp","href":"https:\/\/api.w.org\/{rel}","templated":true}]}}