{"id":411995,"date":"2026-03-18T14:25:29","date_gmt":"2026-03-18T18:25:29","guid":{"rendered":"https:\/\/www.avenuedesigncanada.com\/product\/cabinet-ellis\/"},"modified":"2026-03-18T14:36:02","modified_gmt":"2026-03-18T18:36:02","slug":"cabinet-ellis","status":"publish","type":"product","link":"https:\/\/www.avenuedesigncanada.com\/fr\/product\/cabinet-ellis\/","title":{"rendered":"Cabinet Ellis"},"content":{"rendered":"<p><em>  La table \u00e0 cocktail Ellis pr\u00e9sente les caract\u00e9ristiques suivantes : <em><br \/>\n Base en ch\u00eane naturel<br \/>\nPlateau en quartz blanc adouci<br \/>\nRoulettes<br \/>\nVous avez des questions sur ce produit ? Nos designers sont l\u00e0 pour vous aider. Appelez-nous au (514) 340-9351  <\/p>\n","protected":false},"excerpt":{"rendered":"<p>La table \u00e0 cocktail Ellis attire l&rsquo;attention avec son design organique \u00e0 deux tons, associant une base en ch\u00eane naturel \u00e0 un plateau en quartz blanc adouci. Cette combinaison constitue une d\u00e9claration fra\u00eeche et \u00e9l\u00e9gante, ancrant les espaces modernes avec une pi\u00e8ce qui fusionne la beaut\u00e9 brute de la nature avec une touche d&rsquo;\u00e9l\u00e9gance raffin\u00e9e. <\/p>\n","protected":false},"featured_media":411443,"template":"","meta":{"_kad_blocks_custom_css":"","_kad_blocks_head_custom_js":"","_kad_blocks_body_custom_js":"","_kad_blocks_footer_custom_js":"","_kad_post_transparent":"","_kad_post_title":"","_kad_post_layout":"","_kad_post_sidebar_id":"","_kad_post_content_style":"","_kad_post_vertical_padding":"","_kad_post_feature":"","_kad_post_feature_position":"","_kad_post_header":false,"_kad_post_footer":false,"_kad_post_classname":""},"product_brand":[],"product_cat":[1327],"product_tag":[1513],"class_list":{"0":"post-411995","1":"product","2":"type-product","3":"status-publish","4":"has-post-thumbnail","6":"product_cat-salon-tables-a-cafe","7":"product_tag-paramount-fr","9":"first","10":"instock","11":"taxable","12":"shipping-taxable","13":"product-type-simple","14":"entry","15":"content-bg","16":"loop-entry"},"taxonomy_info":{"product_cat":[{"value":1327,"label":"Tables \u00e0 caf\u00e9"}],"product_tag":[{"value":1513,"label":"Paramount"}]},"featured_image_src_large":["https:\/\/www.avenuedesigncanada.com\/wp-content\/uploads\/2026\/03\/U352829_VM-1024x1024.jpg",1024,1024,true],"author_info":[],"comment_info":"","_links":{"self":[{"href":"https:\/\/www.avenuedesigncanada.com\/fr\/wp-json\/wp\/v2\/product\/411995","targetHints":{"allow":["GET"]}}],"collection":[{"href":"https:\/\/www.avenuedesigncanada.com\/fr\/wp-json\/wp\/v2\/product"}],"about":[{"href":"https:\/\/www.avenuedesigncanada.com\/fr\/wp-json\/wp\/v2\/types\/product"}],"wp:featuredmedia":[{"embeddable":true,"href":"https:\/\/www.avenuedesigncanada.com\/fr\/wp-json\/wp\/v2\/media\/411443"}],"wp:attachment":[{"href":"https:\/\/www.avenuedesigncanada.com\/fr\/wp-json\/wp\/v2\/media?parent=411995"}],"wp:term":[{"taxonomy":"product_brand","embeddable":true,"href":"https:\/\/www.avenuedesigncanada.com\/fr\/wp-json\/wp\/v2\/product_brand?post=411995"},{"taxonomy":"product_cat","embeddable":true,"href":"https:\/\/www.avenuedesigncanada.com\/fr\/wp-json\/wp\/v2\/product_cat?post=411995"},{"taxonomy":"product_tag","embeddable":true,"href":"https:\/\/www.avenuedesigncanada.com\/fr\/wp-json\/wp\/v2\/product_tag?post=411995"}],"curies":[{"name":"wp","href":"https:\/\/api.w.org\/{rel}","templated":true}]}}