{"id":412000,"date":"2026-03-18T14:25:31","date_gmt":"2026-03-18T18:25:31","guid":{"rendered":"https:\/\/www.avenuedesigncanada.com\/product\/table-dextremite-ronde-asher\/"},"modified":"2026-03-18T14:36:07","modified_gmt":"2026-03-18T18:36:07","slug":"table-dextremite-ronde-asher","status":"publish","type":"product","link":"https:\/\/www.avenuedesigncanada.com\/fr\/product\/table-dextremite-ronde-asher\/","title":{"rendered":"Table d&rsquo;extr\u00e9mit\u00e9 ronde Asher"},"content":{"rendered":"<p><em>  La table d&rsquo;extr\u00e9mit\u00e9 ronde Asher pr\u00e9sente les caract\u00e9ristiques suivantes : <em><br \/>\n Aluminium moul\u00e9<br \/>\nFinition : Graphite<br \/>\nR\u00e9serv\u00e9e \u00e0 l&rsquo;ext\u00e9rieur sous abri<br \/>\nNiveleurs r\u00e9glables<br \/>\nVous avez des questions sur ce produit ? Nos designers sont l\u00e0 pour vous aider. Appelez-nous au (514) 340-9351  <\/p>\n","protected":false},"excerpt":{"rendered":"<p>La table d&rsquo;extr\u00e9mit\u00e9 ronde Asher incarne la fra\u00eecheur succincte et avant-gardiste avec sa construction en aluminium moul\u00e9 et sa finition graphite. Son design est mis en valeur par des stries verticales textur\u00e9es, qui non seulement attirent le regard mais rehaussent \u00e9galement l&rsquo;attrait visuel de la table, ajoutant de la profondeur et de l&rsquo;intrigue aux espaces contemporains. <\/p>\n","protected":false},"featured_media":411455,"template":"","meta":{"_kad_blocks_custom_css":"","_kad_blocks_head_custom_js":"","_kad_blocks_body_custom_js":"","_kad_blocks_footer_custom_js":"","_kad_post_transparent":"","_kad_post_title":"","_kad_post_layout":"","_kad_post_sidebar_id":"","_kad_post_content_style":"","_kad_post_vertical_padding":"","_kad_post_feature":"","_kad_post_feature_position":"","_kad_post_header":false,"_kad_post_footer":false,"_kad_post_classname":""},"product_brand":[],"product_cat":[1323],"product_tag":[1513],"class_list":{"0":"post-412000","1":"product","2":"type-product","3":"status-publish","4":"has-post-thumbnail","6":"product_cat-salon-tables-dappoint","7":"product_tag-paramount-fr","9":"first","10":"instock","11":"taxable","12":"shipping-taxable","13":"product-type-simple","14":"entry","15":"content-bg","16":"loop-entry"},"taxonomy_info":{"product_cat":[{"value":1323,"label":"Tables d'appoint"}],"product_tag":[{"value":1513,"label":"Paramount"}]},"featured_image_src_large":["https:\/\/www.avenuedesigncanada.com\/wp-content\/uploads\/2026\/03\/U365805_VM-1024x1024.jpg",1024,1024,true],"author_info":[],"comment_info":"","_links":{"self":[{"href":"https:\/\/www.avenuedesigncanada.com\/fr\/wp-json\/wp\/v2\/product\/412000","targetHints":{"allow":["GET"]}}],"collection":[{"href":"https:\/\/www.avenuedesigncanada.com\/fr\/wp-json\/wp\/v2\/product"}],"about":[{"href":"https:\/\/www.avenuedesigncanada.com\/fr\/wp-json\/wp\/v2\/types\/product"}],"wp:featuredmedia":[{"embeddable":true,"href":"https:\/\/www.avenuedesigncanada.com\/fr\/wp-json\/wp\/v2\/media\/411455"}],"wp:attachment":[{"href":"https:\/\/www.avenuedesigncanada.com\/fr\/wp-json\/wp\/v2\/media?parent=412000"}],"wp:term":[{"taxonomy":"product_brand","embeddable":true,"href":"https:\/\/www.avenuedesigncanada.com\/fr\/wp-json\/wp\/v2\/product_brand?post=412000"},{"taxonomy":"product_cat","embeddable":true,"href":"https:\/\/www.avenuedesigncanada.com\/fr\/wp-json\/wp\/v2\/product_cat?post=412000"},{"taxonomy":"product_tag","embeddable":true,"href":"https:\/\/www.avenuedesigncanada.com\/fr\/wp-json\/wp\/v2\/product_tag?post=412000"}],"curies":[{"name":"wp","href":"https:\/\/api.w.org\/{rel}","templated":true}]}}