{"id":412003,"date":"2026-03-18T14:25:34","date_gmt":"2026-03-18T18:25:34","guid":{"rendered":"https:\/\/www.avenuedesigncanada.com\/product\/table-dextremite-magnus\/"},"modified":"2026-03-18T14:36:11","modified_gmt":"2026-03-18T18:36:11","slug":"table-dextremite-magnus","status":"publish","type":"product","link":"https:\/\/www.avenuedesigncanada.com\/fr\/product\/table-dextremite-magnus\/","title":{"rendered":"Table d&rsquo;extr\u00e9mit\u00e9 Magnus"},"content":{"rendered":"<p><em>  La table d&rsquo;appoint Magnus pr\u00e9sente les caract\u00e9ristiques suivantes : <em><br \/>\n Marbre Portoro dor\u00e9<br \/>\nFinition adoucie<br \/>\nPatins en feutre au bas des pieds<br \/>\nVous avez des questions sur ce produit ? Nos designers sont l\u00e0 pour vous aider. Appelez-nous au (514) 340-9351  <\/p>\n","protected":false},"excerpt":{"rendered":"<p>La table d&rsquo;appoint Magnus, fabriqu\u00e9e en marbre Portoro dor\u00e9 d&rsquo;un noir profond, pr\u00e9sente une silhouette circulaire frappante avec trois pieds en forme de dalle, chacun \u00e9tant reli\u00e9 par des d\u00e9tails uniques et complexes. Ce design robuste et \u00e9l\u00e9gant offre une pr\u00e9sence imposante, alliant une mat\u00e9rialit\u00e9 luxueuse \u00e0 un jeu de formes qui attire l&rsquo;attention. <\/p>\n","protected":false},"featured_media":411493,"template":"","meta":{"_kad_blocks_custom_css":"","_kad_blocks_head_custom_js":"","_kad_blocks_body_custom_js":"","_kad_blocks_footer_custom_js":"","_kad_post_transparent":"","_kad_post_title":"","_kad_post_layout":"","_kad_post_sidebar_id":"","_kad_post_content_style":"","_kad_post_vertical_padding":"","_kad_post_feature":"","_kad_post_feature_position":"","_kad_post_header":false,"_kad_post_footer":false,"_kad_post_classname":""},"product_brand":[],"product_cat":[1323],"product_tag":[1513],"class_list":{"0":"post-412003","1":"product","2":"type-product","3":"status-publish","4":"has-post-thumbnail","6":"product_cat-salon-tables-dappoint","7":"product_tag-paramount-fr","9":"first","10":"instock","11":"taxable","12":"shipping-taxable","13":"product-type-simple","14":"entry","15":"content-bg","16":"loop-entry"},"taxonomy_info":{"product_cat":[{"value":1323,"label":"Tables d'appoint"}],"product_tag":[{"value":1513,"label":"Paramount"}]},"featured_image_src_large":["https:\/\/www.avenuedesigncanada.com\/wp-content\/uploads\/2026\/03\/U365819_VM-1024x1024.jpg",1024,1024,true],"author_info":[],"comment_info":"","_links":{"self":[{"href":"https:\/\/www.avenuedesigncanada.com\/fr\/wp-json\/wp\/v2\/product\/412003","targetHints":{"allow":["GET"]}}],"collection":[{"href":"https:\/\/www.avenuedesigncanada.com\/fr\/wp-json\/wp\/v2\/product"}],"about":[{"href":"https:\/\/www.avenuedesigncanada.com\/fr\/wp-json\/wp\/v2\/types\/product"}],"wp:featuredmedia":[{"embeddable":true,"href":"https:\/\/www.avenuedesigncanada.com\/fr\/wp-json\/wp\/v2\/media\/411493"}],"wp:attachment":[{"href":"https:\/\/www.avenuedesigncanada.com\/fr\/wp-json\/wp\/v2\/media?parent=412003"}],"wp:term":[{"taxonomy":"product_brand","embeddable":true,"href":"https:\/\/www.avenuedesigncanada.com\/fr\/wp-json\/wp\/v2\/product_brand?post=412003"},{"taxonomy":"product_cat","embeddable":true,"href":"https:\/\/www.avenuedesigncanada.com\/fr\/wp-json\/wp\/v2\/product_cat?post=412003"},{"taxonomy":"product_tag","embeddable":true,"href":"https:\/\/www.avenuedesigncanada.com\/fr\/wp-json\/wp\/v2\/product_tag?post=412003"}],"curies":[{"name":"wp","href":"https:\/\/api.w.org\/{rel}","templated":true}]}}