{"id":412005,"date":"2026-03-18T14:25:05","date_gmt":"2026-03-18T18:25:05","guid":{"rendered":"https:\/\/www.avenuedesigncanada.com\/product\/lux-lit-rembourre\/"},"modified":"2026-03-18T14:36:23","modified_gmt":"2026-03-18T18:36:23","slug":"lux-lit-rembourre","status":"publish","type":"product","link":"https:\/\/www.avenuedesigncanada.com\/fr\/product\/lux-lit-rembourre\/","title":{"rendered":"Lux Lit rembourr\u00e9"},"content":{"rendered":"<p><em>  Les caract\u00e9ristiques du lit Lux Upholstered sont les suivantes : <em><br \/>\n Tissu : Medina Pebble<br \/>\nMatelas seulement<br \/>\nVous avez des questions sur ce produit ? Nos designers sont l\u00e0 pour vous aider. Appelez-nous au (514) 340-9351  <\/p>\n","protected":false},"excerpt":{"rendered":"<p>Le lit Lux Upholstered est l&rsquo;incarnation de l&rsquo;opulence, avec sa silhouette grandiose et luxueuse orn\u00e9e de bords m\u00e9ticuleusement tuft\u00e9s qui introduisent un effet richement textur\u00e9. Habill\u00e9 de l&rsquo;allure tactile du tissu Medina Pebble, ce lit est dot\u00e9 d&rsquo;un cadre surdimensionn\u00e9 qui constitue une pi\u00e8ce ma\u00eetresse audacieuse, alliant un confort somptueux \u00e0 une \u00e9l\u00e9gance in\u00e9gal\u00e9e. <\/p>\n","protected":false},"featured_media":411249,"template":"","meta":{"_kad_blocks_custom_css":"","_kad_blocks_head_custom_js":"","_kad_blocks_body_custom_js":"","_kad_blocks_footer_custom_js":"","_kad_post_transparent":"","_kad_post_title":"","_kad_post_layout":"","_kad_post_sidebar_id":"","_kad_post_content_style":"","_kad_post_vertical_padding":"","_kad_post_feature":"","_kad_post_feature_position":"","_kad_post_header":false,"_kad_post_footer":false,"_kad_post_classname":""},"product_brand":[],"product_cat":[1296],"product_tag":[1513],"class_list":{"0":"post-412005","1":"product","2":"type-product","3":"status-publish","4":"has-post-thumbnail","6":"product_cat-lits","7":"product_tag-paramount-fr","9":"first","10":"instock","11":"taxable","12":"shipping-taxable","13":"product-type-simple","14":"entry","15":"content-bg","16":"loop-entry"},"taxonomy_info":{"product_cat":[{"value":1296,"label":"Lits"}],"product_tag":[{"value":1513,"label":"Paramount"}]},"featured_image_src_large":["https:\/\/www.avenuedesigncanada.com\/wp-content\/uploads\/2026\/03\/U352241B_VM-1024x1024.jpg",1024,1024,true],"author_info":[],"comment_info":"","_links":{"self":[{"href":"https:\/\/www.avenuedesigncanada.com\/fr\/wp-json\/wp\/v2\/product\/412005","targetHints":{"allow":["GET"]}}],"collection":[{"href":"https:\/\/www.avenuedesigncanada.com\/fr\/wp-json\/wp\/v2\/product"}],"about":[{"href":"https:\/\/www.avenuedesigncanada.com\/fr\/wp-json\/wp\/v2\/types\/product"}],"wp:featuredmedia":[{"embeddable":true,"href":"https:\/\/www.avenuedesigncanada.com\/fr\/wp-json\/wp\/v2\/media\/411249"}],"wp:attachment":[{"href":"https:\/\/www.avenuedesigncanada.com\/fr\/wp-json\/wp\/v2\/media?parent=412005"}],"wp:term":[{"taxonomy":"product_brand","embeddable":true,"href":"https:\/\/www.avenuedesigncanada.com\/fr\/wp-json\/wp\/v2\/product_brand?post=412005"},{"taxonomy":"product_cat","embeddable":true,"href":"https:\/\/www.avenuedesigncanada.com\/fr\/wp-json\/wp\/v2\/product_cat?post=412005"},{"taxonomy":"product_tag","embeddable":true,"href":"https:\/\/www.avenuedesigncanada.com\/fr\/wp-json\/wp\/v2\/product_tag?post=412005"}],"curies":[{"name":"wp","href":"https:\/\/api.w.org\/{rel}","templated":true}]}}