{"id":412007,"date":"2026-03-18T14:25:04","date_gmt":"2026-03-18T18:25:04","guid":{"rendered":"https:\/\/www.avenuedesigncanada.com\/product\/lit-aceton\/"},"modified":"2026-03-18T14:36:25","modified_gmt":"2026-03-18T18:36:25","slug":"lit-aceton","status":"publish","type":"product","link":"https:\/\/www.avenuedesigncanada.com\/fr\/product\/lit-aceton\/","title":{"rendered":"Lit Aceton"},"content":{"rendered":"<p><em>  Le lit Aceton pr\u00e9sente les caract\u00e9ristiques suivantes : <em><br \/>\n Finition en ch\u00eane blanc<br \/>\nBoxspring + Matelas<br \/>\nOptions de taille : Queen 63&Prime; x 90&Prime; x 52&Prime;<br \/>\nVous avez des questions sur ce produit ? Nos designers sont l\u00e0 pour vous aider. Appelez-nous au (514) 340-9351  <\/p>\n","protected":false},"excerpt":{"rendered":"<p>Le lit Aceton King est fabriqu\u00e9 dans une finition chaude de ch\u00eane blanc. Ses lignes \u00e9pur\u00e9es et architecturales \u00e9voquent un sentiment de l\u00e9g\u00e8ret\u00e9 et d&rsquo;\u00e9quilibre. La large t\u00eate de lit est une expression gracieuse du minimalisme moderne, offrant une toile de fond sereine qui compl\u00e8te \u00e0 la fois les matins tranquilles et les soir\u00e9es calmes. Des d\u00e9tails subtils et des proportions r\u00e9fl\u00e9chies conf\u00e8rent \u00e0 ce lit une \u00e9l\u00e9gance intemporelle, qui en fait la pierre angulaire de retraites reposantes et d&rsquo;une vie quotidienne luxueuse.   <\/p>\n","protected":false},"featured_media":411209,"template":"","meta":{"_kad_blocks_custom_css":"","_kad_blocks_head_custom_js":"","_kad_blocks_body_custom_js":"","_kad_blocks_footer_custom_js":"","_kad_post_transparent":"","_kad_post_title":"","_kad_post_layout":"","_kad_post_sidebar_id":"","_kad_post_content_style":"","_kad_post_vertical_padding":"","_kad_post_feature":"","_kad_post_feature_position":"","_kad_post_header":false,"_kad_post_footer":false,"_kad_post_classname":""},"product_brand":[],"product_cat":[1296],"product_tag":[1513],"class_list":{"0":"post-412007","1":"product","2":"type-product","3":"status-publish","4":"has-post-thumbnail","6":"product_cat-lits","7":"product_tag-paramount-fr","9":"first","10":"instock","11":"taxable","12":"shipping-taxable","13":"product-type-simple","14":"entry","15":"content-bg","16":"loop-entry"},"taxonomy_info":{"product_cat":[{"value":1296,"label":"Lits"}],"product_tag":[{"value":1513,"label":"Paramount"}]},"featured_image_src_large":["https:\/\/www.avenuedesigncanada.com\/wp-content\/uploads\/2026\/03\/U352C320BQueen_new_crop-1024x1024.jpg",1024,1024,true],"author_info":[],"comment_info":"","_links":{"self":[{"href":"https:\/\/www.avenuedesigncanada.com\/fr\/wp-json\/wp\/v2\/product\/412007","targetHints":{"allow":["GET"]}}],"collection":[{"href":"https:\/\/www.avenuedesigncanada.com\/fr\/wp-json\/wp\/v2\/product"}],"about":[{"href":"https:\/\/www.avenuedesigncanada.com\/fr\/wp-json\/wp\/v2\/types\/product"}],"wp:featuredmedia":[{"embeddable":true,"href":"https:\/\/www.avenuedesigncanada.com\/fr\/wp-json\/wp\/v2\/media\/411209"}],"wp:attachment":[{"href":"https:\/\/www.avenuedesigncanada.com\/fr\/wp-json\/wp\/v2\/media?parent=412007"}],"wp:term":[{"taxonomy":"product_brand","embeddable":true,"href":"https:\/\/www.avenuedesigncanada.com\/fr\/wp-json\/wp\/v2\/product_brand?post=412007"},{"taxonomy":"product_cat","embeddable":true,"href":"https:\/\/www.avenuedesigncanada.com\/fr\/wp-json\/wp\/v2\/product_cat?post=412007"},{"taxonomy":"product_tag","embeddable":true,"href":"https:\/\/www.avenuedesigncanada.com\/fr\/wp-json\/wp\/v2\/product_tag?post=412007"}],"curies":[{"name":"wp","href":"https:\/\/api.w.org\/{rel}","templated":true}]}}