{"id":412086,"date":"2026-03-19T15:32:09","date_gmt":"2026-03-19T19:32:09","guid":{"rendered":"https:\/\/www.avenuedesigncanada.com\/product\/lit-reflection\/"},"modified":"2026-03-19T15:37:15","modified_gmt":"2026-03-19T19:37:15","slug":"lit-reflection","status":"publish","type":"product","link":"https:\/\/www.avenuedesigncanada.com\/fr\/product\/lit-reflection\/","title":{"rendered":"Lit Reflection"},"content":{"rendered":"<p><em>Le lit Reflection pr\u00e9sente les caract\u00e9ristiques suivantes :  <\/em><\/p>\n<p>Garniture m\u00e9tallique en laiton naturel laqu\u00e9.<br \/>\nEssence de bois : Acajou blanchi.<br \/>\nOptions de finition disponibles.<br \/>\nTel qu&rsquo;illustr\u00e9 en &#8211; Tissu : Keanu Oyster. Finition : Latte.<br \/>\nDisponible en tailles King et Queen. <\/p>\n<p>Vous avez des questions sur ce produit ?<br \/>\nNos concepteurs sont l\u00e0 pour vous aider. Appelez-nous au (514) 340-9351 <\/p>\n","protected":false},"excerpt":{"rendered":"<p>S&rsquo;inspirant des classiques mais tout \u00e0 fait pertinent, Reflection incarne la nouvelle \u00e8re du design raffin\u00e9. Le lit rembourr\u00e9 Reflection pr\u00e9sente une t\u00eate de lit aux contours doux, avec des tuftings horizontaux qui apportent beaut\u00e9 et confort ergonomique. La t\u00eate de lit est garnie d&rsquo;acajou massif blanchi avec des d\u00e9tails d&rsquo;incrustation en laiton naturel laqu\u00e9, tandis que le pied de lit enti\u00e8rement rembourr\u00e9 et les rails lat\u00e9raux sont surmont\u00e9s de pieds en bloc surdimensionn\u00e9s.  <\/p>\n","protected":false},"featured_media":412031,"template":"","meta":{"_kad_blocks_custom_css":"","_kad_blocks_head_custom_js":"","_kad_blocks_body_custom_js":"","_kad_blocks_footer_custom_js":"","_kad_post_transparent":"","_kad_post_title":"","_kad_post_layout":"","_kad_post_sidebar_id":"","_kad_post_content_style":"","_kad_post_vertical_padding":"","_kad_post_feature":"","_kad_post_feature_position":"","_kad_post_header":false,"_kad_post_footer":false,"_kad_post_classname":""},"product_brand":[],"product_cat":[1296],"product_tag":[1369],"class_list":{"0":"post-412086","1":"product","2":"type-product","3":"status-publish","4":"has-post-thumbnail","6":"product_cat-lits","7":"product_tag-theodore-fr","9":"first","10":"instock","11":"taxable","12":"shipping-taxable","13":"product-type-simple","14":"entry","15":"content-bg","16":"loop-entry"},"taxonomy_info":{"product_cat":[{"value":1296,"label":"Lits"}],"product_tag":[{"value":1369,"label":"THEODORE"}]},"featured_image_src_large":["https:\/\/www.avenuedesigncanada.com\/wp-content\/uploads\/2026\/03\/Reflection-Bed-1024x1024.png",1024,1024,true],"author_info":[],"comment_info":"","_links":{"self":[{"href":"https:\/\/www.avenuedesigncanada.com\/fr\/wp-json\/wp\/v2\/product\/412086","targetHints":{"allow":["GET"]}}],"collection":[{"href":"https:\/\/www.avenuedesigncanada.com\/fr\/wp-json\/wp\/v2\/product"}],"about":[{"href":"https:\/\/www.avenuedesigncanada.com\/fr\/wp-json\/wp\/v2\/types\/product"}],"wp:featuredmedia":[{"embeddable":true,"href":"https:\/\/www.avenuedesigncanada.com\/fr\/wp-json\/wp\/v2\/media\/412031"}],"wp:attachment":[{"href":"https:\/\/www.avenuedesigncanada.com\/fr\/wp-json\/wp\/v2\/media?parent=412086"}],"wp:term":[{"taxonomy":"product_brand","embeddable":true,"href":"https:\/\/www.avenuedesigncanada.com\/fr\/wp-json\/wp\/v2\/product_brand?post=412086"},{"taxonomy":"product_cat","embeddable":true,"href":"https:\/\/www.avenuedesigncanada.com\/fr\/wp-json\/wp\/v2\/product_cat?post=412086"},{"taxonomy":"product_tag","embeddable":true,"href":"https:\/\/www.avenuedesigncanada.com\/fr\/wp-json\/wp\/v2\/product_tag?post=412086"}],"curies":[{"name":"wp","href":"https:\/\/api.w.org\/{rel}","templated":true}]}}