{"id":412089,"date":"2026-03-19T15:32:05","date_gmt":"2026-03-19T19:32:05","guid":{"rendered":"https:\/\/www.avenuedesigncanada.com\/product\/lit-century-club\/"},"modified":"2026-03-19T15:37:16","modified_gmt":"2026-03-19T19:37:16","slug":"lit-century-club","status":"publish","type":"product","link":"https:\/\/www.avenuedesigncanada.com\/fr\/product\/lit-century-club\/","title":{"rendered":"Lit Century Club"},"content":{"rendered":"<p><em>Le lit Century Club pr\u00e9sente les caract\u00e9ristiques suivantes :  <\/em><\/p>\n<p>Matelass\u00e9 \/ couture fran\u00e7aise, t\u00eate de lit, pied de lit et rails tapiss\u00e9s, les tissus sans chemin de fer seront cousus.<br \/>\nEssence de bois : Noyer noir am\u00e9ricain.<br \/>\nOptions de finition disponibles.<br \/>\nTel qu&rsquo;illustr\u00e9 en &#8211; Tissu : Vernon Beige (discontinu\u00e9). Garniture de clous : #9 Black Silver sur l&rsquo;arri\u00e8re, les ailes int\u00e9rieures et les ailes ext\u00e9rieures.<br \/>\nFinition : Nouveau noyer riche.<br \/>\nDisponible en tailles King et Queen. <\/p>\n<p>Vous avez des questions sur ce produit ?<br \/>\nNos concepteurs sont l\u00e0 pour vous aider. Appelez-nous au (514) 340-9351 <\/p>\n","protected":false},"excerpt":{"rendered":"<p>Le lit Century Club pr\u00e9sente les caract\u00e9ristiques suivantes : Matelass\u00e9 \/ couture fran\u00e7aise, t\u00eate de lit, pied de lit et rails tapiss\u00e9s, les tissus sans chemin de fer seront cousus. Essence de bois : Noyer noir am\u00e9ricain. Options de finition disponibles. Tel qu&rsquo;illustr\u00e9 en &#8211; Tissu : Vernon Beige (discontinu\u00e9). Garniture de clous : #9&#8230;<\/p>\n","protected":false},"featured_media":412037,"template":"","meta":{"_kad_blocks_custom_css":"","_kad_blocks_head_custom_js":"","_kad_blocks_body_custom_js":"","_kad_blocks_footer_custom_js":"","_kad_post_transparent":"","_kad_post_title":"","_kad_post_layout":"","_kad_post_sidebar_id":"","_kad_post_content_style":"","_kad_post_vertical_padding":"","_kad_post_feature":"","_kad_post_feature_position":"","_kad_post_header":false,"_kad_post_footer":false,"_kad_post_classname":""},"product_brand":[],"product_cat":[1296],"product_tag":[1369],"class_list":{"0":"post-412089","1":"product","2":"type-product","3":"status-publish","4":"has-post-thumbnail","6":"product_cat-lits","7":"product_tag-theodore-fr","9":"first","10":"instock","11":"taxable","12":"shipping-taxable","13":"product-type-simple","14":"entry","15":"content-bg","16":"loop-entry"},"taxonomy_info":{"product_cat":[{"value":1296,"label":"Lits"}],"product_tag":[{"value":1369,"label":"THEODORE"}]},"featured_image_src_large":["https:\/\/www.avenuedesigncanada.com\/wp-content\/uploads\/2026\/03\/Century-Club-Bed-1024x1024.png",1024,1024,true],"author_info":[],"comment_info":"","_links":{"self":[{"href":"https:\/\/www.avenuedesigncanada.com\/fr\/wp-json\/wp\/v2\/product\/412089","targetHints":{"allow":["GET"]}}],"collection":[{"href":"https:\/\/www.avenuedesigncanada.com\/fr\/wp-json\/wp\/v2\/product"}],"about":[{"href":"https:\/\/www.avenuedesigncanada.com\/fr\/wp-json\/wp\/v2\/types\/product"}],"wp:featuredmedia":[{"embeddable":true,"href":"https:\/\/www.avenuedesigncanada.com\/fr\/wp-json\/wp\/v2\/media\/412037"}],"wp:attachment":[{"href":"https:\/\/www.avenuedesigncanada.com\/fr\/wp-json\/wp\/v2\/media?parent=412089"}],"wp:term":[{"taxonomy":"product_brand","embeddable":true,"href":"https:\/\/www.avenuedesigncanada.com\/fr\/wp-json\/wp\/v2\/product_brand?post=412089"},{"taxonomy":"product_cat","embeddable":true,"href":"https:\/\/www.avenuedesigncanada.com\/fr\/wp-json\/wp\/v2\/product_cat?post=412089"},{"taxonomy":"product_tag","embeddable":true,"href":"https:\/\/www.avenuedesigncanada.com\/fr\/wp-json\/wp\/v2\/product_tag?post=412089"}],"curies":[{"name":"wp","href":"https:\/\/api.w.org\/{rel}","templated":true}]}}