{"id":412091,"date":"2026-03-19T15:32:08","date_gmt":"2026-03-19T19:32:08","guid":{"rendered":"https:\/\/www.avenuedesigncanada.com\/product\/lit-dunecrest\/"},"modified":"2026-03-19T15:37:19","modified_gmt":"2026-03-19T19:37:19","slug":"lit-dunecrest","status":"publish","type":"product","link":"https:\/\/www.avenuedesigncanada.com\/fr\/product\/lit-dunecrest\/","title":{"rendered":"Lit Dunecrest"},"content":{"rendered":"<p><em>Le lit Dunecrest pr\u00e9sente les caract\u00e9ristiques suivantes :  <\/em><\/p>\n<p>Options de finition disponibles.<br \/>\nTel qu&rsquo;illustr\u00e9 en -Fabric : Nada Natural. Finition : Cavallo.<br \/>\nDisponible en tailles King et Queen. <\/p>\n<p>Vous avez des questions sur ce produit ?<br \/>\nNos concepteurs sont l\u00e0 pour vous aider. Appelez-nous au (514) 340-9351 <\/p>\n","protected":false},"excerpt":{"rendered":"<p>Essence de l&rsquo;\u00e9l\u00e9gance d\u00e9contract\u00e9e, Dunecrest vous permet d&rsquo;\u00e9chapper au quotidien et de revenir \u00e0 la simplicit\u00e9. Son style organique moderne s&rsquo;inspire de l&rsquo;attrait durable des \u00e9l\u00e9ments naturels affin\u00e9s au fil du temps. La collection pr\u00e9sente des silhouettes classiques et confortables, fabriqu\u00e9es en noyer blanchi et mises en valeur par des finitions qui semblent confortables et famili\u00e8res. Des d\u00e9tails d&rsquo;une \u00e9l\u00e9gance d\u00e9contract\u00e9e, tels que les ferrures et la quincaillerie en m\u00e9tal White Bronze, ainsi que le Lampakanay tiss\u00e9, ajoutent une couche suppl\u00e9mentaire de texture luxueuse. De l&rsquo;aube au cr\u00e9puscule, Dunecrest offre la promesse d&rsquo;une vie bien v\u00e9cue.    <\/p>\n","protected":false},"featured_media":412027,"template":"","meta":{"_kad_blocks_custom_css":"","_kad_blocks_head_custom_js":"","_kad_blocks_body_custom_js":"","_kad_blocks_footer_custom_js":"","_kad_post_transparent":"","_kad_post_title":"","_kad_post_layout":"","_kad_post_sidebar_id":"","_kad_post_content_style":"","_kad_post_vertical_padding":"","_kad_post_feature":"","_kad_post_feature_position":"","_kad_post_header":false,"_kad_post_footer":false,"_kad_post_classname":""},"product_brand":[],"product_cat":[1296],"product_tag":[1369],"class_list":{"0":"post-412091","1":"product","2":"type-product","3":"status-publish","4":"has-post-thumbnail","6":"product_cat-lits","7":"product_tag-theodore-fr","9":"first","10":"instock","11":"taxable","12":"shipping-taxable","13":"product-type-simple","14":"entry","15":"content-bg","16":"loop-entry"},"taxonomy_info":{"product_cat":[{"value":1296,"label":"Lits"}],"product_tag":[{"value":1369,"label":"THEODORE"}]},"featured_image_src_large":["https:\/\/www.avenuedesigncanada.com\/wp-content\/uploads\/2026\/03\/Dunecrest-Bed-1024x1024.png",1024,1024,true],"author_info":[],"comment_info":"","_links":{"self":[{"href":"https:\/\/www.avenuedesigncanada.com\/fr\/wp-json\/wp\/v2\/product\/412091","targetHints":{"allow":["GET"]}}],"collection":[{"href":"https:\/\/www.avenuedesigncanada.com\/fr\/wp-json\/wp\/v2\/product"}],"about":[{"href":"https:\/\/www.avenuedesigncanada.com\/fr\/wp-json\/wp\/v2\/types\/product"}],"wp:featuredmedia":[{"embeddable":true,"href":"https:\/\/www.avenuedesigncanada.com\/fr\/wp-json\/wp\/v2\/media\/412027"}],"wp:attachment":[{"href":"https:\/\/www.avenuedesigncanada.com\/fr\/wp-json\/wp\/v2\/media?parent=412091"}],"wp:term":[{"taxonomy":"product_brand","embeddable":true,"href":"https:\/\/www.avenuedesigncanada.com\/fr\/wp-json\/wp\/v2\/product_brand?post=412091"},{"taxonomy":"product_cat","embeddable":true,"href":"https:\/\/www.avenuedesigncanada.com\/fr\/wp-json\/wp\/v2\/product_cat?post=412091"},{"taxonomy":"product_tag","embeddable":true,"href":"https:\/\/www.avenuedesigncanada.com\/fr\/wp-json\/wp\/v2\/product_tag?post=412091"}],"curies":[{"name":"wp","href":"https:\/\/api.w.org\/{rel}","templated":true}]}}