{"id":412092,"date":"2026-03-19T15:32:07","date_gmt":"2026-03-19T19:32:07","guid":{"rendered":"https:\/\/www.avenuedesigncanada.com\/product\/lit-cove\/"},"modified":"2026-03-19T15:37:22","modified_gmt":"2026-03-19T19:37:22","slug":"lit-cove","status":"publish","type":"product","link":"https:\/\/www.avenuedesigncanada.com\/fr\/product\/lit-cove\/","title":{"rendered":"Lit Cove"},"content":{"rendered":"<p><em>Les caract\u00e9ristiques du lit Cove :  <\/em><\/p>\n<p>Dimensions :, Int\u00e9rieur : L 78 P 82, T\u00eate de lit : H 68, Pied de lit : H 18.25, Rails lat\u00e9raux : L 18,25 P 70, Haut du rail lat\u00e9ral au plancher : H 18,25, Haut de la latte de support au plancher : H 8,50<br \/>\nEsp\u00e8ces de bois : Solides en bois dur \/ Placages d&rsquo;\u00e9rable et de ch\u00eane.<br \/>\nOptions de finition disponibles.<br \/>\nTel qu&rsquo;illustr\u00e9 en &#8211; Tissu : Finition : Moonstruck. Garniture en White Frost.<br \/>\nDisponible en tailles King et Queen. <\/p>\n<p>Vous avez des questions sur ce produit ?<br \/>\nNos concepteurs sont l\u00e0 pour vous aider. Appelez-nous au (514) 340-9351 <\/p>\n","protected":false},"excerpt":{"rendered":"<p>Les caract\u00e9ristiques du lit Cove : Dimensions :, Int\u00e9rieur : L 78 P 82, T\u00eate de lit : H 68, Pied de lit : H 18.25, Rails lat\u00e9raux : L 18,25 P 70, Haut du rail lat\u00e9ral au plancher : H 18,25, Haut de la latte de support au plancher : H 8,50 Esp\u00e8ces de&#8230;<\/p>\n","protected":false},"featured_media":412043,"template":"","meta":{"_kad_blocks_custom_css":"","_kad_blocks_head_custom_js":"","_kad_blocks_body_custom_js":"","_kad_blocks_footer_custom_js":"","_kad_post_transparent":"","_kad_post_title":"","_kad_post_layout":"","_kad_post_sidebar_id":"","_kad_post_content_style":"","_kad_post_vertical_padding":"","_kad_post_feature":"","_kad_post_feature_position":"","_kad_post_header":false,"_kad_post_footer":false,"_kad_post_classname":""},"product_brand":[],"product_cat":[1296],"product_tag":[1369],"class_list":{"0":"post-412092","1":"product","2":"type-product","3":"status-publish","4":"has-post-thumbnail","6":"product_cat-lits","7":"product_tag-theodore-fr","9":"first","10":"instock","11":"taxable","12":"shipping-taxable","13":"product-type-simple","14":"entry","15":"content-bg","16":"loop-entry"},"taxonomy_info":{"product_cat":[{"value":1296,"label":"Lits"}],"product_tag":[{"value":1369,"label":"THEODORE"}]},"featured_image_src_large":["https:\/\/www.avenuedesigncanada.com\/wp-content\/uploads\/2026\/03\/Cove-Bed-1024x1024.png",1024,1024,true],"author_info":[],"comment_info":"","_links":{"self":[{"href":"https:\/\/www.avenuedesigncanada.com\/fr\/wp-json\/wp\/v2\/product\/412092","targetHints":{"allow":["GET"]}}],"collection":[{"href":"https:\/\/www.avenuedesigncanada.com\/fr\/wp-json\/wp\/v2\/product"}],"about":[{"href":"https:\/\/www.avenuedesigncanada.com\/fr\/wp-json\/wp\/v2\/types\/product"}],"wp:featuredmedia":[{"embeddable":true,"href":"https:\/\/www.avenuedesigncanada.com\/fr\/wp-json\/wp\/v2\/media\/412043"}],"wp:attachment":[{"href":"https:\/\/www.avenuedesigncanada.com\/fr\/wp-json\/wp\/v2\/media?parent=412092"}],"wp:term":[{"taxonomy":"product_brand","embeddable":true,"href":"https:\/\/www.avenuedesigncanada.com\/fr\/wp-json\/wp\/v2\/product_brand?post=412092"},{"taxonomy":"product_cat","embeddable":true,"href":"https:\/\/www.avenuedesigncanada.com\/fr\/wp-json\/wp\/v2\/product_cat?post=412092"},{"taxonomy":"product_tag","embeddable":true,"href":"https:\/\/www.avenuedesigncanada.com\/fr\/wp-json\/wp\/v2\/product_tag?post=412092"}],"curies":[{"name":"wp","href":"https:\/\/api.w.org\/{rel}","templated":true}]}}