{"id":412093,"date":"2026-03-19T15:32:06","date_gmt":"2026-03-19T19:32:06","guid":{"rendered":"https:\/\/www.avenuedesigncanada.com\/product\/lit-chatfield\/"},"modified":"2026-03-19T15:37:25","modified_gmt":"2026-03-19T19:37:25","slug":"lit-chatfield","status":"publish","type":"product","link":"https:\/\/www.avenuedesigncanada.com\/fr\/product\/lit-chatfield\/","title":{"rendered":"Lit Chatfield"},"content":{"rendered":"<p><em>Le lit Chatfield pr\u00e9sente les caract\u00e9ristiques suivantes :  <\/em><\/p>\n<p>Ne recommandez que des tissus unis<br \/>\nCoussins de si\u00e8ge : Un seul coussin de si\u00e8ge, avec un dessus en biscuit touffet\u00e9,<br \/>\nRembourrage standard : Poly Dacron. Essence de bois : Ch\u00eane.<br \/>\nOptions de finition disponibles.<br \/>\nTel qu&rsquo;illustr\u00e9 en &#8211; Tissu : Jenner Cloud (n&rsquo;est plus disponible). Finition : Hampton.<br \/>\nDisponible en tailles King et Queen.  <\/p>\n<p>Vous avez des questions sur ce produit ?<br \/>\nNos concepteurs sont l\u00e0 pour vous aider. Appelez-nous au (514) 340-9351 <\/p>\n","protected":false},"excerpt":{"rendered":"<p>Le lit Chatfield pr\u00e9sente les caract\u00e9ristiques suivantes : Ne recommandez que des tissus unis Coussins de si\u00e8ge : Un seul coussin de si\u00e8ge, avec un dessus en biscuit touffet\u00e9, Rembourrage standard : Poly Dacron. Essence de bois : Ch\u00eane. Options de finition disponibles. Tel qu&rsquo;illustr\u00e9 en &#8211; Tissu : Jenner Cloud (n&rsquo;est plus disponible). Finition&#8230;<\/p>\n","protected":false},"featured_media":412041,"template":"","meta":{"_kad_blocks_custom_css":"","_kad_blocks_head_custom_js":"","_kad_blocks_body_custom_js":"","_kad_blocks_footer_custom_js":"","_kad_post_transparent":"","_kad_post_title":"","_kad_post_layout":"","_kad_post_sidebar_id":"","_kad_post_content_style":"","_kad_post_vertical_padding":"","_kad_post_feature":"","_kad_post_feature_position":"","_kad_post_header":false,"_kad_post_footer":false,"_kad_post_classname":""},"product_brand":[],"product_cat":[1296],"product_tag":[1369],"class_list":{"0":"post-412093","1":"product","2":"type-product","3":"status-publish","4":"has-post-thumbnail","6":"product_cat-lits","7":"product_tag-theodore-fr","9":"first","10":"instock","11":"taxable","12":"shipping-taxable","13":"product-type-simple","14":"entry","15":"content-bg","16":"loop-entry"},"taxonomy_info":{"product_cat":[{"value":1296,"label":"Lits"}],"product_tag":[{"value":1369,"label":"THEODORE"}]},"featured_image_src_large":["https:\/\/www.avenuedesigncanada.com\/wp-content\/uploads\/2026\/03\/Chatfield-Bed-1024x1024.png",1024,1024,true],"author_info":[],"comment_info":"","_links":{"self":[{"href":"https:\/\/www.avenuedesigncanada.com\/fr\/wp-json\/wp\/v2\/product\/412093","targetHints":{"allow":["GET"]}}],"collection":[{"href":"https:\/\/www.avenuedesigncanada.com\/fr\/wp-json\/wp\/v2\/product"}],"about":[{"href":"https:\/\/www.avenuedesigncanada.com\/fr\/wp-json\/wp\/v2\/types\/product"}],"wp:featuredmedia":[{"embeddable":true,"href":"https:\/\/www.avenuedesigncanada.com\/fr\/wp-json\/wp\/v2\/media\/412041"}],"wp:attachment":[{"href":"https:\/\/www.avenuedesigncanada.com\/fr\/wp-json\/wp\/v2\/media?parent=412093"}],"wp:term":[{"taxonomy":"product_brand","embeddable":true,"href":"https:\/\/www.avenuedesigncanada.com\/fr\/wp-json\/wp\/v2\/product_brand?post=412093"},{"taxonomy":"product_cat","embeddable":true,"href":"https:\/\/www.avenuedesigncanada.com\/fr\/wp-json\/wp\/v2\/product_cat?post=412093"},{"taxonomy":"product_tag","embeddable":true,"href":"https:\/\/www.avenuedesigncanada.com\/fr\/wp-json\/wp\/v2\/product_tag?post=412093"}],"curies":[{"name":"wp","href":"https:\/\/api.w.org\/{rel}","templated":true}]}}