{"id":412453,"date":"2026-03-20T15:57:46","date_gmt":"2026-03-20T19:57:46","guid":{"rendered":"https:\/\/www.avenuedesigncanada.com\/product\/bennett-dossier-uni-sectionnel\/"},"modified":"2026-03-20T16:07:53","modified_gmt":"2026-03-20T20:07:53","slug":"bennett-dossier-uni-sectionnel","status":"publish","type":"product","link":"https:\/\/www.avenuedesigncanada.com\/fr\/product\/bennett-dossier-uni-sectionnel\/","title":{"rendered":"Bennett (dossier uni) Sectionnel"},"content":{"rendered":"<p><em>Le canap\u00e9 sectionnel Bennett (Plain Back) pr\u00e9sente les caract\u00e9ristiques suivantes :  <\/em> <\/p>\n<p>Options de finitions et de tissus disponibles. Tel qu&rsquo;illustr\u00e9 en &#8211; Tissu : n&rsquo;est plus disponible ; deux oreillers suppl\u00e9mentaires* MP109 en porcelaine de Taino ; un oreiller rond suppl\u00e9mentaire* MP106 en Tyndell Multi avec passepoil et bouton en porcelaine de Taino. Garniture de clous : optionnel* #9 en Black Silver (base et ext\u00e9rieur du bras). Finition : Espresso. (Le salon n&rsquo;est pas livr\u00e9 avec un coussin.) <\/p>\n<p>Vous avez des questions sur ce produit ?<br \/>\nNos designers sont l\u00e0 pour vous aider.     Appelez-nous au (514) 340-9351<\/p>\n","protected":false},"excerpt":{"rendered":"<p>Le canap\u00e9 sectionnel Bennett (Plain Back) pr\u00e9sente les caract\u00e9ristiques suivantes : Options de finitions et de tissus disponibles. Tel qu&rsquo;illustr\u00e9 en &#8211; Tissu : n&rsquo;est plus disponible ; deux oreillers suppl\u00e9mentaires* MP109 en porcelaine de Taino ; un oreiller rond suppl\u00e9mentaire* MP106 en Tyndell Multi avec passepoil et bouton en porcelaine de Taino. Garniture de&#8230;<\/p>\n","protected":false},"featured_media":412384,"template":"","meta":{"_kad_blocks_custom_css":"","_kad_blocks_head_custom_js":"","_kad_blocks_body_custom_js":"","_kad_blocks_footer_custom_js":"","_kad_post_transparent":"","_kad_post_title":"","_kad_post_layout":"","_kad_post_sidebar_id":"","_kad_post_content_style":"","_kad_post_vertical_padding":"","_kad_post_feature":"","_kad_post_feature_position":"","_kad_post_header":false,"_kad_post_footer":false,"_kad_post_classname":""},"product_brand":[],"product_cat":[1324],"product_tag":[1369],"class_list":{"0":"post-412453","1":"product","2":"type-product","3":"status-publish","4":"has-post-thumbnail","6":"product_cat-meubles-modulaires","7":"product_tag-theodore-fr","9":"first","10":"instock","11":"taxable","12":"shipping-taxable","13":"product-type-simple","14":"entry","15":"content-bg","16":"loop-entry"},"taxonomy_info":{"product_cat":[{"value":1324,"label":"Meubles modulaires"}],"product_tag":[{"value":1369,"label":"THEODORE"}]},"featured_image_src_large":["https:\/\/www.avenuedesigncanada.com\/wp-content\/uploads\/2026\/03\/Bennett-Plain-Back-Sectional-1024x1024.png",1024,1024,true],"author_info":[],"comment_info":"","_links":{"self":[{"href":"https:\/\/www.avenuedesigncanada.com\/fr\/wp-json\/wp\/v2\/product\/412453","targetHints":{"allow":["GET"]}}],"collection":[{"href":"https:\/\/www.avenuedesigncanada.com\/fr\/wp-json\/wp\/v2\/product"}],"about":[{"href":"https:\/\/www.avenuedesigncanada.com\/fr\/wp-json\/wp\/v2\/types\/product"}],"wp:featuredmedia":[{"embeddable":true,"href":"https:\/\/www.avenuedesigncanada.com\/fr\/wp-json\/wp\/v2\/media\/412384"}],"wp:attachment":[{"href":"https:\/\/www.avenuedesigncanada.com\/fr\/wp-json\/wp\/v2\/media?parent=412453"}],"wp:term":[{"taxonomy":"product_brand","embeddable":true,"href":"https:\/\/www.avenuedesigncanada.com\/fr\/wp-json\/wp\/v2\/product_brand?post=412453"},{"taxonomy":"product_cat","embeddable":true,"href":"https:\/\/www.avenuedesigncanada.com\/fr\/wp-json\/wp\/v2\/product_cat?post=412453"},{"taxonomy":"product_tag","embeddable":true,"href":"https:\/\/www.avenuedesigncanada.com\/fr\/wp-json\/wp\/v2\/product_tag?post=412453"}],"curies":[{"name":"wp","href":"https:\/\/api.w.org\/{rel}","templated":true}]}}