{"id":412462,"date":"2026-03-20T15:57:43","date_gmt":"2026-03-20T19:57:43","guid":{"rendered":"https:\/\/www.avenuedesigncanada.com\/product\/canape-deux-places-leone-stocked\/"},"modified":"2026-03-20T16:08:24","modified_gmt":"2026-03-20T20:08:24","slug":"canape-deux-places-leone-stocked","status":"publish","type":"product","link":"https:\/\/www.avenuedesigncanada.com\/fr\/product\/canape-deux-places-leone-stocked\/","title":{"rendered":"Canap\u00e9 deux places Leone Stocked"},"content":{"rendered":"<p><em>Le canap\u00e9 deux places Leone Stocked pr\u00e9sente les caract\u00e9ristiques suivantes :  <\/em> <\/p>\n<p>Options de finition et de tissu disponibles. Tel qu&rsquo;illustr\u00e9 en &#8211; Tissu : Identify Ivory&#8230;<\/p>\n<p>Vous avez des questions sur ce produit ?<br \/>\nNos designers sont l\u00e0 pour vous aider.  Appelez-nous au (514) 340-9351<\/p>\n","protected":false},"excerpt":{"rendered":"<p>Le canap\u00e9 deux places Leone Stocked pr\u00e9sente les caract\u00e9ristiques suivantes : Options de finition et de tissu disponibles. Tel qu&rsquo;illustr\u00e9 en &#8211; Tissu : Identify Ivory&#8230; Vous avez des questions sur ce produit ? Nos designers sont l\u00e0 pour vous aider. Appelez-nous au (514) 340-9351<\/p>\n","protected":false},"featured_media":412148,"template":"","meta":{"_kad_blocks_custom_css":"","_kad_blocks_head_custom_js":"","_kad_blocks_body_custom_js":"","_kad_blocks_footer_custom_js":"","_kad_post_transparent":"","_kad_post_title":"","_kad_post_layout":"","_kad_post_sidebar_id":"","_kad_post_content_style":"","_kad_post_vertical_padding":"","_kad_post_feature":"","_kad_post_feature_position":"","_kad_post_header":false,"_kad_post_footer":false,"_kad_post_classname":""},"product_brand":[],"product_cat":[1331],"product_tag":[1369],"class_list":{"0":"post-412462","1":"product","2":"type-product","3":"status-publish","4":"has-post-thumbnail","6":"product_cat-canapes-haut-de-gamme","7":"product_tag-theodore-fr","9":"first","10":"instock","11":"taxable","12":"shipping-taxable","13":"product-type-simple","14":"entry","15":"content-bg","16":"loop-entry"},"taxonomy_info":{"product_cat":[{"value":1331,"label":"Canap\u00e9s"}],"product_tag":[{"value":1369,"label":"THEODORE"}]},"featured_image_src_large":["https:\/\/www.avenuedesigncanada.com\/wp-content\/uploads\/2026\/03\/Leone-Stocked-Two-Seat-Sofa-1024x1024.png",1024,1024,true],"author_info":[],"comment_info":"","_links":{"self":[{"href":"https:\/\/www.avenuedesigncanada.com\/fr\/wp-json\/wp\/v2\/product\/412462","targetHints":{"allow":["GET"]}}],"collection":[{"href":"https:\/\/www.avenuedesigncanada.com\/fr\/wp-json\/wp\/v2\/product"}],"about":[{"href":"https:\/\/www.avenuedesigncanada.com\/fr\/wp-json\/wp\/v2\/types\/product"}],"wp:featuredmedia":[{"embeddable":true,"href":"https:\/\/www.avenuedesigncanada.com\/fr\/wp-json\/wp\/v2\/media\/412148"}],"wp:attachment":[{"href":"https:\/\/www.avenuedesigncanada.com\/fr\/wp-json\/wp\/v2\/media?parent=412462"}],"wp:term":[{"taxonomy":"product_brand","embeddable":true,"href":"https:\/\/www.avenuedesigncanada.com\/fr\/wp-json\/wp\/v2\/product_brand?post=412462"},{"taxonomy":"product_cat","embeddable":true,"href":"https:\/\/www.avenuedesigncanada.com\/fr\/wp-json\/wp\/v2\/product_cat?post=412462"},{"taxonomy":"product_tag","embeddable":true,"href":"https:\/\/www.avenuedesigncanada.com\/fr\/wp-json\/wp\/v2\/product_tag?post=412462"}],"curies":[{"name":"wp","href":"https:\/\/api.w.org\/{rel}","templated":true}]}}