{"id":412872,"date":"2026-03-20T16:17:24","date_gmt":"2026-03-20T20:17:24","guid":{"rendered":"https:\/\/www.avenuedesigncanada.com\/product\/table-de-nuit-veil\/"},"modified":"2026-03-20T16:19:25","modified_gmt":"2026-03-20T20:19:25","slug":"table-de-nuit-veil","status":"publish","type":"product","link":"https:\/\/www.avenuedesigncanada.com\/fr\/product\/table-de-nuit-veil\/","title":{"rendered":"Table de nuit Veil"},"content":{"rendered":"<p><em>  La table de nuit Veil pr\u00e9sente les caract\u00e9ristiques suivantes : <em><br \/>\n 3 tiroirs<\/p>\n<p>\u00c9lectricit\u00e9 avec 2 USB et 2 prises de courant<\/p>\n<p>Bo\u00eetier en finition Veil<\/p>\n<p>Fa\u00e7ades de tiroirs en finition Haze<br \/>\nVous avez des questions sur ce produit ? Nos concepteurs sont l\u00e0 pour vous aider. Appelez-nous au (514) 340-9351 <\/p>\n","protected":false},"excerpt":{"rendered":"<p>La table de nuit Veil offre un rangement de chevet sophistiqu\u00e9 avec un riche contraste bicolore. Son cadre est fini en ch\u00eane Veil profond, parfaitement compl\u00e9t\u00e9 par trois tiroirs aux fa\u00e7ades en noyer Haze figur\u00e9, dot\u00e9s d&rsquo;un acc\u00e8s \u00e9lectrique discret pour une commodit\u00e9 moderne. <\/p>\n","protected":false},"featured_media":412622,"template":"","meta":{"_kad_blocks_custom_css":"","_kad_blocks_head_custom_js":"","_kad_blocks_body_custom_js":"","_kad_blocks_footer_custom_js":"","_kad_post_transparent":"","_kad_post_title":"","_kad_post_layout":"","_kad_post_sidebar_id":"","_kad_post_content_style":"","_kad_post_vertical_padding":"","_kad_post_feature":"","_kad_post_feature_position":"","_kad_post_header":false,"_kad_post_footer":false,"_kad_post_classname":""},"product_brand":[],"product_cat":[1299],"product_tag":[1513],"class_list":{"0":"post-412872","1":"product","2":"type-product","3":"status-publish","4":"has-post-thumbnail","6":"product_cat-tables-de-nuit","7":"product_tag-paramount-fr","9":"first","10":"instock","11":"taxable","12":"shipping-taxable","13":"product-type-simple","14":"entry","15":"content-bg","16":"loop-entry"},"taxonomy_info":{"product_cat":[{"value":1299,"label":"Tables de chevet"}],"product_tag":[{"value":1513,"label":"Paramount"}]},"featured_image_src_large":["https:\/\/www.avenuedesigncanada.com\/wp-content\/uploads\/2026\/03\/U560351_VM3-1024x1024.jpg",1024,1024,true],"author_info":[],"comment_info":"","_links":{"self":[{"href":"https:\/\/www.avenuedesigncanada.com\/fr\/wp-json\/wp\/v2\/product\/412872","targetHints":{"allow":["GET"]}}],"collection":[{"href":"https:\/\/www.avenuedesigncanada.com\/fr\/wp-json\/wp\/v2\/product"}],"about":[{"href":"https:\/\/www.avenuedesigncanada.com\/fr\/wp-json\/wp\/v2\/types\/product"}],"wp:featuredmedia":[{"embeddable":true,"href":"https:\/\/www.avenuedesigncanada.com\/fr\/wp-json\/wp\/v2\/media\/412622"}],"wp:attachment":[{"href":"https:\/\/www.avenuedesigncanada.com\/fr\/wp-json\/wp\/v2\/media?parent=412872"}],"wp:term":[{"taxonomy":"product_brand","embeddable":true,"href":"https:\/\/www.avenuedesigncanada.com\/fr\/wp-json\/wp\/v2\/product_brand?post=412872"},{"taxonomy":"product_cat","embeddable":true,"href":"https:\/\/www.avenuedesigncanada.com\/fr\/wp-json\/wp\/v2\/product_cat?post=412872"},{"taxonomy":"product_tag","embeddable":true,"href":"https:\/\/www.avenuedesigncanada.com\/fr\/wp-json\/wp\/v2\/product_tag?post=412872"}],"curies":[{"name":"wp","href":"https:\/\/api.w.org\/{rel}","templated":true}]}}