{"id":412881,"date":"2026-03-20T16:17:36","date_gmt":"2026-03-20T20:17:36","guid":{"rendered":"https:\/\/www.avenuedesigncanada.com\/product\/tables-gigognes-nimbus\/"},"modified":"2026-03-20T16:19:29","modified_gmt":"2026-03-20T20:19:29","slug":"tables-gigognes-nimbus","status":"publish","type":"product","link":"https:\/\/www.avenuedesigncanada.com\/fr\/product\/tables-gigognes-nimbus\/","title":{"rendered":"Tables gigognes Nimbus"},"content":{"rendered":"<p><em>  Les tables gigognes Nimbus pr\u00e9sentent les caract\u00e9ristiques suivantes : <em><br \/>\n L&rsquo;ensemble se compose de 3 \u00e9l\u00e9ments distincts en finition Faux Travertin<\/p>\n<p>Petit : 18x18x24<\/p>\n<p>Moyen : 26x26x20<\/p>\n<p>Grand : 38x38x14<\/p>\n<p>Outdoor Under Cover Rated<br \/>\nVous avez des questions sur ce produit ? Nos concepteurs sont l\u00e0 pour vous aider. Appelez-nous au (514) 340-9351  <\/p>\n","protected":false},"excerpt":{"rendered":"<p>Les tables gigognes Nimbus sont un trio de hauteurs et de tailles vari\u00e9es, offrant une flexibilit\u00e9 ultime pour les espaces de vie dans une finition Faux Travertin saisissante. Leur capacit\u00e9 \u00e0 se ranger parfaitement les unes sous les autres en fait une solution sophistiqu\u00e9e et peu encombrante pour les r\u00e9ceptions. <\/p>\n","protected":false},"featured_media":412644,"template":"","meta":{"_kad_blocks_custom_css":"","_kad_blocks_head_custom_js":"","_kad_blocks_body_custom_js":"","_kad_blocks_footer_custom_js":"","_kad_post_transparent":"","_kad_post_title":"","_kad_post_layout":"","_kad_post_sidebar_id":"","_kad_post_content_style":"","_kad_post_vertical_padding":"","_kad_post_feature":"","_kad_post_feature_position":"","_kad_post_header":false,"_kad_post_footer":false,"_kad_post_classname":""},"product_brand":[],"product_cat":[1327],"product_tag":[1513],"class_list":{"0":"post-412881","1":"product","2":"type-product","3":"status-publish","4":"has-post-thumbnail","6":"product_cat-salon-tables-a-cafe","7":"product_tag-paramount-fr","9":"first","10":"instock","11":"taxable","12":"shipping-taxable","13":"product-type-simple","14":"entry","15":"content-bg","16":"loop-entry"},"taxonomy_info":{"product_cat":[{"value":1327,"label":"Tables \u00e0 caf\u00e9"}],"product_tag":[{"value":1513,"label":"Paramount"}]},"featured_image_src_large":["https:\/\/www.avenuedesigncanada.com\/wp-content\/uploads\/2026\/03\/U560808SML_VM-1024x1024.jpg",1024,1024,true],"author_info":[],"comment_info":"","_links":{"self":[{"href":"https:\/\/www.avenuedesigncanada.com\/fr\/wp-json\/wp\/v2\/product\/412881","targetHints":{"allow":["GET"]}}],"collection":[{"href":"https:\/\/www.avenuedesigncanada.com\/fr\/wp-json\/wp\/v2\/product"}],"about":[{"href":"https:\/\/www.avenuedesigncanada.com\/fr\/wp-json\/wp\/v2\/types\/product"}],"wp:featuredmedia":[{"embeddable":true,"href":"https:\/\/www.avenuedesigncanada.com\/fr\/wp-json\/wp\/v2\/media\/412644"}],"wp:attachment":[{"href":"https:\/\/www.avenuedesigncanada.com\/fr\/wp-json\/wp\/v2\/media?parent=412881"}],"wp:term":[{"taxonomy":"product_brand","embeddable":true,"href":"https:\/\/www.avenuedesigncanada.com\/fr\/wp-json\/wp\/v2\/product_brand?post=412881"},{"taxonomy":"product_cat","embeddable":true,"href":"https:\/\/www.avenuedesigncanada.com\/fr\/wp-json\/wp\/v2\/product_cat?post=412881"},{"taxonomy":"product_tag","embeddable":true,"href":"https:\/\/www.avenuedesigncanada.com\/fr\/wp-json\/wp\/v2\/product_tag?post=412881"}],"curies":[{"name":"wp","href":"https:\/\/api.w.org\/{rel}","templated":true}]}}