{"id":412883,"date":"2026-03-20T16:17:39","date_gmt":"2026-03-20T20:17:39","guid":{"rendered":"https:\/\/www.avenuedesigncanada.com\/product\/table-dextremite-ronde-nuvola\/"},"modified":"2026-03-20T16:19:31","modified_gmt":"2026-03-20T20:19:31","slug":"table-dextremite-ronde-nuvola","status":"publish","type":"product","link":"https:\/\/www.avenuedesigncanada.com\/fr\/product\/table-dextremite-ronde-nuvola\/","title":{"rendered":"Table d&rsquo;extr\u00e9mit\u00e9 ronde Nuvola"},"content":{"rendered":"<p><em>  La table d&rsquo;extr\u00e9mit\u00e9 ronde Nuvola pr\u00e9sente les caract\u00e9ristiques suivantes : <em><br \/>\n Plateau en verre moul\u00e9<\/p>\n<p>Base lisse en aluminium moul\u00e9<\/p>\n<p>Finition m\u00e9tal Zinc antique<br \/>\nVous avez des questions sur ce produit ? Nos concepteurs sont l\u00e0 pour vous aider. Appelez-nous au (514) 340-9351 <\/p>\n","protected":false},"excerpt":{"rendered":"<p>La table d&rsquo;appoint ronde Nuvola est dot\u00e9e d&rsquo;un plateau en verre moul\u00e9 reposant sur une base en aluminium moul\u00e9 en zinc antique. Cette pi\u00e8ce est une table d&rsquo;appoint \u00e0 la fois durable et \u00e9l\u00e9gante, adapt\u00e9e aux espaces ext\u00e9rieurs couverts. <\/p>\n","protected":false},"featured_media":412650,"template":"","meta":{"_kad_blocks_custom_css":"","_kad_blocks_head_custom_js":"","_kad_blocks_body_custom_js":"","_kad_blocks_footer_custom_js":"","_kad_post_transparent":"","_kad_post_title":"","_kad_post_layout":"","_kad_post_sidebar_id":"","_kad_post_content_style":"","_kad_post_vertical_padding":"","_kad_post_feature":"","_kad_post_feature_position":"","_kad_post_header":false,"_kad_post_footer":false,"_kad_post_classname":""},"product_brand":[],"product_cat":[1323],"product_tag":[1513],"class_list":{"0":"post-412883","1":"product","2":"type-product","3":"status-publish","4":"has-post-thumbnail","6":"product_cat-salon-tables-dappoint","7":"product_tag-paramount-fr","9":"first","10":"instock","11":"taxable","12":"shipping-taxable","13":"product-type-simple","14":"entry","15":"content-bg","16":"loop-entry"},"taxonomy_info":{"product_cat":[{"value":1323,"label":"Tables d'appoint"}],"product_tag":[{"value":1513,"label":"Paramount"}]},"featured_image_src_large":["https:\/\/www.avenuedesigncanada.com\/wp-content\/uploads\/2026\/03\/U560812_VM-1024x1024.jpg",1024,1024,true],"author_info":[],"comment_info":"","_links":{"self":[{"href":"https:\/\/www.avenuedesigncanada.com\/fr\/wp-json\/wp\/v2\/product\/412883","targetHints":{"allow":["GET"]}}],"collection":[{"href":"https:\/\/www.avenuedesigncanada.com\/fr\/wp-json\/wp\/v2\/product"}],"about":[{"href":"https:\/\/www.avenuedesigncanada.com\/fr\/wp-json\/wp\/v2\/types\/product"}],"wp:featuredmedia":[{"embeddable":true,"href":"https:\/\/www.avenuedesigncanada.com\/fr\/wp-json\/wp\/v2\/media\/412650"}],"wp:attachment":[{"href":"https:\/\/www.avenuedesigncanada.com\/fr\/wp-json\/wp\/v2\/media?parent=412883"}],"wp:term":[{"taxonomy":"product_brand","embeddable":true,"href":"https:\/\/www.avenuedesigncanada.com\/fr\/wp-json\/wp\/v2\/product_brand?post=412883"},{"taxonomy":"product_cat","embeddable":true,"href":"https:\/\/www.avenuedesigncanada.com\/fr\/wp-json\/wp\/v2\/product_cat?post=412883"},{"taxonomy":"product_tag","embeddable":true,"href":"https:\/\/www.avenuedesigncanada.com\/fr\/wp-json\/wp\/v2\/product_tag?post=412883"}],"curies":[{"name":"wp","href":"https:\/\/api.w.org\/{rel}","templated":true}]}}