{"id":412889,"date":"2026-03-20T16:17:42","date_gmt":"2026-03-20T20:17:42","guid":{"rendered":"https:\/\/www.avenuedesigncanada.com\/product\/commode-mist\/"},"modified":"2026-03-20T16:19:33","modified_gmt":"2026-03-20T20:19:33","slug":"commode-mist","status":"publish","type":"product","link":"https:\/\/www.avenuedesigncanada.com\/fr\/product\/commode-mist\/","title":{"rendered":"Commode Mist"},"content":{"rendered":"<p><em>  La commode Mist pr\u00e9sente les caract\u00e9ristiques suivantes : <em><br \/>\n 6 tiroirs<\/p>\n<p>Plateau \u00e0 bijoux amovible en feutre noir dans les tiroirs sup\u00e9rieurs gauche et droit<\/p>\n<p>Bo\u00eetier en finition Mist<\/p>\n<p>Fa\u00e7ades de tiroirs en finition Haze<br \/>\nVous avez des questions sur ce produit ? Nos designers sont l\u00e0 pour vous aider. Appelez-nous au (514) 340-9351  <\/p>\n","protected":false},"excerpt":{"rendered":"<p>Ce meuble de rangement majestueux pr\u00e9sente un contraste discret gr\u00e2ce au m\u00e9lange de la lumi\u00e8re et de l&rsquo;obscurit\u00e9, avec une finition en ch\u00eane Mist Dresser associ\u00e9e \u00e0 des fa\u00e7ades de tiroirs Veil spectaculaires. D&rsquo;\u00e9l\u00e9gantes poign\u00e9es de tiroirs en or fum\u00e9 compl\u00e8tent cette pi\u00e8ce, offrant un vaste espace de rangement et un moment de sophistication texturale. <\/p>\n","protected":false},"featured_media":412502,"template":"","meta":{"_kad_blocks_custom_css":"","_kad_blocks_head_custom_js":"","_kad_blocks_body_custom_js":"","_kad_blocks_footer_custom_js":"","_kad_post_transparent":"","_kad_post_title":"","_kad_post_layout":"","_kad_post_sidebar_id":"","_kad_post_content_style":"","_kad_post_vertical_padding":"","_kad_post_feature":"","_kad_post_feature_position":"","_kad_post_header":false,"_kad_post_footer":false,"_kad_post_classname":""},"product_brand":[],"product_cat":[1298],"product_tag":[1513],"class_list":{"0":"post-412889","1":"product","2":"type-product","3":"status-publish","4":"has-post-thumbnail","6":"product_cat-commodes","7":"product_tag-paramount-fr","9":"first","10":"instock","11":"taxable","12":"shipping-taxable","13":"product-type-simple","14":"entry","15":"content-bg","16":"loop-entry"},"taxonomy_info":{"product_cat":[{"value":1298,"label":"Commodes"}],"product_tag":[{"value":1513,"label":"Paramount"}]},"featured_image_src_large":["https:\/\/www.avenuedesigncanada.com\/wp-content\/uploads\/2026\/03\/U560A040_VM4-1024x1024.jpg",1024,1024,true],"author_info":[],"comment_info":"","_links":{"self":[{"href":"https:\/\/www.avenuedesigncanada.com\/fr\/wp-json\/wp\/v2\/product\/412889","targetHints":{"allow":["GET"]}}],"collection":[{"href":"https:\/\/www.avenuedesigncanada.com\/fr\/wp-json\/wp\/v2\/product"}],"about":[{"href":"https:\/\/www.avenuedesigncanada.com\/fr\/wp-json\/wp\/v2\/types\/product"}],"wp:featuredmedia":[{"embeddable":true,"href":"https:\/\/www.avenuedesigncanada.com\/fr\/wp-json\/wp\/v2\/media\/412502"}],"wp:attachment":[{"href":"https:\/\/www.avenuedesigncanada.com\/fr\/wp-json\/wp\/v2\/media?parent=412889"}],"wp:term":[{"taxonomy":"product_brand","embeddable":true,"href":"https:\/\/www.avenuedesigncanada.com\/fr\/wp-json\/wp\/v2\/product_brand?post=412889"},{"taxonomy":"product_cat","embeddable":true,"href":"https:\/\/www.avenuedesigncanada.com\/fr\/wp-json\/wp\/v2\/product_cat?post=412889"},{"taxonomy":"product_tag","embeddable":true,"href":"https:\/\/www.avenuedesigncanada.com\/fr\/wp-json\/wp\/v2\/product_tag?post=412889"}],"curies":[{"name":"wp","href":"https:\/\/api.w.org\/{rel}","templated":true}]}}