{"id":412901,"date":"2026-03-20T16:17:59","date_gmt":"2026-03-20T20:17:59","guid":{"rendered":"https:\/\/www.avenuedesigncanada.com\/product\/credence-aurora\/"},"modified":"2026-03-20T16:19:41","modified_gmt":"2026-03-20T20:19:41","slug":"credence-aurora","status":"publish","type":"product","link":"https:\/\/www.avenuedesigncanada.com\/fr\/product\/credence-aurora\/","title":{"rendered":"Cr\u00e9dence Aurora"},"content":{"rendered":"<p><em>  La cr\u00e9dence Aurora pr\u00e9sente les caract\u00e9ristiques suivantes : <em><br \/>\n 4 portes<\/p>\n<p>2 \u00e9tag\u00e8res r\u00e9glables \u00e0 gauche, \u00e0 droite et au centre<\/p>\n<p>Barre d&rsquo;alimentation derri\u00e8re les portes centrales<\/p>\n<p>Gestion des fils<\/p>\n<p>Loquet magn\u00e9tique \u00e0 effleurement<\/p>\n<p>Coffret en ch\u00eane clair<\/p>\n<p>Portes en pierre sculpt\u00e9e<br \/>\nVous avez des questions sur ce produit ? Nos designers sont l\u00e0 pour vous aider. Appelez-nous au (514) 340-9351  <\/p>\n","protected":false},"excerpt":{"rendered":"<p>La cr\u00e9dence Aurora pr\u00e9sente un \u00e9l\u00e9ment textur\u00e9 \u00e0 couper le souffle avec ses fa\u00e7ades de portes en b\u00e9ton sculpt\u00e9, qui contrastent magnifiquement avec le meuble en ch\u00eane brumeux. Cette pi\u00e8ce importante offre un grand espace de rangement tout en mettant en valeur un jeu de mat\u00e9riaux organiques et architecturaux. <\/p>\n","protected":false},"featured_media":412590,"template":"","meta":{"_kad_blocks_custom_css":"","_kad_blocks_head_custom_js":"","_kad_blocks_body_custom_js":"","_kad_blocks_footer_custom_js":"","_kad_post_transparent":"","_kad_post_title":"","_kad_post_layout":"","_kad_post_sidebar_id":"","_kad_post_content_style":"","_kad_post_vertical_padding":"","_kad_post_feature":"","_kad_post_feature_position":"","_kad_post_header":false,"_kad_post_footer":false,"_kad_post_classname":""},"product_brand":[],"product_cat":[1303],"product_tag":[1513],"class_list":{"0":"post-412901","1":"product","2":"type-product","3":"status-publish","4":"has-post-thumbnail","6":"product_cat-buffets","7":"product_tag-paramount-fr","9":"first","10":"instock","11":"taxable","12":"shipping-taxable","13":"product-type-simple","14":"entry","15":"content-bg","16":"loop-entry"},"taxonomy_info":{"product_cat":[{"value":1303,"label":"Buffets"}],"product_tag":[{"value":1513,"label":"Paramount"}]},"featured_image_src_large":["https:\/\/www.avenuedesigncanada.com\/wp-content\/uploads\/2026\/03\/U560E967_VM-1024x1024.jpg",1024,1024,true],"author_info":[],"comment_info":"","_links":{"self":[{"href":"https:\/\/www.avenuedesigncanada.com\/fr\/wp-json\/wp\/v2\/product\/412901","targetHints":{"allow":["GET"]}}],"collection":[{"href":"https:\/\/www.avenuedesigncanada.com\/fr\/wp-json\/wp\/v2\/product"}],"about":[{"href":"https:\/\/www.avenuedesigncanada.com\/fr\/wp-json\/wp\/v2\/types\/product"}],"wp:featuredmedia":[{"embeddable":true,"href":"https:\/\/www.avenuedesigncanada.com\/fr\/wp-json\/wp\/v2\/media\/412590"}],"wp:attachment":[{"href":"https:\/\/www.avenuedesigncanada.com\/fr\/wp-json\/wp\/v2\/media?parent=412901"}],"wp:term":[{"taxonomy":"product_brand","embeddable":true,"href":"https:\/\/www.avenuedesigncanada.com\/fr\/wp-json\/wp\/v2\/product_brand?post=412901"},{"taxonomy":"product_cat","embeddable":true,"href":"https:\/\/www.avenuedesigncanada.com\/fr\/wp-json\/wp\/v2\/product_cat?post=412901"},{"taxonomy":"product_tag","embeddable":true,"href":"https:\/\/www.avenuedesigncanada.com\/fr\/wp-json\/wp\/v2\/product_tag?post=412901"}],"curies":[{"name":"wp","href":"https:\/\/api.w.org\/{rel}","templated":true}]}}