{"id":412902,"date":"2026-03-20T16:18:00","date_gmt":"2026-03-20T20:18:00","guid":{"rendered":"https:\/\/www.avenuedesigncanada.com\/product\/credence-mist\/"},"modified":"2026-03-20T16:19:42","modified_gmt":"2026-03-20T20:19:42","slug":"credence-mist","status":"publish","type":"product","link":"https:\/\/www.avenuedesigncanada.com\/fr\/product\/credence-mist\/","title":{"rendered":"Cr\u00e9dence Mist"},"content":{"rendered":"<p><em>  La cr\u00e9dence Mist pr\u00e9sente les caract\u00e9ristiques suivantes <em><br \/>\n 4 portes<\/p>\n<p>2 \u00e9tag\u00e8res r\u00e9glables \u00e0 gauche, \u00e0 droite et au centre<\/p>\n<p>Barre d&rsquo;alimentation derri\u00e8re les portes centrales<\/p>\n<p>Gestion des fils<\/p>\n<p>Loquet magn\u00e9tique \u00e0 effleurement<\/p>\n<p>Finition brumeuse de l&rsquo;\u00e9tui<\/p>\n<p>Finition de la porte Haze<\/p>\n<p>Finition des pieds en or fum\u00e9<br \/>\nVous avez des questions sur ce produit ? Nos designers sont l\u00e0 pour vous aider. Appelez-nous au (514) 340-9351  <\/p>\n","protected":false},"excerpt":{"rendered":"<p>La cr\u00e9dence Mist est une vaste armoire \u00e0 quatre portes finie en ch\u00eane Mist clair avec des fa\u00e7ades de portes en noyer Haze figur\u00e9. La conception r\u00e9fl\u00e9chie de la cr\u00e9dence Mist comprend une barre d&rsquo;alimentation et de nombreuses d\u00e9coupes pour la gestion des c\u00e2bles. <\/p>\n","protected":false},"featured_media":412750,"template":"","meta":{"_kad_blocks_custom_css":"","_kad_blocks_head_custom_js":"","_kad_blocks_body_custom_js":"","_kad_blocks_footer_custom_js":"","_kad_post_transparent":"","_kad_post_title":"","_kad_post_layout":"","_kad_post_sidebar_id":"","_kad_post_content_style":"","_kad_post_vertical_padding":"","_kad_post_feature":"","_kad_post_feature_position":"","_kad_post_header":false,"_kad_post_footer":false,"_kad_post_classname":""},"product_brand":[],"product_cat":[1303],"product_tag":[1513],"class_list":{"0":"post-412902","1":"product","2":"type-product","3":"status-publish","4":"has-post-thumbnail","6":"product_cat-buffets","7":"product_tag-paramount-fr","9":"first","10":"instock","11":"taxable","12":"shipping-taxable","13":"product-type-simple","14":"entry","15":"content-bg","16":"loop-entry"},"taxonomy_info":{"product_cat":[{"value":1303,"label":"Buffets"}],"product_tag":[{"value":1513,"label":"Paramount"}]},"featured_image_src_large":["https:\/\/www.avenuedesigncanada.com\/wp-content\/uploads\/2026\/03\/U560A678_VM4-1024x1024.jpg",1024,1024,true],"author_info":[],"comment_info":"","_links":{"self":[{"href":"https:\/\/www.avenuedesigncanada.com\/fr\/wp-json\/wp\/v2\/product\/412902","targetHints":{"allow":["GET"]}}],"collection":[{"href":"https:\/\/www.avenuedesigncanada.com\/fr\/wp-json\/wp\/v2\/product"}],"about":[{"href":"https:\/\/www.avenuedesigncanada.com\/fr\/wp-json\/wp\/v2\/types\/product"}],"wp:featuredmedia":[{"embeddable":true,"href":"https:\/\/www.avenuedesigncanada.com\/fr\/wp-json\/wp\/v2\/media\/412750"}],"wp:attachment":[{"href":"https:\/\/www.avenuedesigncanada.com\/fr\/wp-json\/wp\/v2\/media?parent=412902"}],"wp:term":[{"taxonomy":"product_brand","embeddable":true,"href":"https:\/\/www.avenuedesigncanada.com\/fr\/wp-json\/wp\/v2\/product_brand?post=412902"},{"taxonomy":"product_cat","embeddable":true,"href":"https:\/\/www.avenuedesigncanada.com\/fr\/wp-json\/wp\/v2\/product_cat?post=412902"},{"taxonomy":"product_tag","embeddable":true,"href":"https:\/\/www.avenuedesigncanada.com\/fr\/wp-json\/wp\/v2\/product_tag?post=412902"}],"curies":[{"name":"wp","href":"https:\/\/api.w.org\/{rel}","templated":true}]}}