{"id":413211,"date":"2026-03-20T21:46:50","date_gmt":"2026-03-21T01:46:50","guid":{"rendered":"https:\/\/www.avenuedesigncanada.com\/product\/coffre-cosmo\/"},"modified":"2026-03-20T21:49:00","modified_gmt":"2026-03-21T01:49:00","slug":"coffre-cosmo","status":"publish","type":"product","link":"https:\/\/www.avenuedesigncanada.com\/fr\/product\/coffre-cosmo\/","title":{"rendered":"Coffre Cosmo"},"content":{"rendered":"<p><em>  Le coffre Cosmo pr\u00e9sente les caract\u00e9ristiques suivantes : <em><br \/>\n 2 \u00e9tag\u00e8res r\u00e9glables<\/p>\n<p>Portes en pyrite<\/p>\n<p>Finition du bo\u00eetier en noir mat<\/p>\n<p>Gestion des fils<br \/>\nVous avez des questions sur ce produit ? Nos concepteurs sont l\u00e0 pour vous aider. Appelez-nous au (514) 340-9351  <\/p>\n","protected":false},"excerpt":{"rendered":"<p>La commode Cosmo est une commode spectaculaire \u00e0 deux portes dont le corps et les portes sont peints en noir mat et recouverts d&rsquo;une texture de pyrite scintillante. Le coffre Cosmo comporte des d\u00e9coupes pour la gestion des c\u00e2bles, ce qui en fait une pi\u00e8ce fonctionnelle pour le rangement des m\u00e9dias. <\/p>\n","protected":false},"featured_media":412986,"template":"","meta":{"_kad_blocks_custom_css":"","_kad_blocks_head_custom_js":"","_kad_blocks_body_custom_js":"","_kad_blocks_footer_custom_js":"","_kad_post_transparent":"","_kad_post_title":"","_kad_post_layout":"","_kad_post_sidebar_id":"","_kad_post_content_style":"","_kad_post_vertical_padding":"","_kad_post_feature":"","_kad_post_feature_position":"","_kad_post_header":false,"_kad_post_footer":false,"_kad_post_classname":""},"product_brand":[],"product_cat":[1322],"product_tag":[1513],"class_list":{"0":"post-413211","1":"product","2":"type-product","3":"status-publish","4":"has-post-thumbnail","6":"product_cat-meubles-dappoint","7":"product_tag-paramount-fr","9":"first","10":"instock","11":"taxable","12":"shipping-taxable","13":"product-type-simple","14":"entry","15":"content-bg","16":"loop-entry"},"taxonomy_info":{"product_cat":[{"value":1322,"label":"Meubles d'appoint"}],"product_tag":[{"value":1513,"label":"Paramount"}]},"featured_image_src_large":["https:\/\/www.avenuedesigncanada.com\/wp-content\/uploads\/2026\/03\/U560846_VM-1024x1024.jpg",1024,1024,true],"author_info":[],"comment_info":"","_links":{"self":[{"href":"https:\/\/www.avenuedesigncanada.com\/fr\/wp-json\/wp\/v2\/product\/413211","targetHints":{"allow":["GET"]}}],"collection":[{"href":"https:\/\/www.avenuedesigncanada.com\/fr\/wp-json\/wp\/v2\/product"}],"about":[{"href":"https:\/\/www.avenuedesigncanada.com\/fr\/wp-json\/wp\/v2\/types\/product"}],"wp:featuredmedia":[{"embeddable":true,"href":"https:\/\/www.avenuedesigncanada.com\/fr\/wp-json\/wp\/v2\/media\/412986"}],"wp:attachment":[{"href":"https:\/\/www.avenuedesigncanada.com\/fr\/wp-json\/wp\/v2\/media?parent=413211"}],"wp:term":[{"taxonomy":"product_brand","embeddable":true,"href":"https:\/\/www.avenuedesigncanada.com\/fr\/wp-json\/wp\/v2\/product_brand?post=413211"},{"taxonomy":"product_cat","embeddable":true,"href":"https:\/\/www.avenuedesigncanada.com\/fr\/wp-json\/wp\/v2\/product_cat?post=413211"},{"taxonomy":"product_tag","embeddable":true,"href":"https:\/\/www.avenuedesigncanada.com\/fr\/wp-json\/wp\/v2\/product_tag?post=413211"}],"curies":[{"name":"wp","href":"https:\/\/api.w.org\/{rel}","templated":true}]}}