{"id":413218,"date":"2026-03-20T21:46:56","date_gmt":"2026-03-21T01:46:56","guid":{"rendered":"https:\/\/www.avenuedesigncanada.com\/product\/table-a-manger-haze\/"},"modified":"2026-03-20T21:49:05","modified_gmt":"2026-03-21T01:49:05","slug":"table-a-manger-haze","status":"publish","type":"product","link":"https:\/\/www.avenuedesigncanada.com\/fr\/product\/table-a-manger-haze\/","title":{"rendered":"Table \u00e0 manger Haze"},"content":{"rendered":"<p><em>  La table \u00e0 manger Mist pr\u00e9sente les caract\u00e9ristiques suivantes : <em><br \/>\n Deux feuilles de 18&Prime;, s&rsquo;\u00e9tendent jusqu&rsquo;\u00e0 122&Prime;.<\/p>\n<p>Top en finition Haze<\/p>\n<p>Pieds en m\u00e9tal dor\u00e9 fum\u00e9<br \/>\nVous avez des questions sur ce produit ? Nos designers sont l\u00e0 pour vous aider. Appelez-nous au (514) 340-9351  <\/p>\n","protected":false},"excerpt":{"rendered":"<p>Con\u00e7ue pour les h\u00f4tes qui attirent l&rsquo;attention, la table de salle \u00e0 manger Haze pr\u00e9sente une finition spectaculaire en noyer Haze accentu\u00e9e par de subtils pieds en m\u00e9tal Smoked Gold. Cette pi\u00e8ce sophistiqu\u00e9e s&rsquo;agrandit sans effort gr\u00e2ce \u00e0 deux plateaux qui se rangent d&rsquo;eux-m\u00eames, ce qui permet d&rsquo;avoir de la place pour toutes les occasions intimes. <\/p>\n","protected":false},"featured_media":412817,"template":"","meta":{"_kad_blocks_custom_css":"","_kad_blocks_head_custom_js":"","_kad_blocks_body_custom_js":"","_kad_blocks_footer_custom_js":"","_kad_post_transparent":"","_kad_post_title":"","_kad_post_layout":"","_kad_post_sidebar_id":"","_kad_post_content_style":"","_kad_post_vertical_padding":"","_kad_post_feature":"","_kad_post_feature_position":"","_kad_post_header":false,"_kad_post_footer":false,"_kad_post_classname":""},"product_brand":[],"product_cat":[1306],"product_tag":[1513],"class_list":{"0":"post-413218","1":"product","2":"type-product","3":"status-publish","4":"has-post-thumbnail","6":"product_cat-tables-de-salle-a-manger","7":"product_tag-paramount-fr","9":"first","10":"instock","11":"taxable","12":"shipping-taxable","13":"product-type-simple","14":"entry","15":"content-bg","16":"loop-entry"},"taxonomy_info":{"product_cat":[{"value":1306,"label":"Tables"}],"product_tag":[{"value":1513,"label":"Paramount"}]},"featured_image_src_large":["https:\/\/www.avenuedesigncanada.com\/wp-content\/uploads\/2026\/03\/U560C653_VM3-1024x1024.jpg",1024,1024,true],"author_info":[],"comment_info":"","_links":{"self":[{"href":"https:\/\/www.avenuedesigncanada.com\/fr\/wp-json\/wp\/v2\/product\/413218","targetHints":{"allow":["GET"]}}],"collection":[{"href":"https:\/\/www.avenuedesigncanada.com\/fr\/wp-json\/wp\/v2\/product"}],"about":[{"href":"https:\/\/www.avenuedesigncanada.com\/fr\/wp-json\/wp\/v2\/types\/product"}],"wp:featuredmedia":[{"embeddable":true,"href":"https:\/\/www.avenuedesigncanada.com\/fr\/wp-json\/wp\/v2\/media\/412817"}],"wp:attachment":[{"href":"https:\/\/www.avenuedesigncanada.com\/fr\/wp-json\/wp\/v2\/media?parent=413218"}],"wp:term":[{"taxonomy":"product_brand","embeddable":true,"href":"https:\/\/www.avenuedesigncanada.com\/fr\/wp-json\/wp\/v2\/product_brand?post=413218"},{"taxonomy":"product_cat","embeddable":true,"href":"https:\/\/www.avenuedesigncanada.com\/fr\/wp-json\/wp\/v2\/product_cat?post=413218"},{"taxonomy":"product_tag","embeddable":true,"href":"https:\/\/www.avenuedesigncanada.com\/fr\/wp-json\/wp\/v2\/product_tag?post=413218"}],"curies":[{"name":"wp","href":"https:\/\/api.w.org\/{rel}","templated":true}]}}