{"id":413223,"date":"2026-03-20T21:47:09","date_gmt":"2026-03-21T01:47:09","guid":{"rendered":"https:\/\/www.avenuedesigncanada.com\/product\/credence-blossom-chene-fonce\/"},"modified":"2026-03-20T21:49:11","modified_gmt":"2026-03-21T01:49:11","slug":"credence-blossom-chene-fonce","status":"publish","type":"product","link":"https:\/\/www.avenuedesigncanada.com\/fr\/product\/credence-blossom-chene-fonce\/","title":{"rendered":"Cr\u00e9dence Blossom &#8211; Ch\u00eane fonc\u00e9"},"content":{"rendered":"<p><em>  La cr\u00e9dence Blossom pr\u00e9sente les caract\u00e9ristiques suivantes : <em><br \/>\n 4 portes<\/p>\n<p>2 \u00e9tag\u00e8res r\u00e9glables \u00e0 gauche, \u00e0 droite et au centre<\/p>\n<p>Barre d&rsquo;alimentation derri\u00e8re les portes centrales<\/p>\n<p>Gestion des fils<\/p>\n<p>Loquet magn\u00e9tique \u00e0 effleurement<\/p>\n<p>Coffret en ch\u00eane fonc\u00e9<\/p>\n<p>Cuir marron p\u00e9tales sur portes<br \/>\nVous avez des questions sur ce produit ? Nos designers sont l\u00e0 pour vous aider. Appelez-nous au (514) 340-9351  <\/p>\n","protected":false},"excerpt":{"rendered":"<p>La cr\u00e9dence Blossom en ch\u00eane fonc\u00e9 est une vaste armoire dot\u00e9e de quatre portes recouvertes de p\u00e9tales d\u00e9coratifs en cuir brun. Cette pi\u00e8ce comprend une gestion \u00e9tendue des fils et une barre d&rsquo;alimentation, fusionnant les d\u00e9tails artistiques avec une grande fonctionnalit\u00e9. <\/p>\n","protected":false},"featured_media":412821,"template":"","meta":{"_kad_blocks_custom_css":"","_kad_blocks_head_custom_js":"","_kad_blocks_body_custom_js":"","_kad_blocks_footer_custom_js":"","_kad_post_transparent":"","_kad_post_title":"","_kad_post_layout":"","_kad_post_sidebar_id":"","_kad_post_content_style":"","_kad_post_vertical_padding":"","_kad_post_feature":"","_kad_post_feature_position":"","_kad_post_header":false,"_kad_post_footer":false,"_kad_post_classname":""},"product_brand":[],"product_cat":[1303],"product_tag":[1513],"class_list":{"0":"post-413223","1":"product","2":"type-product","3":"status-publish","4":"has-post-thumbnail","6":"product_cat-buffets","7":"product_tag-paramount-fr","9":"first","10":"instock","11":"taxable","12":"shipping-taxable","13":"product-type-simple","14":"entry","15":"content-bg","16":"loop-entry"},"taxonomy_info":{"product_cat":[{"value":1303,"label":"Buffets"}],"product_tag":[{"value":1513,"label":"Paramount"}]},"featured_image_src_large":["https:\/\/www.avenuedesigncanada.com\/wp-content\/uploads\/2026\/03\/U560D966_VM-1024x1024.jpg",1024,1024,true],"author_info":[],"comment_info":"","_links":{"self":[{"href":"https:\/\/www.avenuedesigncanada.com\/fr\/wp-json\/wp\/v2\/product\/413223","targetHints":{"allow":["GET"]}}],"collection":[{"href":"https:\/\/www.avenuedesigncanada.com\/fr\/wp-json\/wp\/v2\/product"}],"about":[{"href":"https:\/\/www.avenuedesigncanada.com\/fr\/wp-json\/wp\/v2\/types\/product"}],"wp:featuredmedia":[{"embeddable":true,"href":"https:\/\/www.avenuedesigncanada.com\/fr\/wp-json\/wp\/v2\/media\/412821"}],"wp:attachment":[{"href":"https:\/\/www.avenuedesigncanada.com\/fr\/wp-json\/wp\/v2\/media?parent=413223"}],"wp:term":[{"taxonomy":"product_brand","embeddable":true,"href":"https:\/\/www.avenuedesigncanada.com\/fr\/wp-json\/wp\/v2\/product_brand?post=413223"},{"taxonomy":"product_cat","embeddable":true,"href":"https:\/\/www.avenuedesigncanada.com\/fr\/wp-json\/wp\/v2\/product_cat?post=413223"},{"taxonomy":"product_tag","embeddable":true,"href":"https:\/\/www.avenuedesigncanada.com\/fr\/wp-json\/wp\/v2\/product_tag?post=413223"}],"curies":[{"name":"wp","href":"https:\/\/api.w.org\/{rel}","templated":true}]}}