{"id":413230,"date":"2026-03-20T21:47:16","date_gmt":"2026-03-21T01:47:16","guid":{"rendered":"https:\/\/www.avenuedesigncanada.com\/product\/credence-nova\/"},"modified":"2026-03-20T21:49:15","modified_gmt":"2026-03-21T01:49:15","slug":"credence-nova","status":"publish","type":"product","link":"https:\/\/www.avenuedesigncanada.com\/fr\/product\/credence-nova\/","title":{"rendered":"Cr\u00e9dence Nova"},"content":{"rendered":"<p><em>  La cr\u00e9dence Nova pr\u00e9sente les caract\u00e9ristiques suivantes : <em><br \/>\n 4 portes<\/p>\n<p>2 \u00e9tag\u00e8res r\u00e9glables \u00e0 gauche, \u00e0 droite et au centre<\/p>\n<p>Barre d&rsquo;alimentation derri\u00e8re les portes centrales<\/p>\n<p>Gestion des fils<\/p>\n<p>Loquet magn\u00e9tique \u00e0 effleurement<\/p>\n<p>Finition ch\u00eane fonc\u00e9<\/p>\n<p>Finition de porte or fum\u00e9<br \/>\nVous avez des questions sur ce produit ? Nos designers sont l\u00e0 pour vous aider. Appelez-nous au (514) 340-9351  <\/p>\n","protected":false},"excerpt":{"rendered":"<p>La vaste cr\u00e9dence Nova est d\u00e9finie par ses fa\u00e7ades de porte artistiquement grav\u00e9es \u00e0 l&rsquo;acide qui cr\u00e9ent un motif lin\u00e9aire dramatique et continu sur l&rsquo;ensemble de la caisse. Finie en riche ch\u00eane fonc\u00e9, cette pi\u00e8ce offre un \u00e9quilibre exceptionnel entre une pr\u00e9sence puissante et un rangement \u00e9l\u00e9gant pour les m\u00e9dias ou les \u00e9l\u00e9ments essentiels de la salle \u00e0 manger. <\/p>\n","protected":false},"featured_media":412831,"template":"","meta":{"_kad_blocks_custom_css":"","_kad_blocks_head_custom_js":"","_kad_blocks_body_custom_js":"","_kad_blocks_footer_custom_js":"","_kad_post_transparent":"","_kad_post_title":"","_kad_post_layout":"","_kad_post_sidebar_id":"","_kad_post_content_style":"","_kad_post_vertical_padding":"","_kad_post_feature":"","_kad_post_feature_position":"","_kad_post_header":false,"_kad_post_footer":false,"_kad_post_classname":""},"product_brand":[],"product_cat":[1303],"product_tag":[1513],"class_list":{"0":"post-413230","1":"product","2":"type-product","3":"status-publish","4":"has-post-thumbnail","6":"product_cat-buffets","7":"product_tag-paramount-fr","9":"first","10":"instock","11":"taxable","12":"shipping-taxable","13":"product-type-simple","14":"entry","15":"content-bg","16":"loop-entry"},"taxonomy_info":{"product_cat":[{"value":1303,"label":"Buffets"}],"product_tag":[{"value":1513,"label":"Paramount"}]},"featured_image_src_large":["https:\/\/www.avenuedesigncanada.com\/wp-content\/uploads\/2026\/03\/U560D968_VM-1024x1024.jpg",1024,1024,true],"author_info":[],"comment_info":"","_links":{"self":[{"href":"https:\/\/www.avenuedesigncanada.com\/fr\/wp-json\/wp\/v2\/product\/413230","targetHints":{"allow":["GET"]}}],"collection":[{"href":"https:\/\/www.avenuedesigncanada.com\/fr\/wp-json\/wp\/v2\/product"}],"about":[{"href":"https:\/\/www.avenuedesigncanada.com\/fr\/wp-json\/wp\/v2\/types\/product"}],"wp:featuredmedia":[{"embeddable":true,"href":"https:\/\/www.avenuedesigncanada.com\/fr\/wp-json\/wp\/v2\/media\/412831"}],"wp:attachment":[{"href":"https:\/\/www.avenuedesigncanada.com\/fr\/wp-json\/wp\/v2\/media?parent=413230"}],"wp:term":[{"taxonomy":"product_brand","embeddable":true,"href":"https:\/\/www.avenuedesigncanada.com\/fr\/wp-json\/wp\/v2\/product_brand?post=413230"},{"taxonomy":"product_cat","embeddable":true,"href":"https:\/\/www.avenuedesigncanada.com\/fr\/wp-json\/wp\/v2\/product_cat?post=413230"},{"taxonomy":"product_tag","embeddable":true,"href":"https:\/\/www.avenuedesigncanada.com\/fr\/wp-json\/wp\/v2\/product_tag?post=413230"}],"curies":[{"name":"wp","href":"https:\/\/api.w.org\/{rel}","templated":true}]}}