{"id":413231,"date":"2026-03-20T21:47:18","date_gmt":"2026-03-21T01:47:18","guid":{"rendered":"https:\/\/www.avenuedesigncanada.com\/product\/vitrine-veil\/"},"modified":"2026-03-20T21:49:18","modified_gmt":"2026-03-21T01:49:18","slug":"vitrine-veil","status":"publish","type":"product","link":"https:\/\/www.avenuedesigncanada.com\/fr\/product\/vitrine-veil\/","title":{"rendered":"Vitrine Veil"},"content":{"rendered":"<p><em>  La vitrine Veil pr\u00e9sente les caract\u00e9ristiques suivantes : <em><br \/>\n 3 \u00e9tag\u00e8res r\u00e9glables<\/p>\n<p>1 \u00e9tag\u00e8re fixe<\/p>\n<p>Bande lumineuse LED<\/p>\n<p>Bo\u00eetier en finition Veil<\/p>\n<p>Portes m\u00e9talliques Smoked Gold<br \/>\nVous avez des questions sur ce produit ? Nos designers sont l\u00e0 pour vous aider. Appelez-nous au (514) 340-9351  <\/p>\n","protected":false},"excerpt":{"rendered":"<p>La majestueuse vitrine Veil est une vitrine sophistiqu\u00e9e, permettant \u00e0 la lumi\u00e8re de jouer \u00e0 travers la profonde finition Veil en ch\u00eane et les accents Smoked Gold. Un panneau arri\u00e8re contrast\u00e9 en finition Haze offre une riche toile de fond pour mettre en valeur vos objets les plus pr\u00e9cieux avec une profondeur luxueuse. <\/p>\n","protected":false},"featured_media":412948,"template":"","meta":{"_kad_blocks_custom_css":"","_kad_blocks_head_custom_js":"","_kad_blocks_body_custom_js":"","_kad_blocks_footer_custom_js":"","_kad_post_transparent":"","_kad_post_title":"","_kad_post_layout":"","_kad_post_sidebar_id":"","_kad_post_content_style":"","_kad_post_vertical_padding":"","_kad_post_feature":"","_kad_post_feature_position":"","_kad_post_header":false,"_kad_post_footer":false,"_kad_post_classname":""},"product_brand":[],"product_cat":[1309],"product_tag":[1513],"class_list":{"0":"post-413231","1":"product","2":"type-product","3":"status-publish","4":"has-post-thumbnail","6":"product_cat-rangement-fr","7":"product_tag-paramount-fr","9":"first","10":"instock","11":"taxable","12":"shipping-taxable","13":"product-type-simple","14":"entry","15":"content-bg","16":"loop-entry"},"taxonomy_info":{"product_cat":[{"value":1309,"label":"Rangement"}],"product_tag":[{"value":1513,"label":"Paramount"}]},"featured_image_src_large":["https:\/\/www.avenuedesigncanada.com\/wp-content\/uploads\/2026\/03\/U560675_VM5-1024x1024.jpg",1024,1024,true],"author_info":[],"comment_info":"","_links":{"self":[{"href":"https:\/\/www.avenuedesigncanada.com\/fr\/wp-json\/wp\/v2\/product\/413231","targetHints":{"allow":["GET"]}}],"collection":[{"href":"https:\/\/www.avenuedesigncanada.com\/fr\/wp-json\/wp\/v2\/product"}],"about":[{"href":"https:\/\/www.avenuedesigncanada.com\/fr\/wp-json\/wp\/v2\/types\/product"}],"wp:featuredmedia":[{"embeddable":true,"href":"https:\/\/www.avenuedesigncanada.com\/fr\/wp-json\/wp\/v2\/media\/412948"}],"wp:attachment":[{"href":"https:\/\/www.avenuedesigncanada.com\/fr\/wp-json\/wp\/v2\/media?parent=413231"}],"wp:term":[{"taxonomy":"product_brand","embeddable":true,"href":"https:\/\/www.avenuedesigncanada.com\/fr\/wp-json\/wp\/v2\/product_brand?post=413231"},{"taxonomy":"product_cat","embeddable":true,"href":"https:\/\/www.avenuedesigncanada.com\/fr\/wp-json\/wp\/v2\/product_cat?post=413231"},{"taxonomy":"product_tag","embeddable":true,"href":"https:\/\/www.avenuedesigncanada.com\/fr\/wp-json\/wp\/v2\/product_tag?post=413231"}],"curies":[{"name":"wp","href":"https:\/\/api.w.org\/{rel}","templated":true}]}}